{"id":560,"date":"2017-01-16T01:15:12","date_gmt":"2017-01-16T01:15:12","guid":{"rendered":"http:\/\/www.pravnapomoc.org\/?page_id=560\/"},"modified":"2024-04-18T09:55:24","modified_gmt":"2024-04-18T08:55:24","slug":"galerija","status":"publish","type":"page","link":"https:\/\/pravnapomoc.org\/lat\/galerija\/","title":{"rendered":"Galerija"},"content":{"rendered":"<p>[vc_row css_animation=&#8221;&#8221; row_type=&#8221;row&#8221; use_row_as_full_screen_section=&#8221;no&#8221; type=&#8221;grid&#8221; angled_section=&#8221;no&#8221; text_align=&#8221;center&#8221; background_image_as_pattern=&#8221;without_pattern&#8221; padding_top=&#8221;80&#8243; padding_bottom=&#8221;80&#8243; el_class=&#8221;gallery-box&#8221;][vc_column width=&#8221;1\/2&#8243;][vc_gallery type=&#8221;flexslider_slide&#8221; interval=&#8221;10&#8243; images=&#8221;3668,3665,3662,3659,3656,3653,3650,3647,3644,3641,3638,3635,3632,3629,3626,3623,3620,3617,3614,3611,3608,3605,3602&#8243; img_size=&#8221;1200&#215;800&#8243;][vc_column_text]<\/p>\n<h2>Panel disukusija &#8220;Strate\u0161ki normativni okvir za regulisanje imovinskih prava na Kosovu*&#8221; &#8211; 28. novembar 2018, Beograd<\/h2>\n<p>[\/vc_column_text][\/vc_column][vc_column width=&#8221;1\/2&#8243;][vc_gallery type=&#8221;flexslider_slide&#8221; interval=&#8221;10&#8243; images=&#8221;3767,3770,3773,3776,3779,3782,3785,3788,3791,3794,3755,3752,3749,3746,3743,3740,3737,3734,3731,3728,3725,3722,3719,3716,3713,3710,3707,3704,3701,3698,3695,3692,3689,3686,3683,3680,3677,3674&#8243; img_size=&#8221;1200&#215;800&#8243;][vc_column_text]<\/p>\n<h2>Panel diskusija &#8220;Pristup pravdi&#8221; &#8211; 19. februar 2018, Beograd<\/h2>\n<h2><\/h2>\n<p>[\/vc_column_text][\/vc_column][\/vc_row][vc_row css_animation=&#8221;&#8221; row_type=&#8221;row&#8221; use_row_as_full_screen_section=&#8221;no&#8221; type=&#8221;grid&#8221; angled_section=&#8221;no&#8221; text_align=&#8221;center&#8221; background_image_as_pattern=&#8221;without_pattern&#8221; padding_top=&#8221;80&#8243; padding_bottom=&#8221;80&#8243; el_class=&#8221;gallery-box&#8221;][vc_column width=&#8221;1\/2&#8243;][vc_gallery type=&#8221;flexslider_slide&#8221; interval=&#8221;10&#8243; images=&#8221;3418,3415,3412,3409,3406,3385,3382,3379,3376,3373,3370&#8243; img_size=&#8221;1200&#215;800&#8243;][vc_column_text]<\/p>\n<h2>Trening interne i eksterne komunikacije za pripravnike- 26-27.10.2017, Zlatibor<\/h2>\n<p>[\/vc_column_text][\/vc_column][vc_column width=&#8221;1\/2&#8243;][vc_gallery type=&#8221;flexslider_slide&#8221; interval=&#8221;10&#8243; images=&#8221;3493,3490,3487,3484,3481,3478,3475,3472,3469,3466,3463,3460,3457,3454,3451,3448,3445,3442,3439,3436,3433,3430,3427,3424,3421&#8243; img_size=&#8221;1200&#215;800&#8243;][vc_column_text]<\/p>\n<h2>Trening za pripravnike<\/h2>\n<h2>14-17.11.2017.<\/h2>\n<p>[\/vc_column_text][\/vc_column][\/vc_row][vc_row css_animation=&#8221;&#8221; row_type=&#8221;row&#8221; use_row_as_full_screen_section=&#8221;no&#8221; type=&#8221;grid&#8221; angled_section=&#8221;no&#8221; text_align=&#8221;center&#8221; background_image_as_pattern=&#8221;without_pattern&#8221; padding_top=&#8221;80&#8243; padding_bottom=&#8221;80&#8243; el_class=&#8221;gallery-box&#8221;][vc_column width=&#8221;1\/2&#8243;][vc_gallery type=&#8221;flexslider_slide&#8221; interval=&#8221;10&#8243; images=&#8221;3251,3248,3245,3239,3236,3233,3230,3227,3224,3221,3218,3215,3212,3209,3206,3203,3200,3194,3191,3188,3185,3182,3179,3176,3173,3170&#8243; img_size=&#8221;1200&#215;800&#8243;][vc_column_text]<\/p>\n<h2>Panel diskucija &#8220;Posledice zakonskih re\u0161enja Pri\u0161tine po re\u0161avanju pitanja imovine IRL&#8221;- 29.09.2017.<\/h2>\n<p>[\/vc_column_text][\/vc_column][vc_column width=&#8221;1\/2&#8243;][vc_gallery type=&#8221;flexslider_slide&#8221; interval=&#8221;10&#8243; images=&#8221;3257,3329,3326,3323,3320,3317,3314,3311,3308,3305,3302,3299,3296,3293,3290,3287,3284,3281,3278,3275,3272,3269,3266,3263,3260&#8243; img_size=&#8221;1200&#215;800&#8243;][vc_column_text]<\/p>\n<h2>Trening za pripravnike<\/h2>\n<h2>17-20.10.2017.<\/h2>\n<p>[\/vc_column_text][\/vc_column][\/vc_row][vc_row css_animation=&#8221;&#8221; row_type=&#8221;row&#8221; use_row_as_full_screen_section=&#8221;no&#8221; type=&#8221;grid&#8221; angled_section=&#8221;no&#8221; text_align=&#8221;center&#8221; background_image_as_pattern=&#8221;without_pattern&#8221; padding_top=&#8221;80&#8243; padding_bottom=&#8221;80&#8243; el_class=&#8221;gallery-box&#8221;][vc_column width=&#8221;1\/2&#8243;][vc_gallery type=&#8221;flexslider_slide&#8221; interval=&#8221;10&#8243; images=&#8221;3128,3125,3122,3119,3116,3113,3110,3107,3104,3101,3098,3095,3092,3089,3086,3083,3080,3077,3074,3071,3068&#8243; img_size=&#8221;1200&#215;800&#8243;][vc_column_text]<\/p>\n<h2>Trening interne i eksterne komunikacije za starije i mla\u0111e pravne savetnike &#8211; 07-09.09.2017. Zlatibor\u201d<\/h2>\n<p>[\/vc_column_text][\/vc_column][vc_column width=&#8221;1\/2&#8243;][vc_gallery type=&#8221;flexslider_slide&#8221; interval=&#8221;10&#8243; images=&#8221;3158,3155,3152,3149,3146,3143,3140,3137,3134,3131&#8243; img_size=&#8221;1200&#215;800&#8243;][vc_column_text]<\/p>\n<h2>Trening za pripravnike<\/h2>\n<h2>12-15.09.2017.<\/h2>\n<p>[\/vc_column_text][\/vc_column][\/vc_row][vc_row css_animation=&#8221;&#8221; row_type=&#8221;row&#8221; use_row_as_full_screen_section=&#8221;no&#8221; type=&#8221;grid&#8221; angled_section=&#8221;no&#8221; text_align=&#8221;center&#8221; background_image_as_pattern=&#8221;without_pattern&#8221; padding_top=&#8221;80&#8243; padding_bottom=&#8221;80&#8243; el_class=&#8221;gallery-box&#8221;][vc_column width=&#8221;1\/2&#8243;][vc_gallery type=&#8221;flexslider_slide&#8221; interval=&#8221;10&#8243; images=&#8221;2015,2018,2021,2024,2027,2030,2036,2055,2058,2061,2064,2067,2070,2073,2076,2079,2082,2085,2088,2091,2094,2097,2100,2103,2106,2109,2112,2115,2118,2121,2124,2127,2130,2133,2136,2139,2142,2145,2148,2151,2154,2157,2160,2163,2166,2169,2172,2175,2178,2181,2184&#8243; img_size=&#8221;1200&#215;800&#8243;][vc_column_text]<\/p>\n<h2>Panel diskusija \u201cNezakonite transakcije imovine\u201d<\/h2>\n<p>[\/vc_column_text][\/vc_column][vc_column width=&#8221;1\/2&#8243;][vc_column_text]<\/p>\n<h2>Trening za pripravnike<\/h2>\n<h2>12-14.07.2017.<\/h2>\n<p>[\/vc_column_text][vc_gallery type=&#8221;flexslider_slide&#8221; interval=&#8221;10&#8243; images=&#8221;2406,2403,2400,2397,2394,2391,2388,2385,2382,2379,2376,2373,2370,2367,2364,2361,2358,2353,2350,2347,2344,2341,2338,2335,2332,2329,2326,2323&#8243; img_size=&#8221;1200&#215;800&#8243;][\/vc_column][\/vc_row][vc_row css_animation=&#8221;&#8221; row_type=&#8221;row&#8221; use_row_as_full_screen_section=&#8221;no&#8221; type=&#8221;grid&#8221; angled_section=&#8221;no&#8221; text_align=&#8221;center&#8221; background_image_as_pattern=&#8221;without_pattern&#8221; padding_top=&#8221;80&#8243; padding_bottom=&#8221;80&#8243; el_class=&#8221;gallery-box&#8221;][vc_column width=&#8221;1\/2&#8243;][vc_gallery type=&#8221;flexslider_slide&#8221; interval=&#8221;10&#8243; images=&#8221;1839,1768,1765,1762,1741,1738,1735,1723,1720,1717,1714,1711,1836,1833,1830,1827,1824,1821,1817,1814,1811,1808,1805,1802,1799,1796,1793,1789,1786,1783,1780,1777,1774,1771,1759,1756,1753,1750,1747,1744,1732,1729,1726&#8243; img_size=&#8221;1200&#215;800&#8243;][vc_column_text]<\/p>\n<h2>Panel diskusija \u201cUni\u0161tena i o\u0161te\u0107ena imovina IRL sa Kosova i Metohije\u201d<\/h2>\n<p>[\/vc_column_text][\/vc_column][vc_column width=&#8221;1\/2&#8243;][vc_gallery type=&#8221;flexslider_slide&#8221; interval=&#8221;10&#8243; images=&#8221;1492,1498,1495,1489,1486,1483&#8243; img_size=&#8221;1200&#215;800&#8243;][vc_column_text]<\/p>\n<h2>Trening za pripravnike<\/h2>\n<h2>24-26.04.2017<\/h2>\n<p>[\/vc_column_text][\/vc_column][\/vc_row][vc_row css_animation=&#8221;&#8221; row_type=&#8221;row&#8221; use_row_as_full_screen_section=&#8221;no&#8221; type=&#8221;grid&#8221; angled_section=&#8221;no&#8221; text_align=&#8221;center&#8221; background_image_as_pattern=&#8221;without_pattern&#8221; padding_top=&#8221;80&#8243; padding_bottom=&#8221;80&#8243; el_class=&#8221;gallery-box&#8221;][vc_column width=&#8221;1\/2&#8243;][vc_gallery type=&#8221;flexslider_slide&#8221; interval=&#8221;10&#8243; images=&#8221;1503,1527,1524,1521,1518,1515,1512,1509,1506&#8243; img_size=&#8221;1200&#215;800&#8243;][vc_column_text]<\/p>\n<h2>Trening za pripravnike<\/h2>\n<h2>28-30.03.2017<\/h2>\n<p>[\/vc_column_text][\/vc_column][vc_column width=&#8221;1\/2&#8243;][vc_gallery type=&#8221;flexslider_slide&#8221; interval=&#8221;10&#8243; images=&#8221;1565,1562,1559,1556,1553,1550,1547,1544,1541&#8243; img_size=&#8221;1200&#215;800&#8243;][vc_column_text]<\/p>\n<h2>Trening za trenere<\/h2>\n<h2>20-21.12.2016, Ni\u0161<\/h2>\n<p>[\/vc_column_text][\/vc_column][\/vc_row][vc_row css_animation=&#8221;&#8221; row_type=&#8221;row&#8221; use_row_as_full_screen_section=&#8221;no&#8221; type=&#8221;grid&#8221; angled_section=&#8221;no&#8221; text_align=&#8221;center&#8221; background_image_as_pattern=&#8221;without_pattern&#8221; padding_top=&#8221;80&#8243; padding_bottom=&#8221;80&#8243; el_class=&#8221;gallery-box&#8221;][vc_column width=&#8221;1\/2&#8243;][vc_gallery type=&#8221;flexslider_slide&#8221; interval=&#8221;10&#8243; images=&#8221;742,739,745,748,751,754,757,760,763,766,769,772,775,778,781,784,787,790,793,796,799,802,805,808,811,814,817,820,823,826,829,832,835,838,841,844,847,850,853,856,859,862,865,868,871,874,877,880,883,886,889,895&#8243; img_size=&#8221;1200&#215;800&#8243;][vc_column_text]<\/p>\n<h2>Konferencija<\/h2>\n<h2>\u201cBesplatna pravna pomoc\u201d<\/h2>\n<p>[\/vc_column_text][\/vc_column][vc_column width=&#8221;1\/2&#8243;][vc_gallery type=&#8221;flexslider_slide&#8221; interval=&#8221;10&#8243; images=&#8221;1399,1396,1393,1390,1387,1384,1381,1378,1375,1372,1369,1366,1363,1360,1357,1354&#8243; img_size=&#8221;1200&#215;800&#8243;][vc_column_text]<\/p>\n<h2>Godi\u0161nji KIRS-ov sastanak<\/h2>\n<h2>Novi Sad<\/h2>\n<p>[\/vc_column_text][\/vc_column][\/vc_row][vc_row css_animation=&#8221;&#8221; row_type=&#8221;row&#8221; use_row_as_full_screen_section=&#8221;no&#8221; type=&#8221;grid&#8221; angled_section=&#8221;no&#8221; text_align=&#8221;center&#8221; background_image_as_pattern=&#8221;without_pattern&#8221; padding_top=&#8221;80&#8243; padding_bottom=&#8221;80&#8243; el_class=&#8221;gallery-box&#8221; css=&#8221;.vc_custom_1494513678279{padding-top: 0px !important;}&#8221;][vc_column width=&#8221;1\/2&#8243;][vc_gallery type=&#8221;flexslider_slide&#8221; interval=&#8221;10&#8243; images=&#8221;1410,1440,1407,1437,1434,1431,1428,1425,1422,1419,1416,1413&#8243; img_size=&#8221;1200&#215;800&#8243;][vc_column_text]<\/p>\n<h2>Trening za pripravnike<\/h2>\n<h2>3-5.02.2017.<\/h2>\n<p>[\/vc_column_text][\/vc_column][vc_column width=&#8221;1\/2&#8243;][\/vc_column][\/vc_row][vc_row css_animation=&#8221;&#8221; row_type=&#8221;row&#8221; use_row_as_full_screen_section=&#8221;no&#8221; type=&#8221;grid&#8221; angled_section=&#8221;no&#8221; text_align=&#8221;left&#8221; background_image_as_pattern=&#8221;without_pattern&#8221; padding_bottom=&#8221;80&#8243;][vc_column][vc_column_text]<\/p>\n<h2 style=\"text-align: center;\">Konferencija &#8220;Besplatna pravna pomo\u0107&#8221;<\/h2>\n<p>[\/vc_column_text][vc_video link=&#8221;https:\/\/www.youtube.com\/watch?v=-GXhBZix-Uw&#8221; align=&#8221;center&#8221;][\/vc_column][\/vc_row]<\/p>\n","protected":false},"excerpt":{"rendered":"<p>[vc_row css_animation=&#8221;&#8221; row_type=&#8221;row&#8221; use_row_as_full_screen_section=&#8221;no&#8221; type=&#8221;grid&#8221; angled_section=&#8221;no&#8221; text_align=&#8221;center&#8221; background_image_as_pattern=&#8221;without_pattern&#8221; padding_top=&#8221;80&#8243; padding_bottom=&#8221;80&#8243; el_class=&#8221;gallery-box&#8221;][vc_column width=&#8221;1\/2&#8243;][vc_gallery type=&#8221;flexslider_slide&#8221; interval=&#8221;10&#8243; images=&#8221;3668,3665,3662,3659,3656,3653,3650,3647,3644,3641,3638,3635,3632,3629,3626,3623,3620,3617,3614,3611,3608,3605,3602&#8243; img_size=&#8221;1200&#215;800&#8243;][vc_column_text] Panel disukusija &#8220;Strate\u0161ki normativni okvir za regulisanje imovinskih prava na Kosovu*&#8221; &#8211; 28. novembar 2018, Beograd [\/vc_column_text][\/vc_column][vc_column width=&#8221;1\/2&#8243;][vc_gallery type=&#8221;flexslider_slide&#8221; interval=&#8221;10&#8243; images=&#8221;3767,3770,3773,3776,3779,3782,3785,3788,3791,3794,3755,3752,3749,3746,3743,3740,3737,3734,3731,3728,3725,3722,3719,3716,3713,3710,3707,3704,3701,3698,3695,3692,3689,3686,3683,3680,3677,3674&#8243; img_size=&#8221;1200&#215;800&#8243;][vc_column_text] Panel diskusija &#8220;Pristup pravdi&#8221; &#8211; 19. februar&#8230;<\/p>\n","protected":false},"author":2,"featured_media":0,"parent":0,"menu_order":0,"comment_status":"closed","ping_status":"closed","template":"full_width.php","meta":{"_acf_changed":false,"inline_featured_image":false,"footnotes":""},"class_list":["post-560","page","type-page","status-publish","hentry"],"acf":[],"yoast_head":"<!-- This site is optimized with the Yoast SEO plugin v27.3 - https:\/\/yoast.com\/product\/yoast-seo-wordpress\/ -->\n<title>Galerija - Free legal aid<\/title>\n<meta name=\"robots\" content=\"index, follow, max-snippet:-1, max-image-preview:large, max-video-preview:-1\" \/>\n<link rel=\"canonical\" href=\"https:\/\/pravnapomoc.org\/lat\/galerija\/\" \/>\n<meta property=\"og:locale\" content=\"en_US\" \/>\n<meta property=\"og:type\" content=\"article\" \/>\n<meta property=\"og:title\" content=\"Galerija - Free legal aid\" \/>\n<meta property=\"og:description\" content=\"[vc_row css_animation=&#8221;&#8221; row_type=&#8221;row&#8221; use_row_as_full_screen_section=&#8221;no&#8221; type=&#8221;grid&#8221; angled_section=&#8221;no&#8221; text_align=&#8221;center&#8221; background_image_as_pattern=&#8221;without_pattern&#8221; padding_top=&#8221;80&#8243; padding_bottom=&#8221;80&#8243; el_class=&#8221;gallery-box&#8221;][vc_column width=&#8221;1\/2&#8243;][vc_gallery type=&#8221;flexslider_slide&#8221; interval=&#8221;10&#8243; images=&#8221;3668,3665,3662,3659,3656,3653,3650,3647,3644,3641,3638,3635,3632,3629,3626,3623,3620,3617,3614,3611,3608,3605,3602&#8243; img_size=&#8221;1200&#215;800&#8243;][vc_column_text] Panel disukusija &#8220;Strate\u0161ki normativni okvir za regulisanje imovinskih prava na Kosovu*&#8221; &#8211; 28. novembar 2018, Beograd [\/vc_column_text][\/vc_column][vc_column width=&#8221;1\/2&#8243;][vc_gallery type=&#8221;flexslider_slide&#8221; interval=&#8221;10&#8243; images=&#8221;3767,3770,3773,3776,3779,3782,3785,3788,3791,3794,3755,3752,3749,3746,3743,3740,3737,3734,3731,3728,3725,3722,3719,3716,3713,3710,3707,3704,3701,3698,3695,3692,3689,3686,3683,3680,3677,3674&#8243; img_size=&#8221;1200&#215;800&#8243;][vc_column_text] Panel diskusija &#8220;Pristup pravdi&#8221; &#8211; 19. februar...\" \/>\n<meta property=\"og:url\" content=\"https:\/\/pravnapomoc.org\/lat\/galerija\/\" \/>\n<meta property=\"og:site_name\" content=\"Free legal aid\" \/>\n<meta property=\"article:modified_time\" content=\"2024-04-18T08:55:24+00:00\" \/>\n<meta name=\"twitter:card\" content=\"summary_large_image\" \/>\n<meta name=\"twitter:label1\" content=\"Est. reading time\" \/>\n\t<meta name=\"twitter:data1\" content=\"2 minutes\" \/>\n<script type=\"application\/ld+json\" class=\"yoast-schema-graph\">{\"@context\":\"https:\\\/\\\/schema.org\",\"@graph\":[{\"@type\":\"WebPage\",\"@id\":\"https:\\\/\\\/pravnapomoc.org\\\/lat\\\/galerija\\\/\",\"url\":\"https:\\\/\\\/pravnapomoc.org\\\/lat\\\/galerija\\\/\",\"name\":\"Galerija - Free legal aid\",\"isPartOf\":{\"@id\":\"https:\\\/\\\/pravnapomoc.org\\\/#website\"},\"datePublished\":\"2017-01-16T01:15:12+00:00\",\"dateModified\":\"2024-04-18T08:55:24+00:00\",\"breadcrumb\":{\"@id\":\"https:\\\/\\\/pravnapomoc.org\\\/lat\\\/galerija\\\/#breadcrumb\"},\"inLanguage\":\"sr-RS@latin\",\"potentialAction\":[{\"@type\":\"ReadAction\",\"target\":[\"https:\\\/\\\/pravnapomoc.org\\\/lat\\\/galerija\\\/\"]}]},{\"@type\":\"BreadcrumbList\",\"@id\":\"https:\\\/\\\/pravnapomoc.org\\\/lat\\\/galerija\\\/#breadcrumb\",\"itemListElement\":[{\"@type\":\"ListItem\",\"position\":1,\"name\":\"Home\",\"item\":\"https:\\\/\\\/pravnapomoc.org\\\/lat\\\/\"},{\"@type\":\"ListItem\",\"position\":2,\"name\":\"Galerija\"}]},{\"@type\":\"WebSite\",\"@id\":\"https:\\\/\\\/pravnapomoc.org\\\/#website\",\"url\":\"https:\\\/\\\/pravnapomoc.org\\\/\",\"name\":\"Free legal aid\",\"description\":\"Promotion and the protection of property rights of internally displaced persons, refugees and returnees upon readmission agreements\",\"potentialAction\":[{\"@type\":\"SearchAction\",\"target\":{\"@type\":\"EntryPoint\",\"urlTemplate\":\"https:\\\/\\\/pravnapomoc.org\\\/?s={search_term_string}\"},\"query-input\":{\"@type\":\"PropertyValueSpecification\",\"valueRequired\":true,\"valueName\":\"search_term_string\"}}],\"inLanguage\":\"sr-RS@latin\"}]}<\/script>\n<!-- \/ Yoast SEO plugin. -->","yoast_head_json":{"title":"Galerija - Free legal aid","robots":{"index":"index","follow":"follow","max-snippet":"max-snippet:-1","max-image-preview":"max-image-preview:large","max-video-preview":"max-video-preview:-1"},"canonical":"https:\/\/pravnapomoc.org\/lat\/galerija\/","og_locale":"en_US","og_type":"article","og_title":"Galerija - Free legal aid","og_description":"[vc_row css_animation=&#8221;&#8221; row_type=&#8221;row&#8221; use_row_as_full_screen_section=&#8221;no&#8221; type=&#8221;grid&#8221; angled_section=&#8221;no&#8221; text_align=&#8221;center&#8221; background_image_as_pattern=&#8221;without_pattern&#8221; padding_top=&#8221;80&#8243; padding_bottom=&#8221;80&#8243; el_class=&#8221;gallery-box&#8221;][vc_column width=&#8221;1\/2&#8243;][vc_gallery type=&#8221;flexslider_slide&#8221; interval=&#8221;10&#8243; images=&#8221;3668,3665,3662,3659,3656,3653,3650,3647,3644,3641,3638,3635,3632,3629,3626,3623,3620,3617,3614,3611,3608,3605,3602&#8243; img_size=&#8221;1200&#215;800&#8243;][vc_column_text] Panel disukusija &#8220;Strate\u0161ki normativni okvir za regulisanje imovinskih prava na Kosovu*&#8221; &#8211; 28. novembar 2018, Beograd [\/vc_column_text][\/vc_column][vc_column width=&#8221;1\/2&#8243;][vc_gallery type=&#8221;flexslider_slide&#8221; interval=&#8221;10&#8243; images=&#8221;3767,3770,3773,3776,3779,3782,3785,3788,3791,3794,3755,3752,3749,3746,3743,3740,3737,3734,3731,3728,3725,3722,3719,3716,3713,3710,3707,3704,3701,3698,3695,3692,3689,3686,3683,3680,3677,3674&#8243; img_size=&#8221;1200&#215;800&#8243;][vc_column_text] Panel diskusija &#8220;Pristup pravdi&#8221; &#8211; 19. februar...","og_url":"https:\/\/pravnapomoc.org\/lat\/galerija\/","og_site_name":"Free legal aid","article_modified_time":"2024-04-18T08:55:24+00:00","twitter_card":"summary_large_image","twitter_misc":{"Est. reading time":"2 minutes"},"schema":{"@context":"https:\/\/schema.org","@graph":[{"@type":"WebPage","@id":"https:\/\/pravnapomoc.org\/lat\/galerija\/","url":"https:\/\/pravnapomoc.org\/lat\/galerija\/","name":"Galerija - Free legal aid","isPartOf":{"@id":"https:\/\/pravnapomoc.org\/#website"},"datePublished":"2017-01-16T01:15:12+00:00","dateModified":"2024-04-18T08:55:24+00:00","breadcrumb":{"@id":"https:\/\/pravnapomoc.org\/lat\/galerija\/#breadcrumb"},"inLanguage":"sr-RS@latin","potentialAction":[{"@type":"ReadAction","target":["https:\/\/pravnapomoc.org\/lat\/galerija\/"]}]},{"@type":"BreadcrumbList","@id":"https:\/\/pravnapomoc.org\/lat\/galerija\/#breadcrumb","itemListElement":[{"@type":"ListItem","position":1,"name":"Home","item":"https:\/\/pravnapomoc.org\/lat\/"},{"@type":"ListItem","position":2,"name":"Galerija"}]},{"@type":"WebSite","@id":"https:\/\/pravnapomoc.org\/#website","url":"https:\/\/pravnapomoc.org\/","name":"Free legal aid","description":"Promotion and the protection of property rights of internally displaced persons, refugees and returnees upon readmission agreements","potentialAction":[{"@type":"SearchAction","target":{"@type":"EntryPoint","urlTemplate":"https:\/\/pravnapomoc.org\/?s={search_term_string}"},"query-input":{"@type":"PropertyValueSpecification","valueRequired":true,"valueName":"search_term_string"}}],"inLanguage":"sr-RS@latin"}]}},"_links":{"self":[{"href":"https:\/\/pravnapomoc.org\/lat\/wp-json\/wp\/v2\/pages\/560","targetHints":{"allow":["GET"]}}],"collection":[{"href":"https:\/\/pravnapomoc.org\/lat\/wp-json\/wp\/v2\/pages"}],"about":[{"href":"https:\/\/pravnapomoc.org\/lat\/wp-json\/wp\/v2\/types\/page"}],"author":[{"embeddable":true,"href":"https:\/\/pravnapomoc.org\/lat\/wp-json\/wp\/v2\/users\/2"}],"replies":[{"embeddable":true,"href":"https:\/\/pravnapomoc.org\/lat\/wp-json\/wp\/v2\/comments?post=560"}],"version-history":[{"count":5,"href":"https:\/\/pravnapomoc.org\/lat\/wp-json\/wp\/v2\/pages\/560\/revisions"}],"predecessor-version":[{"id":5103,"href":"https:\/\/pravnapomoc.org\/lat\/wp-json\/wp\/v2\/pages\/560\/revisions\/5103"}],"wp:attachment":[{"href":"https:\/\/pravnapomoc.org\/lat\/wp-json\/wp\/v2\/media?parent=560"}],"curies":[{"name":"wp","href":"https:\/\/api.w.org\/{rel}","templated":true}]}}