{"id":554,"date":"2017-01-16T01:14:01","date_gmt":"2017-01-16T01:14:01","guid":{"rendered":"http:\/\/www.pravnapomoc.org\/?page_id=554\/"},"modified":"2024-04-18T09:34:02","modified_gmt":"2024-04-18T08:34:02","slug":"svrha-projekta","status":"publish","type":"page","link":"https:\/\/pravnapomoc.org\/lat\/svrha-projekta\/","title":{"rendered":"Svrha projekta"},"content":{"rendered":"<p>[vc_row css_animation=&#8221;&#8221; row_type=&#8221;row&#8221; use_row_as_full_screen_section=&#8221;no&#8221; type=&#8221;grid&#8221; angled_section=&#8221;no&#8221; text_align=&#8221;left&#8221; background_image_as_pattern=&#8221;without_pattern&#8221; padding_top=&#8221;80&#8243; padding_bottom=&#8221;80&#8243;][vc_column][vc_column_text]<\/p>\n<h1>Kancelarija za pravnu pomo\u0107<\/h1>\n<p>[\/vc_column_text][vc_empty_space height=&#8221;25px&#8221;][vc_column_text]Projekat Evropske unije \u201eBolji pristup pravdi za IRL\u00a0 i povratnike\u201d rezultat je nastavka zajedni\u010dke podr\u0161ke Vlade Republike Srbije i Evropske unije (EU) u za\u0161titi prava interno raseljenih lica (IRL) i povratnika na osnovu sporazuma o readmisiji, pru\u017eanjem pravne pomo\u0107i, a koja se \u00a0realizuje od 2008. godine. Korisnici projekta su interno raseljena lica i povratnici iz EU, na osnovu odredbi sporazuma o readmisiji izme\u0111u EU i Srbije. Projekat promovi\u0161e i \u0161titi njihova imovinska prava pru\u017eanjem informacija, pravnih saveta i druge stru\u010dne pomo\u0107i, uklju\u010duju\u0107i i zastupanje IRL pred sudovima.<\/p>\n<p>Rad advokata i pravnih savetnika koordinira projekat, a sve aktivnosti finansirane od strane Evropske unije uz podr\u0161ku Kancelarije za Kosovo i Metohiju Vlade Republike Srbije, koja je glavna korisni\u010dka institucija i Komesarijata za izbeglice i migracije.<\/p>\n<p>Povratnici i IRL zainteresovani za podr\u0161ku ili informacije o tome kako da ostvare svoja prava mogu da kontaktiraju projekat na besplatan broj\u00a00800 108 208.<\/p>\n<p>U protekle dve decenije interno raseljena lica i povratnici iz Evropske unije na osnovu sporazuma o readmisiji suo\u010davali su se sa mnogobrojnim kr\u0161enjima osnovnih ljudskih prava, me\u0111u kojima su bespravno oduzimanje ili zauzimanje imovine, ote\u017ean pristup dr\u017eavnim preduze\u0107ima na Kosovu*, nemogu\u0107nost adekvatnog pravnog zastupanja i pote\u0161ko\u0107e u pribavljanju dokumentacije potrebne za ostvarivanje drugih prava.[\/vc_column_text][vc_empty_space height=&#8221;25px&#8221;][vc_column_text]<\/p>\n<h3>Najmanje <strong><span style=\"color: #ff0000;\">60.000<\/span><\/strong> imovinskih zahteva vezanih za raseljavanje Srba sa Kosova i Metohije od 1999. uklju\u010duje zahteve Srba i drugih nealbanaca \u010dija je imovina o\u0161te\u0107ena, uni\u0161tena ili nelegalno zauzeta.<\/h3>\n<p>[\/vc_column_text][vc_empty_space height=&#8221;25px&#8221;][vc_column_text]Pravo na besplatnu pravnu pomo\u0107 koju pru\u017ea ovaj projekat ostvaruju raseljena lica ili lica koja pola\u017eu pravo na imovinu na Kosovu* koja zbog finansijske situacije ne mogu da priu\u0161te pravno zastupanje ili koja zbog ograni\u010denog pristupa pravosu\u0111u na Kosovu* ne mogu da ostvare svoje prava, kao i povratnici u Srbiju na osnovu sporazuma o readmisiji.\u00a0 Njima je na raspolaganju stru\u010dni tim koji se sastoji od advokata, starijih pravnih savetnika i mla\u0111ih pravnih savetnika. Pomo\u0107 koju projekat pru\u017ea sastoji se od davanja pravnih saveta, zastupanja stranaka na sudovima u mestima porekla, pribavljanja dokumentacije izdate od strane dr\u017eavnih institucija u mestima porekla, kao i informisanje ugo\u017eenih i o\u0161te\u0107enih o njihovim pravima.<\/p>\n<p>Projekat realizuje konzorcijum koji predvodi Niras SR d.o.o.<\/p>\n<p>*<em>Ovaj naziv je bez prejudiciranja statusa i u skladu je sa Rezolucijom Saveta bezbednosti Ujedinjenih nacija 1244 i mi\u0161ljenjem Me\u0111unarodnog suda pravde o deklaraciji o nezavisnosti Kosova.<\/em>[\/vc_column_text][vc_empty_space height=&#8221;25px&#8221;][\/vc_column][\/vc_row]<\/p>\n","protected":false},"excerpt":{"rendered":"<p>[vc_row css_animation=&#8221;&#8221; row_type=&#8221;row&#8221; use_row_as_full_screen_section=&#8221;no&#8221; type=&#8221;grid&#8221; angled_section=&#8221;no&#8221; text_align=&#8221;left&#8221; background_image_as_pattern=&#8221;without_pattern&#8221; padding_top=&#8221;80&#8243; padding_bottom=&#8221;80&#8243;][vc_column][vc_column_text] Kancelarija za pravnu pomo\u0107 [\/vc_column_text][vc_empty_space height=&#8221;25px&#8221;][vc_column_text]Projekat Evropske unije \u201eBolji pristup pravdi za IRL\u00a0 i povratnike\u201d rezultat je nastavka zajedni\u010dke podr\u0161ke Vlade Republike Srbije i Evropske unije (EU) u za\u0161titi prava interno raseljenih lica (IRL) i&#8230;<\/p>\n","protected":false},"author":2,"featured_media":0,"parent":0,"menu_order":0,"comment_status":"closed","ping_status":"closed","template":"full_width.php","meta":{"_acf_changed":false,"inline_featured_image":false,"footnotes":""},"class_list":["post-554","page","type-page","status-publish","hentry"],"acf":[],"yoast_head":"<!-- This site is optimized with the Yoast SEO plugin v27.4 - https:\/\/yoast.com\/product\/yoast-seo-wordpress\/ -->\n<title>Svrha projekta - Free legal aid<\/title>\n<meta name=\"robots\" content=\"index, follow, max-snippet:-1, max-image-preview:large, max-video-preview:-1\" \/>\n<link rel=\"canonical\" href=\"https:\/\/pravnapomoc.org\/lat\/svrha-projekta\/\" \/>\n<meta property=\"og:locale\" content=\"en_US\" \/>\n<meta property=\"og:type\" content=\"article\" \/>\n<meta property=\"og:title\" content=\"Svrha projekta - Free legal aid\" \/>\n<meta property=\"og:description\" content=\"[vc_row css_animation=&#8221;&#8221; row_type=&#8221;row&#8221; use_row_as_full_screen_section=&#8221;no&#8221; type=&#8221;grid&#8221; angled_section=&#8221;no&#8221; text_align=&#8221;left&#8221; background_image_as_pattern=&#8221;without_pattern&#8221; padding_top=&#8221;80&#8243; padding_bottom=&#8221;80&#8243;][vc_column][vc_column_text] Kancelarija za pravnu pomo\u0107 [\/vc_column_text][vc_empty_space height=&#8221;25px&#8221;][vc_column_text]Projekat Evropske unije \u201eBolji pristup pravdi za IRL\u00a0 i povratnike\u201d rezultat je nastavka zajedni\u010dke podr\u0161ke Vlade Republike Srbije i Evropske unije (EU) u za\u0161titi prava interno raseljenih lica (IRL) i...\" \/>\n<meta property=\"og:url\" content=\"https:\/\/pravnapomoc.org\/lat\/svrha-projekta\/\" \/>\n<meta property=\"og:site_name\" content=\"Free legal aid\" \/>\n<meta property=\"article:modified_time\" content=\"2024-04-18T08:34:02+00:00\" \/>\n<meta name=\"twitter:card\" content=\"summary_large_image\" \/>\n<meta name=\"twitter:label1\" content=\"Est. reading time\" \/>\n\t<meta name=\"twitter:data1\" content=\"3 minutes\" \/>\n<script type=\"application\/ld+json\" class=\"yoast-schema-graph\">{\"@context\":\"https:\\\/\\\/schema.org\",\"@graph\":[{\"@type\":\"WebPage\",\"@id\":\"https:\\\/\\\/pravnapomoc.org\\\/lat\\\/svrha-projekta\\\/\",\"url\":\"https:\\\/\\\/pravnapomoc.org\\\/lat\\\/svrha-projekta\\\/\",\"name\":\"Svrha projekta - Free legal aid\",\"isPartOf\":{\"@id\":\"https:\\\/\\\/pravnapomoc.org\\\/#website\"},\"datePublished\":\"2017-01-16T01:14:01+00:00\",\"dateModified\":\"2024-04-18T08:34:02+00:00\",\"breadcrumb\":{\"@id\":\"https:\\\/\\\/pravnapomoc.org\\\/lat\\\/svrha-projekta\\\/#breadcrumb\"},\"inLanguage\":\"sr-RS@latin\",\"potentialAction\":[{\"@type\":\"ReadAction\",\"target\":[\"https:\\\/\\\/pravnapomoc.org\\\/lat\\\/svrha-projekta\\\/\"]}]},{\"@type\":\"BreadcrumbList\",\"@id\":\"https:\\\/\\\/pravnapomoc.org\\\/lat\\\/svrha-projekta\\\/#breadcrumb\",\"itemListElement\":[{\"@type\":\"ListItem\",\"position\":1,\"name\":\"Home\",\"item\":\"https:\\\/\\\/pravnapomoc.org\\\/lat\\\/\"},{\"@type\":\"ListItem\",\"position\":2,\"name\":\"Svrha projekta\"}]},{\"@type\":\"WebSite\",\"@id\":\"https:\\\/\\\/pravnapomoc.org\\\/#website\",\"url\":\"https:\\\/\\\/pravnapomoc.org\\\/\",\"name\":\"Free legal aid\",\"description\":\"Promotion and the protection of property rights of internally displaced persons, refugees and returnees upon readmission agreements\",\"potentialAction\":[{\"@type\":\"SearchAction\",\"target\":{\"@type\":\"EntryPoint\",\"urlTemplate\":\"https:\\\/\\\/pravnapomoc.org\\\/?s={search_term_string}\"},\"query-input\":{\"@type\":\"PropertyValueSpecification\",\"valueRequired\":true,\"valueName\":\"search_term_string\"}}],\"inLanguage\":\"sr-RS@latin\"}]}<\/script>\n<!-- \/ Yoast SEO plugin. -->","yoast_head_json":{"title":"Svrha projekta - Free legal aid","robots":{"index":"index","follow":"follow","max-snippet":"max-snippet:-1","max-image-preview":"max-image-preview:large","max-video-preview":"max-video-preview:-1"},"canonical":"https:\/\/pravnapomoc.org\/lat\/svrha-projekta\/","og_locale":"en_US","og_type":"article","og_title":"Svrha projekta - Free legal aid","og_description":"[vc_row css_animation=&#8221;&#8221; row_type=&#8221;row&#8221; use_row_as_full_screen_section=&#8221;no&#8221; type=&#8221;grid&#8221; angled_section=&#8221;no&#8221; text_align=&#8221;left&#8221; background_image_as_pattern=&#8221;without_pattern&#8221; padding_top=&#8221;80&#8243; padding_bottom=&#8221;80&#8243;][vc_column][vc_column_text] Kancelarija za pravnu pomo\u0107 [\/vc_column_text][vc_empty_space height=&#8221;25px&#8221;][vc_column_text]Projekat Evropske unije \u201eBolji pristup pravdi za IRL\u00a0 i povratnike\u201d rezultat je nastavka zajedni\u010dke podr\u0161ke Vlade Republike Srbije i Evropske unije (EU) u za\u0161titi prava interno raseljenih lica (IRL) i...","og_url":"https:\/\/pravnapomoc.org\/lat\/svrha-projekta\/","og_site_name":"Free legal aid","article_modified_time":"2024-04-18T08:34:02+00:00","twitter_card":"summary_large_image","twitter_misc":{"Est. reading time":"3 minutes"},"schema":{"@context":"https:\/\/schema.org","@graph":[{"@type":"WebPage","@id":"https:\/\/pravnapomoc.org\/lat\/svrha-projekta\/","url":"https:\/\/pravnapomoc.org\/lat\/svrha-projekta\/","name":"Svrha projekta - Free legal aid","isPartOf":{"@id":"https:\/\/pravnapomoc.org\/#website"},"datePublished":"2017-01-16T01:14:01+00:00","dateModified":"2024-04-18T08:34:02+00:00","breadcrumb":{"@id":"https:\/\/pravnapomoc.org\/lat\/svrha-projekta\/#breadcrumb"},"inLanguage":"sr-RS@latin","potentialAction":[{"@type":"ReadAction","target":["https:\/\/pravnapomoc.org\/lat\/svrha-projekta\/"]}]},{"@type":"BreadcrumbList","@id":"https:\/\/pravnapomoc.org\/lat\/svrha-projekta\/#breadcrumb","itemListElement":[{"@type":"ListItem","position":1,"name":"Home","item":"https:\/\/pravnapomoc.org\/lat\/"},{"@type":"ListItem","position":2,"name":"Svrha projekta"}]},{"@type":"WebSite","@id":"https:\/\/pravnapomoc.org\/#website","url":"https:\/\/pravnapomoc.org\/","name":"Free legal aid","description":"Promotion and the protection of property rights of internally displaced persons, refugees and returnees upon readmission agreements","potentialAction":[{"@type":"SearchAction","target":{"@type":"EntryPoint","urlTemplate":"https:\/\/pravnapomoc.org\/?s={search_term_string}"},"query-input":{"@type":"PropertyValueSpecification","valueRequired":true,"valueName":"search_term_string"}}],"inLanguage":"sr-RS@latin"}]}},"_links":{"self":[{"href":"https:\/\/pravnapomoc.org\/lat\/wp-json\/wp\/v2\/pages\/554","targetHints":{"allow":["GET"]}}],"collection":[{"href":"https:\/\/pravnapomoc.org\/lat\/wp-json\/wp\/v2\/pages"}],"about":[{"href":"https:\/\/pravnapomoc.org\/lat\/wp-json\/wp\/v2\/types\/page"}],"author":[{"embeddable":true,"href":"https:\/\/pravnapomoc.org\/lat\/wp-json\/wp\/v2\/users\/2"}],"replies":[{"embeddable":true,"href":"https:\/\/pravnapomoc.org\/lat\/wp-json\/wp\/v2\/comments?post=554"}],"version-history":[{"count":5,"href":"https:\/\/pravnapomoc.org\/lat\/wp-json\/wp\/v2\/pages\/554\/revisions"}],"predecessor-version":[{"id":5095,"href":"https:\/\/pravnapomoc.org\/lat\/wp-json\/wp\/v2\/pages\/554\/revisions\/5095"}],"wp:attachment":[{"href":"https:\/\/pravnapomoc.org\/lat\/wp-json\/wp\/v2\/media?parent=554"}],"curies":[{"name":"wp","href":"https:\/\/api.w.org\/{rel}","templated":true}]}}