{"id":552,"date":"2017-01-16T01:13:03","date_gmt":"2017-01-16T01:13:03","guid":{"rendered":"http:\/\/www.pravnapomoc.org\/?page_id=552\/"},"modified":"2024-05-15T10:28:59","modified_gmt":"2024-05-15T09:28:59","slug":"uspene-price","status":"publish","type":"page","link":"https:\/\/pravnapomoc.org\/lat\/uspene-price\/","title":{"rendered":"Projektne pri\u010de"},"content":{"rendered":"<p>[vc_row css_animation=&#8221;&#8221; row_type=&#8221;row&#8221; use_row_as_full_screen_section=&#8221;no&#8221; type=&#8221;full_width&#8221; angled_section=&#8221;no&#8221; text_align=&#8221;left&#8221; background_image_as_pattern=&#8221;without_pattern&#8221;][vc_column][vc_column_text]<!--more-->[\/vc_column_text][\/vc_column][\/vc_row][vc_row css_animation=&#8221;&#8221; row_type=&#8221;row&#8221; use_row_as_full_screen_section=&#8221;no&#8221; type=&#8221;grid&#8221; angled_section=&#8221;no&#8221; text_align=&#8221;left&#8221; background_image_as_pattern=&#8221;without_pattern&#8221; padding_top=&#8221;80&#8243; padding_bottom=&#8221;80&#8243;][vc_column][vc_column_text]<\/p>\n<h1>Slu\u010daj<\/h1>\n<h1>Prevarna transakcija<\/h1>\n<h1>Srpski Babu\u0161, Op\u0161tina Uro\u0161evac<\/h1>\n<p>[\/vc_column_text][vc_empty_space height=&#8221;25px&#8221;][vc_column_text]<\/p>\n<p>IRL iz sela Srpski Babu\u0161, Op\u0161tina Uro\u0161evac, koji od 1999. stanuje u Ni\u0161u, saznao je 2011. da je njegova zemlji\u0161na parcela u Srpskom Babu\u0161u upisana u katastar na ime izvesnog ZS. Tada ve\u0107 \u010duveni Nazim Blaca, osu\u0111en za ubistvo 2013, falsifikovao je punomo\u0107je oca IRL-a, koji je preminuo 1994. Punomo\u0107je je bilo overeno u sudu u Lipljanu 2007. Nekoliko srpskih porodica o\u0161te\u0107eno je na ovaj na\u010din i 25 hektara zemlje je upisano na tre\u0107a lica. IRL se, zajedno sa ostalim o\u0161te\u0107enim porodicama obratio kosovskoj policiji, ali ni nakon godinu dana nisu dobili nikakvu informaciju o slu\u010daju. 2013. godine IRL je saznao za Kancelariju za pravnu pomo\u0107, kojoj se odmah obratio. Pravni savetnik koji je primio slu\u010daj podneo je utemeljenu tu\u017ebu protiv Nazima Blace, prvooptu\u017eenog, i ZS-a, drugooptu\u017eenog, sa pravnim zahtevom da se poni\u0161ti punomo\u0107je i kupoprodajnu ugovor. Tu\u017eba je tako\u0111e sadr\u017eala i zahtev za privremenu meru, zbog koje je sud dao slu\u010daju prioritet i privremena mera kojom se onemogu\u0107ava dalja bespravna prodaja imovine doneta je bez ro\u010di\u0161ta 30. maja 2014.<\/p>\n<p>Nazim Blaca, koji je u to vreme slu\u017eio kaznu u zatvoru u Dubravi, bio je sproveden samo na prvo ro\u010di\u0161te i to uz posebne sigurnosne mere, a 2016. pu\u0161ten je iz zatvora pod nerazja\u0161njenim okolnostima i gubi mu se svaki trag. Sudije u Uro\u0161evcu su kosovskoj policiji izdale nalog za poteru, hap\u0161enje i sprovo\u0111enje na sud, ali nisu uspeli da ga prona\u0111u. Na zahtev pravnog savetnika, optu\u017eeni je bio pozvan preko zvani\u010dne sudske table i 29. juna 2016. zvani\u010dnom odlukom suda, punomo\u0107je i kupoprodajni ugovor su progla\u0161eni neva\u017ee\u0107im.<\/p>\n<p>Na\u017ealost, Osnovni sud u Uro\u0161evcu uputio je Kancelariji za pravnu pomo\u0107 \u017ealbu drugooptu\u017eenog ZS. Slu\u010daj \u0107e biti prosle\u0111en Apelacionom sudu u Pri\u0161tini.<\/p>\n<p>[\/vc_column_text][vc_empty_space height=&#8221;25px&#8221;][vc_column_text]<\/p>\n<h1>Slu\u010daj<\/h1>\n<h1>Bespravna okupacija imovine<\/h1>\n<h1>Prizren<\/h1>\n<p>[\/vc_column_text][vc_empty_space height=&#8221;25px&#8221;][vc_column_text]Stranka je interno raseljeno lice, koje je do 1999. \u017eiveo i radio u \u0161koli u Prizrenu. Nakon njegovog napu\u0161tanja Prizrena iz bezbednosnih raloga 1999, stan koji je dobio od \u0161kole bespravno je zauzeo njegov kolega albanske nacionalnosti. IRL je podneo zahtev za povra\u0107aj imovine Direkciji za stambena i imovinska pitanja (HDP). Komisija HDP je 2006. donela odluku da se stan vrati u posed IRL-a i slu\u010daj uputila nadle\u017enom sudu. Me\u0111utim, HDP je odbila da postupi po zahtevu, a IRL je podneo tu\u017ebu Op\u0161tinskom sudu u Prizrenu 2008.<\/p>\n<p>Op\u0161tinski sud je 2009. godine doneo odluku da se stan vrati u posed IRL-a, a uzrupator da bude iseljen, me\u0111utim uzurpator je ulo\u017eio \u017ealbu na ovu odluku. Apelacioni sud je 2011. potvrdio presudu Op\u0161tinskog suda. Uzurpator nije do 2012. postupio po nare\u0111enu Op\u0161tinskog suda i odbijao je da se iseli, pa je IRL inicirao postupak za izvr\u0161enje kod Op\u0161tinskog suda u Prizernu. U toku tog postupka, advokat iz Prizrena koji je zastupao IRL obavestio ga je da ne mo\u017ee vi\u0161e da ga zastupa. Nakon toga, IRL nije mogao da na\u0111e pravnog zastupnika koji bi ga zastupao u ovom slu\u010daju, sve dok nije saznao za Projekta pravne pomo\u0107i i istom se obratio. Od kako je Kancelarija za pravnu pomo\u0107 preuzela slu\u010daj, odr\u017eano je vi\u0161e ro\u010di\u0161ta, nakon kojih je sud iza\u0161ao na lice mesta kako bi se izvr\u0161ila prinudna evikcija uzurpatora, a IRL bio uveden u stan.<\/p>\n<p>\u0160kola u kojoj je radio, a u kojoj je uzurpator jo\u0161 uvek zaposlen, podnela je tu\u017ebu sudu u Prizenu da se poni\u0161ti ugovor po kome je IRL otkupio stan od \u0161kole iako je u prvom postupku doneta presuda u korist DG-a.[\/vc_column_text][vc_empty_space height=&#8221;25px&#8221;][vc_column_text]<\/p>\n<h1>Slu\u010daj<br \/>\nNezakonito zauzimanje nepokretnosti<\/h1>\n<p>[\/vc_column_text][vc_empty_space height=&#8221;25px&#8221;][vc_column_text]NN je direktor agencije za nekretnine na KiM albanske nacionalnosti protiv koga se od 1999. vodi ve\u0107i broj postupaka, kako zbog nezakonitog zauzimanja imovine, tako i drugih kriminalnih radnji kao \u0161to su falsifikovanje dokumenata, prevara i dr. Za njega se sumnja da je povezan sa kriminalnim grupama u regionu, a nalazi se i pod lupom EULEX-a zbog postojanja sumnje u njegovu povezanost sa kriminalnim grupama u regionu i \u0161ire. Me\u0111u brojnim o\u0161te\u0107enima su i stranke projekta, lica raseljena sa Kosova i Metohije 1999. i zakonski vlasnici zemlji\u0161ta koje se nalazi u blizini regionalnog puta koji spaja taj grad sa Pe\u0107i.<\/p>\n<p>NN je, iskoristiv\u0161i odlazak o\u0161te\u0107enih lica sa KiM, koji su 1999. godine bili prinu\u0111eni da iz bezbednosnih razloga napuste to podru\u010dje, zauzeo njihovu nepokretnu imovinu, koja se nalazi pored glavne saobra\u0107ajnice na ulazu u Pe\u0107. NN je poru\u0161io ku\u0107u i pomo\u0107ne objekte koji su se nalazili na parceli, a zatim je tu izgradio put. O\u0161te\u0107eni su protiv NN podneli krivi\u010dnu prijavu EULEX-u, a zatim je ta prijava prosle\u0111ena tu\u017eila\u0161tvu na dalji postupak. Nakon podno\u0161enja krivi\u010dne prijave, o\u0161te\u0107eni su se obratili Kancelariji za pravnu pomo\u0107, koja je predmet preuzela. Tokom postupka, okrivljeni je negirao krivicu tvrde\u0107i da imovinu nije zauzeo bespravno, ve\u0107 da je imao saglasnost o\u0161te\u0107enih, kao i da je sa njima postigao usmeni dogovor o ulaganju u nepokretnost, a da \u0107e Ugovor o prodaji nepokretnosti naknadno zaklju\u010diti. Okrivljeni je \u010dak i neformalno zahtevao od o\u0161te\u0107enih da mu isplate naknadu \u0161tete koju je navodno pretrpeo ula\u017eu\u0107i u njihovu nepokretnost. Na su\u0111enju je, izme\u0111u ostalog, saslu\u0161an i NN, ispitani su o\u0161te\u010deni, kao i svedok, jedan od najbli\u017eih saradnika NN-a. Tokom procesa, okrivljeni se na sudu pojavljivao u pratnji saradnika i naoru\u017eanog obezbe\u0111enja, a o\u0161te\u0107enima je, preko svojih saradnika upu\u0107ivao ozbiljne pretnje, \u010dak i smr\u0107u. U strahu, o\u0161te\u0107eni i njihov zastupnik su se vi\u0161e puta obra\u0107ali policiji za za\u0161titu prilikom dolaska i odlaska sa pretresa. Odobrena mera obezbe\u0111enja podrazumevala je da o\u0161te\u0107eni pre pretresa do\u0111u u policijsku stanicu, koja se nalazi neposredno pored zgrade suda, a onda u pratnji jednog ili dva slu\u017ebenika pe\u0161ke odu na pretres.<\/p>\n<p>Sud je okrivljenog oglasio krivim za nezakonito zauzimanje imovine i izrekao mu uslovu osudu. Pored toga, sud je okrivljenog obavezao da u roku od 15 dana napusti nepokretnost o\u0161te\u0107enih, u suprotnom, uslovna osuda bi\u0107e zamenjena zatvorskom kaznom.[\/vc_column_text][\/vc_column][\/vc_row][vc_row css_animation=&#8221;&#8221; row_type=&#8221;row&#8221; use_row_as_full_screen_section=&#8221;no&#8221; type=&#8221;full_width&#8221; angled_section=&#8221;no&#8221; text_align=&#8221;left&#8221; background_image_as_pattern=&#8221;without_pattern&#8221;][vc_column width=&#8221;1\/2&#8243;][vc_video link=&#8221;https:\/\/www.youtube.com\/watch?v=zkhTjnU6NyA&#8221; align=&#8221;center&#8221;][\/vc_column][vc_column width=&#8221;1\/2&#8243;][vc_video link=&#8221;https:\/\/www.youtube.com\/watch?v=70KivQbh9aA&#8221; align=&#8221;center&#8221;][\/vc_column][\/vc_row][vc_row css_animation=&#8221;&#8221; row_type=&#8221;row&#8221; use_row_as_full_screen_section=&#8221;no&#8221; type=&#8221;full_width&#8221; angled_section=&#8221;no&#8221; text_align=&#8221;left&#8221; background_image_as_pattern=&#8221;without_pattern&#8221;][vc_column][vc_empty_space height=&#8221;25px&#8221;][vc_video link=&#8221;https:\/\/www.youtube.com\/watch?v=OWlMq_nYOMo&#8221; align=&#8221;center&#8221;][\/vc_column][\/vc_row]<\/p>\n","protected":false},"excerpt":{"rendered":"<p>[vc_row css_animation=&#8221;&#8221; row_type=&#8221;row&#8221; use_row_as_full_screen_section=&#8221;no&#8221; type=&#8221;full_width&#8221; angled_section=&#8221;no&#8221; text_align=&#8221;left&#8221; background_image_as_pattern=&#8221;without_pattern&#8221;][vc_column][vc_column_text]<\/p>\n","protected":false},"author":2,"featured_media":0,"parent":0,"menu_order":0,"comment_status":"closed","ping_status":"closed","template":"full_width.php","meta":{"_acf_changed":false,"inline_featured_image":false,"footnotes":""},"class_list":["post-552","page","type-page","status-publish","hentry"],"acf":[],"yoast_head":"<!-- This site is optimized with the Yoast SEO plugin v27.3 - https:\/\/yoast.com\/product\/yoast-seo-wordpress\/ -->\n<title>Projektne pri\u010de - Free legal aid<\/title>\n<meta name=\"robots\" content=\"index, follow, max-snippet:-1, max-image-preview:large, max-video-preview:-1\" \/>\n<link rel=\"canonical\" href=\"https:\/\/pravnapomoc.org\/lat\/uspene-price\/\" \/>\n<meta property=\"og:locale\" content=\"en_US\" \/>\n<meta property=\"og:type\" content=\"article\" \/>\n<meta property=\"og:title\" content=\"Projektne pri\u010de - Free legal aid\" \/>\n<meta property=\"og:description\" content=\"[vc_row css_animation=&#8221;&#8221; row_type=&#8221;row&#8221; use_row_as_full_screen_section=&#8221;no&#8221; type=&#8221;full_width&#8221; angled_section=&#8221;no&#8221; text_align=&#8221;left&#8221; background_image_as_pattern=&#8221;without_pattern&#8221;][vc_column][vc_column_text]\" \/>\n<meta property=\"og:url\" content=\"https:\/\/pravnapomoc.org\/lat\/uspene-price\/\" \/>\n<meta property=\"og:site_name\" content=\"Free legal aid\" \/>\n<meta property=\"article:modified_time\" content=\"2024-05-15T09:28:59+00:00\" \/>\n<meta name=\"twitter:card\" content=\"summary_large_image\" \/>\n<meta name=\"twitter:label1\" content=\"Est. reading time\" \/>\n\t<meta name=\"twitter:data1\" content=\"6 minutes\" \/>\n<script type=\"application\/ld+json\" class=\"yoast-schema-graph\">{\"@context\":\"https:\\\/\\\/schema.org\",\"@graph\":[{\"@type\":\"WebPage\",\"@id\":\"https:\\\/\\\/pravnapomoc.org\\\/lat\\\/uspene-price\\\/\",\"url\":\"https:\\\/\\\/pravnapomoc.org\\\/lat\\\/uspene-price\\\/\",\"name\":\"Projektne pri\u010de - Free legal aid\",\"isPartOf\":{\"@id\":\"https:\\\/\\\/pravnapomoc.org\\\/#website\"},\"datePublished\":\"2017-01-16T01:13:03+00:00\",\"dateModified\":\"2024-05-15T09:28:59+00:00\",\"breadcrumb\":{\"@id\":\"https:\\\/\\\/pravnapomoc.org\\\/lat\\\/uspene-price\\\/#breadcrumb\"},\"inLanguage\":\"sr-RS@latin\",\"potentialAction\":[{\"@type\":\"ReadAction\",\"target\":[\"https:\\\/\\\/pravnapomoc.org\\\/lat\\\/uspene-price\\\/\"]}]},{\"@type\":\"BreadcrumbList\",\"@id\":\"https:\\\/\\\/pravnapomoc.org\\\/lat\\\/uspene-price\\\/#breadcrumb\",\"itemListElement\":[{\"@type\":\"ListItem\",\"position\":1,\"name\":\"Home\",\"item\":\"https:\\\/\\\/pravnapomoc.org\\\/lat\\\/\"},{\"@type\":\"ListItem\",\"position\":2,\"name\":\"Projektne pri\u010de\"}]},{\"@type\":\"WebSite\",\"@id\":\"https:\\\/\\\/pravnapomoc.org\\\/#website\",\"url\":\"https:\\\/\\\/pravnapomoc.org\\\/\",\"name\":\"Free legal aid\",\"description\":\"Promotion and the protection of property rights of internally displaced persons, refugees and returnees upon readmission agreements\",\"potentialAction\":[{\"@type\":\"SearchAction\",\"target\":{\"@type\":\"EntryPoint\",\"urlTemplate\":\"https:\\\/\\\/pravnapomoc.org\\\/?s={search_term_string}\"},\"query-input\":{\"@type\":\"PropertyValueSpecification\",\"valueRequired\":true,\"valueName\":\"search_term_string\"}}],\"inLanguage\":\"sr-RS@latin\"}]}<\/script>\n<!-- \/ Yoast SEO plugin. -->","yoast_head_json":{"title":"Projektne pri\u010de - Free legal aid","robots":{"index":"index","follow":"follow","max-snippet":"max-snippet:-1","max-image-preview":"max-image-preview:large","max-video-preview":"max-video-preview:-1"},"canonical":"https:\/\/pravnapomoc.org\/lat\/uspene-price\/","og_locale":"en_US","og_type":"article","og_title":"Projektne pri\u010de - Free legal aid","og_description":"[vc_row css_animation=&#8221;&#8221; row_type=&#8221;row&#8221; use_row_as_full_screen_section=&#8221;no&#8221; type=&#8221;full_width&#8221; angled_section=&#8221;no&#8221; text_align=&#8221;left&#8221; background_image_as_pattern=&#8221;without_pattern&#8221;][vc_column][vc_column_text]","og_url":"https:\/\/pravnapomoc.org\/lat\/uspene-price\/","og_site_name":"Free legal aid","article_modified_time":"2024-05-15T09:28:59+00:00","twitter_card":"summary_large_image","twitter_misc":{"Est. reading time":"6 minutes"},"schema":{"@context":"https:\/\/schema.org","@graph":[{"@type":"WebPage","@id":"https:\/\/pravnapomoc.org\/lat\/uspene-price\/","url":"https:\/\/pravnapomoc.org\/lat\/uspene-price\/","name":"Projektne pri\u010de - Free legal aid","isPartOf":{"@id":"https:\/\/pravnapomoc.org\/#website"},"datePublished":"2017-01-16T01:13:03+00:00","dateModified":"2024-05-15T09:28:59+00:00","breadcrumb":{"@id":"https:\/\/pravnapomoc.org\/lat\/uspene-price\/#breadcrumb"},"inLanguage":"sr-RS@latin","potentialAction":[{"@type":"ReadAction","target":["https:\/\/pravnapomoc.org\/lat\/uspene-price\/"]}]},{"@type":"BreadcrumbList","@id":"https:\/\/pravnapomoc.org\/lat\/uspene-price\/#breadcrumb","itemListElement":[{"@type":"ListItem","position":1,"name":"Home","item":"https:\/\/pravnapomoc.org\/lat\/"},{"@type":"ListItem","position":2,"name":"Projektne pri\u010de"}]},{"@type":"WebSite","@id":"https:\/\/pravnapomoc.org\/#website","url":"https:\/\/pravnapomoc.org\/","name":"Free legal aid","description":"Promotion and the protection of property rights of internally displaced persons, refugees and returnees upon readmission agreements","potentialAction":[{"@type":"SearchAction","target":{"@type":"EntryPoint","urlTemplate":"https:\/\/pravnapomoc.org\/?s={search_term_string}"},"query-input":{"@type":"PropertyValueSpecification","valueRequired":true,"valueName":"search_term_string"}}],"inLanguage":"sr-RS@latin"}]}},"_links":{"self":[{"href":"https:\/\/pravnapomoc.org\/lat\/wp-json\/wp\/v2\/pages\/552","targetHints":{"allow":["GET"]}}],"collection":[{"href":"https:\/\/pravnapomoc.org\/lat\/wp-json\/wp\/v2\/pages"}],"about":[{"href":"https:\/\/pravnapomoc.org\/lat\/wp-json\/wp\/v2\/types\/page"}],"author":[{"embeddable":true,"href":"https:\/\/pravnapomoc.org\/lat\/wp-json\/wp\/v2\/users\/2"}],"replies":[{"embeddable":true,"href":"https:\/\/pravnapomoc.org\/lat\/wp-json\/wp\/v2\/comments?post=552"}],"version-history":[{"count":5,"href":"https:\/\/pravnapomoc.org\/lat\/wp-json\/wp\/v2\/pages\/552\/revisions"}],"predecessor-version":[{"id":5383,"href":"https:\/\/pravnapomoc.org\/lat\/wp-json\/wp\/v2\/pages\/552\/revisions\/5383"}],"wp:attachment":[{"href":"https:\/\/pravnapomoc.org\/lat\/wp-json\/wp\/v2\/media?parent=552"}],"curies":[{"name":"wp","href":"https:\/\/api.w.org\/{rel}","templated":true}]}}