{"id":4321,"date":"2019-12-16T16:53:13","date_gmt":"2019-12-16T15:53:13","guid":{"rendered":"https:\/\/pravnapomoc.org\/?page_id=4321\/"},"modified":"2019-12-16T16:53:13","modified_gmt":"2019-12-16T15:53:13","slug":"izvestaji","status":"publish","type":"page","link":"https:\/\/pravnapomoc.org\/lat\/arhiva\/izvestaji\/","title":{"rendered":"Izve\u0161taji"},"content":{"rendered":"<p>[vc_row css_animation=&#8221;&#8221; row_type=&#8221;row&#8221; use_row_as_full_screen_section=&#8221;no&#8221; type=&#8221;grid&#8221; angled_section=&#8221;no&#8221; text_align=&#8221;left&#8221; background_image_as_pattern=&#8221;without_pattern&#8221; padding_top=&#8221;100&#8243; padding_bottom=&#8221;100&#8243;][vc_column][vc_column_text]<\/p>\n<h1>Izve\u0161taji<\/h1>\n<p>[\/vc_column_text][vc_empty_space height=&#8221;25px&#8221;][vc_column_text]<i class=\"fa fa-file-pdf-o fa-3x\" style=\"vertical-align: middle; margin-right: 30px;\"><\/i><a href=\"http:\/\/pravnapomoc.org\/wp-content\/uploads\/2018\/07\/Tematski-izve\u0161taj-Medijacija-na-Kosovu-i-Metohiji.pdf\" target=\"_blank\" rel=\"noopener\">Tematski izve\u0161taj na temu &#8220;Medijacija na Kosovu i Metohiji&#8221;, Bla\u017eo Nedi\u0107<\/a>\u00a0&#8211; maj 2018.[\/vc_column_text][vc_empty_space height=&#8221;25px&#8221;][vc_column_text]<i class=\"fa fa-file-pdf-o fa-3x\" style=\"vertical-align: middle; margin-right: 30px;\"><\/i><a href=\"http:\/\/pravnapomoc.org\/wp-content\/uploads\/2018\/10\/Sudkse-i-administrativne-takse-final.pdf\" target=\"_blank\" rel=\"noopener\">Tematski izve\u0161taj &#8220;Sudske i administrativne takse, donete od privremenih institucija u Pri\u0161tini, kao ote\u017eavaju\u0107i \u010dinilac u ostvarivanju imovinskih prava interno raseljenih lica&#8221;, Aleksandar Radovanovi\u0107<\/a>\u00a0&#8211; april 2017.[\/vc_column_text][vc_empty_space height=&#8221;25px&#8221;][vc_column_text]<i class=\"fa fa-file-pdf-o fa-3x\" style=\"vertical-align: middle; margin-right: 30px;\"><\/i><a href=\"http:\/\/pravnapomoc.org\/wp-content\/uploads\/2018\/04\/\u0422\u0435\u043c\u0430\u0442\u0438\u0441\u043a\u0438-\u0438\u0437\u0432\u0435\u0448\u0442\u0430\u0458-\u041f\u0440\u0438\u0441\u0442\u0443\u043f-\u043f\u0440\u0430\u0432\u0434\u0438-\u041d\u0435\u043c\u0430\u045a\u0430-\u0418\u043b\u0438\u045b-\u043c\u0430\u0440\u0442-2018.pdf\" target=\"_blank\" rel=\"noopener\">Tematski izve\u0161taj na temu &#8220;Pristup pravdi&#8221;, Nemanja Ili\u0107<\/a>\u00a0&#8211; februar 2018.[\/vc_column_text][vc_empty_space height=&#8221;25px&#8221;][vc_column_text]<i class=\"fa fa-file-pdf-o fa-3x\" style=\"vertical-align: middle; margin-right: 30px;\"><\/i><a href=\"http:\/\/pravnapomoc.org\/wp-content\/uploads\/2018\/01\/\u0422\u0435\u043c\u0430\u0442\u0441\u043a\u0438-\u0438\u0437\u0432\u0435\u0448\u0442\u0430\u0458-\u043e-\u0441\u0442\u0440\u0430\u0442\u0435\u0448\u043a\u043e\u043c-\u043d\u043e\u0440\u043c\u0430\u0442\u0438\u0432\u043d\u043e\u043c-\u043e\u043a\u0432\u0438\u0440\u0443-\u0437\u0430-\u0440\u0435\u0433\u0443\u043b\u0438\u0441\u0430\u045a\u0435-\u0438\u043c\u043e\u0432\u0438\u043d\u0441\u043a\u0438\u0445-\u043f\u0440\u0430\u0432\u0430-\u043d\u0430-\u041a\u043e\u0441\u043e\u0432\u0443.pdf\" target=\"_blank\" rel=\"noopener\">Tematski izve\u0161taj o strate\u0161kom normativnom okviru za regulisanje imovinskih pitanja na KiM, Aleksandar Radovanovi\u0107<\/a>\u00a0&#8211; novembar 2017.[\/vc_column_text][vc_empty_space height=&#8221;25px&#8221;][vc_column_text]<i class=\"fa fa-file-pdf-o fa-3x\" style=\"vertical-align: middle; margin-right: 30px;\"><\/i><a href=\"http:\/\/pravnapomoc.org\/wp-content\/uploads\/2017\/10\/\u0418\u0437\u0432\u0435\u0448\u0442\u0430\u0458-\u043e-\u043f\u043e\u0441\u043b\u0435\u0434\u0438\u0446\u0430\u043c\u0430-\u0437\u0430\u043a\u043e\u043d\u0441\u043a\u0438\u0445-\u0440\u0435\u0448\u0435\u045a\u0430-\u041f\u0440\u0438\u0448\u0442\u0438\u043d\u0435-\u043f\u043e-\u0440\u0435\u0448\u0430\u0432\u0430\u045a\u0443-\u043f\u0438\u0442\u0430\u045a\u0430-\u0438\u043c\u043e\u0432\u0438\u043d\u0435_\u041d\u0435\u043c\u0430\u045a\u0430-\u0418\u043b\u0438\u045b_18102017.pdf\" target=\"_blank\" rel=\"noopener\">Tematski izve\u0161taj na temu &#8220;Posledice zakonskih re\u0161enja Pri\u0161tine po re\u0161avanju pitanja imovine&#8221;, Nemanja Ili\u0107<\/a>\u00a0&#8211; oktobar 2017.[\/vc_column_text][vc_empty_space height=&#8221;25px&#8221;][vc_column_text]<i class=\"fa fa-file-pdf-o fa-3x\" style=\"vertical-align: middle; margin-right: 30px;\"><\/i><a href=\"http:\/\/pravnapomoc.org\/wp-content\/uploads\/2017\/08\/Tematski-izvestaj-o-prevarnim-transkacijama-imovine.pdf\" target=\"_blank\" rel=\"noopener\">Tematski izve\u0161taj na temu &#8220;Prevarne transakcije imovine&#8221;, Meri Vol\u0161<\/a>\u00a0&#8211; jul 2017.[\/vc_column_text][vc_empty_space height=&#8221;25px&#8221;][vc_column_text]<i class=\"fa fa-file-pdf-o fa-3x\" style=\"vertical-align: middle; margin-right: 30px;\"><\/i><a href=\"http:\/\/pravnapomoc.org\/wp-content\/uploads\/2017\/08\/%D0%BC%D0%BE%D0%B2%D0%B8%D0%BD%D0%B0-%D0%B8%D1%80%D0%BB-%D1%81%D0%B0-%D0%BA%D0%BE%D1%81%D0%BE%D0%B2%D0%B0-%D0%B8-%D0%BC%D0%B5%D1%82%D0%BE%D1%85%D0%B8%D1%98%D0%B5-%D0%BA%D0%BE%D0%BD%D0%B0%D1%87%D0%BD%D0%B0-.pdf\">Tematski izve\u0161taj na temu &#8220;Uni\u0161tena i o\u0161te\u0107ena imovina interno raseljenih lica sa Kosova i Metohije&#8221;, Branislav Risti\u0107-<\/a> avgust 2017.[\/vc_column_text][\/vc_column][\/vc_row]<\/p>\n","protected":false},"excerpt":{"rendered":"<p>[vc_row css_animation=&#8221;&#8221; row_type=&#8221;row&#8221; use_row_as_full_screen_section=&#8221;no&#8221; type=&#8221;grid&#8221; angled_section=&#8221;no&#8221; text_align=&#8221;left&#8221; background_image_as_pattern=&#8221;without_pattern&#8221; padding_top=&#8221;100&#8243; padding_bottom=&#8221;100&#8243;][vc_column][vc_column_text] Izve\u0161taji [\/vc_column_text][vc_empty_space height=&#8221;25px&#8221;][vc_column_text]Tematski izve\u0161taj na temu &#8220;Medijacija na Kosovu i Metohiji&#8221;, Bla\u017eo Nedi\u0107\u00a0&#8211; maj 2018.[\/vc_column_text][vc_empty_space height=&#8221;25px&#8221;][vc_column_text]Tematski izve\u0161taj &#8220;Sudske i administrativne takse, donete od privremenih institucija u Pri\u0161tini, kao ote\u017eavaju\u0107i \u010dinilac u ostvarivanju imovinskih prava interno&#8230;<\/p>\n","protected":false},"author":2,"featured_media":0,"parent":1592,"menu_order":0,"comment_status":"closed","ping_status":"closed","template":"full_width.php","meta":{"_acf_changed":false,"inline_featured_image":false,"footnotes":""},"class_list":["post-4321","page","type-page","status-publish","hentry"],"acf":[],"yoast_head":"<!-- This site is optimized with the Yoast SEO plugin v27.3 - https:\/\/yoast.com\/product\/yoast-seo-wordpress\/ -->\n<title>Izve\u0161taji - Free legal aid<\/title>\n<meta name=\"robots\" content=\"index, follow, max-snippet:-1, max-image-preview:large, max-video-preview:-1\" \/>\n<link rel=\"canonical\" href=\"https:\/\/pravnapomoc.org\/?page_id=4323\/\" \/>\n<meta property=\"og:locale\" content=\"en_US\" \/>\n<meta property=\"og:type\" content=\"article\" \/>\n<meta property=\"og:title\" content=\"Izve\u0161taji - Free legal aid\" \/>\n<meta property=\"og:description\" content=\"[vc_row css_animation=&#8221;&#8221; row_type=&#8221;row&#8221; use_row_as_full_screen_section=&#8221;no&#8221; type=&#8221;grid&#8221; angled_section=&#8221;no&#8221; text_align=&#8221;left&#8221; background_image_as_pattern=&#8221;without_pattern&#8221; padding_top=&#8221;100&#8243; padding_bottom=&#8221;100&#8243;][vc_column][vc_column_text] Izve\u0161taji [\/vc_column_text][vc_empty_space height=&#8221;25px&#8221;][vc_column_text]Tematski izve\u0161taj na temu &#8220;Medijacija na Kosovu i Metohiji&#8221;, Bla\u017eo Nedi\u0107\u00a0&#8211; maj 2018.[\/vc_column_text][vc_empty_space height=&#8221;25px&#8221;][vc_column_text]Tematski izve\u0161taj &#8220;Sudske i administrativne takse, donete od privremenih institucija u Pri\u0161tini, kao ote\u017eavaju\u0107i \u010dinilac u ostvarivanju imovinskih prava interno...\" \/>\n<meta property=\"og:url\" content=\"https:\/\/pravnapomoc.org\/?page_id=4323\/\" \/>\n<meta property=\"og:site_name\" content=\"Free legal aid\" \/>\n<meta name=\"twitter:card\" content=\"summary_large_image\" \/>\n<meta name=\"twitter:label1\" content=\"Est. reading time\" \/>\n\t<meta name=\"twitter:data1\" content=\"1 minute\" \/>\n<script type=\"application\/ld+json\" class=\"yoast-schema-graph\">{\"@context\":\"https:\\\/\\\/schema.org\",\"@graph\":[{\"@type\":\"WebPage\",\"@id\":\"https:\\\/\\\/pravnapomoc.org\\\/?page_id=4323\\\/\",\"url\":\"https:\\\/\\\/pravnapomoc.org\\\/?page_id=4323\\\/\",\"name\":\"Izve\u0161taji - Free legal aid\",\"isPartOf\":{\"@id\":\"https:\\\/\\\/pravnapomoc.org\\\/#website\"},\"datePublished\":\"2019-12-16T15:53:13+00:00\",\"breadcrumb\":{\"@id\":\"https:\\\/\\\/pravnapomoc.org\\\/?page_id=4323\\\/#breadcrumb\"},\"inLanguage\":\"sr-RS@latin\",\"potentialAction\":[{\"@type\":\"ReadAction\",\"target\":[\"https:\\\/\\\/pravnapomoc.org\\\/?page_id=4323\\\/\"]}]},{\"@type\":\"BreadcrumbList\",\"@id\":\"https:\\\/\\\/pravnapomoc.org\\\/?page_id=4323\\\/#breadcrumb\",\"itemListElement\":[{\"@type\":\"ListItem\",\"position\":1,\"name\":\"Home\",\"item\":\"https:\\\/\\\/pravnapomoc.org\\\/lat\\\/\"},{\"@type\":\"ListItem\",\"position\":2,\"name\":\"Arhiva\",\"item\":\"https:\\\/\\\/pravnapomoc.org\\\/%d0%b0%d1%80%d1%85%d0%b8%d0%b2%d0%b0\\\/\"},{\"@type\":\"ListItem\",\"position\":3,\"name\":\"Izve\u0161taji\"}]},{\"@type\":\"WebSite\",\"@id\":\"https:\\\/\\\/pravnapomoc.org\\\/#website\",\"url\":\"https:\\\/\\\/pravnapomoc.org\\\/\",\"name\":\"Free legal aid\",\"description\":\"Promotion and the protection of property rights of internally displaced persons, refugees and returnees upon readmission agreements\",\"potentialAction\":[{\"@type\":\"SearchAction\",\"target\":{\"@type\":\"EntryPoint\",\"urlTemplate\":\"https:\\\/\\\/pravnapomoc.org\\\/?s={search_term_string}\"},\"query-input\":{\"@type\":\"PropertyValueSpecification\",\"valueRequired\":true,\"valueName\":\"search_term_string\"}}],\"inLanguage\":\"sr-RS@latin\"}]}<\/script>\n<!-- \/ Yoast SEO plugin. -->","yoast_head_json":{"title":"Izve\u0161taji - Free legal aid","robots":{"index":"index","follow":"follow","max-snippet":"max-snippet:-1","max-image-preview":"max-image-preview:large","max-video-preview":"max-video-preview:-1"},"canonical":"https:\/\/pravnapomoc.org\/?page_id=4323\/","og_locale":"en_US","og_type":"article","og_title":"Izve\u0161taji - Free legal aid","og_description":"[vc_row css_animation=&#8221;&#8221; row_type=&#8221;row&#8221; use_row_as_full_screen_section=&#8221;no&#8221; type=&#8221;grid&#8221; angled_section=&#8221;no&#8221; text_align=&#8221;left&#8221; background_image_as_pattern=&#8221;without_pattern&#8221; padding_top=&#8221;100&#8243; padding_bottom=&#8221;100&#8243;][vc_column][vc_column_text] Izve\u0161taji [\/vc_column_text][vc_empty_space height=&#8221;25px&#8221;][vc_column_text]Tematski izve\u0161taj na temu &#8220;Medijacija na Kosovu i Metohiji&#8221;, Bla\u017eo Nedi\u0107\u00a0&#8211; maj 2018.[\/vc_column_text][vc_empty_space height=&#8221;25px&#8221;][vc_column_text]Tematski izve\u0161taj &#8220;Sudske i administrativne takse, donete od privremenih institucija u Pri\u0161tini, kao ote\u017eavaju\u0107i \u010dinilac u ostvarivanju imovinskih prava interno...","og_url":"https:\/\/pravnapomoc.org\/?page_id=4323\/","og_site_name":"Free legal aid","twitter_card":"summary_large_image","twitter_misc":{"Est. reading time":"1 minute"},"schema":{"@context":"https:\/\/schema.org","@graph":[{"@type":"WebPage","@id":"https:\/\/pravnapomoc.org\/?page_id=4323\/","url":"https:\/\/pravnapomoc.org\/?page_id=4323\/","name":"Izve\u0161taji - Free legal aid","isPartOf":{"@id":"https:\/\/pravnapomoc.org\/#website"},"datePublished":"2019-12-16T15:53:13+00:00","breadcrumb":{"@id":"https:\/\/pravnapomoc.org\/?page_id=4323\/#breadcrumb"},"inLanguage":"sr-RS@latin","potentialAction":[{"@type":"ReadAction","target":["https:\/\/pravnapomoc.org\/?page_id=4323\/"]}]},{"@type":"BreadcrumbList","@id":"https:\/\/pravnapomoc.org\/?page_id=4323\/#breadcrumb","itemListElement":[{"@type":"ListItem","position":1,"name":"Home","item":"https:\/\/pravnapomoc.org\/lat\/"},{"@type":"ListItem","position":2,"name":"Arhiva","item":"https:\/\/pravnapomoc.org\/%d0%b0%d1%80%d1%85%d0%b8%d0%b2%d0%b0\/"},{"@type":"ListItem","position":3,"name":"Izve\u0161taji"}]},{"@type":"WebSite","@id":"https:\/\/pravnapomoc.org\/#website","url":"https:\/\/pravnapomoc.org\/","name":"Free legal aid","description":"Promotion and the protection of property rights of internally displaced persons, refugees and returnees upon readmission agreements","potentialAction":[{"@type":"SearchAction","target":{"@type":"EntryPoint","urlTemplate":"https:\/\/pravnapomoc.org\/?s={search_term_string}"},"query-input":{"@type":"PropertyValueSpecification","valueRequired":true,"valueName":"search_term_string"}}],"inLanguage":"sr-RS@latin"}]}},"_links":{"self":[{"href":"https:\/\/pravnapomoc.org\/lat\/wp-json\/wp\/v2\/pages\/4321","targetHints":{"allow":["GET"]}}],"collection":[{"href":"https:\/\/pravnapomoc.org\/lat\/wp-json\/wp\/v2\/pages"}],"about":[{"href":"https:\/\/pravnapomoc.org\/lat\/wp-json\/wp\/v2\/types\/page"}],"author":[{"embeddable":true,"href":"https:\/\/pravnapomoc.org\/lat\/wp-json\/wp\/v2\/users\/2"}],"replies":[{"embeddable":true,"href":"https:\/\/pravnapomoc.org\/lat\/wp-json\/wp\/v2\/comments?post=4321"}],"version-history":[{"count":1,"href":"https:\/\/pravnapomoc.org\/lat\/wp-json\/wp\/v2\/pages\/4321\/revisions"}],"predecessor-version":[{"id":4324,"href":"https:\/\/pravnapomoc.org\/lat\/wp-json\/wp\/v2\/pages\/4321\/revisions\/4324"}],"up":[{"embeddable":true,"href":"https:\/\/pravnapomoc.org\/lat\/wp-json\/wp\/v2\/pages\/1592"}],"wp:attachment":[{"href":"https:\/\/pravnapomoc.org\/lat\/wp-json\/wp\/v2\/media?parent=4321"}],"curies":[{"name":"wp","href":"https:\/\/api.w.org\/{rel}","templated":true}]}}