{"id":4310,"date":"2019-12-16T11:37:19","date_gmt":"2019-12-16T10:37:19","guid":{"rendered":"https:\/\/pravnapomoc.org\/?page_id=4310\/"},"modified":"2024-04-24T09:00:25","modified_gmt":"2024-04-24T08:00:25","slug":"povratnici-po-sporazumima-o-readmisiji","status":"publish","type":"page","link":"https:\/\/pravnapomoc.org\/lat\/povratnici-po-sporazumima-o-readmisiji\/","title":{"rendered":"Povratnici po sporazumima o readmisiji"},"content":{"rendered":"<p>[vc_row css_animation=&#8221;&#8221; row_type=&#8221;row&#8221; use_row_as_full_screen_section=&#8221;no&#8221; type=&#8221;full_width&#8221; angled_section=&#8221;no&#8221; text_align=&#8221;left&#8221; background_image_as_pattern=&#8221;without_pattern&#8221;][vc_column][vc_column_text]Pravni problemi lica koja su u Republiku Srbiju vratili prema sporazumima o readmisiji potpisanim sa zemljama \u010dlanicama EU naj\u010de\u0161\u0107e su:<\/p>\n<ul>\n<li>Neposedovanje li\u010dnih dokumenata Republike Srbije;<\/li>\n<li>Nisu upisani u mati\u010dne knjige i nemaju regulisano dr\u017eavljanstvo Republike Srbije.<\/li>\n<\/ul>\n<p>Projektni tim za povratnike koja se obrate projektu za pravnu pomo\u0107 besplatno obezbe\u0111uje:<\/p>\n<p>&nbsp;<\/p>\n<ul>\n<li>Pru\u017eanje pravnih saveta;<\/li>\n<li>Pribavljanje izvoda za va\u0111enje li\u010dnih dokumenata (LK, paso\u0161, zdravstvena knji\u017eica);<\/li>\n<li>Upu\u0107ivanje na druge institucije za regulisanje prava na zdravstvenu i socijalnu zaptitu i zapo\u0161ljavanje.<\/li>\n<\/ul>\n<p>Terenske posete mestima boravka ovih lica obezbe\u0111uju da se besplatna pravna pomo\u0107 i savetovanje pru\u017ee u direktnom kontaktu i mestima njihovog ulaska (ponovnog povratka) u Republiku Srbiju.[\/vc_column_text][\/vc_column][\/vc_row]<\/p>\n","protected":false},"excerpt":{"rendered":"<p>[vc_row css_animation=&#8221;&#8221; row_type=&#8221;row&#8221; use_row_as_full_screen_section=&#8221;no&#8221; type=&#8221;full_width&#8221; angled_section=&#8221;no&#8221; text_align=&#8221;left&#8221; background_image_as_pattern=&#8221;without_pattern&#8221;][vc_column][vc_column_text]Pravni problemi lica koja su u Republiku Srbiju vratili prema sporazumima o readmisiji potpisanim sa zemljama \u010dlanicama EU naj\u010de\u0161\u0107e su: Neposedovanje li\u010dnih dokumenata Republike Srbije; Nisu upisani u mati\u010dne knjige i nemaju regulisano dr\u017eavljanstvo Republike Srbije. Projektni tim&#8230;<\/p>\n","protected":false},"author":2,"featured_media":0,"parent":0,"menu_order":0,"comment_status":"closed","ping_status":"closed","template":"","meta":{"_acf_changed":false,"inline_featured_image":false,"footnotes":""},"class_list":["post-4310","page","type-page","status-publish","hentry"],"acf":[],"yoast_head":"<!-- This site is optimized with the Yoast SEO plugin v27.4 - https:\/\/yoast.com\/product\/yoast-seo-wordpress\/ -->\n<title>Povratnici po sporazumima o readmisiji - Free legal aid<\/title>\n<meta name=\"robots\" content=\"index, follow, max-snippet:-1, max-image-preview:large, max-video-preview:-1\" \/>\n<link rel=\"canonical\" href=\"https:\/\/pravnapomoc.org\/lat\/povratnici-po-sporazumima-o-readmisiji\/\" \/>\n<meta property=\"og:locale\" content=\"en_US\" \/>\n<meta property=\"og:type\" content=\"article\" \/>\n<meta property=\"og:title\" content=\"Povratnici po sporazumima o readmisiji - Free legal aid\" \/>\n<meta property=\"og:description\" content=\"[vc_row css_animation=&#8221;&#8221; row_type=&#8221;row&#8221; use_row_as_full_screen_section=&#8221;no&#8221; type=&#8221;full_width&#8221; angled_section=&#8221;no&#8221; text_align=&#8221;left&#8221; background_image_as_pattern=&#8221;without_pattern&#8221;][vc_column][vc_column_text]Pravni problemi lica koja su u Republiku Srbiju vratili prema sporazumima o readmisiji potpisanim sa zemljama \u010dlanicama EU naj\u010de\u0161\u0107e su: Neposedovanje li\u010dnih dokumenata Republike Srbije; Nisu upisani u mati\u010dne knjige i nemaju regulisano dr\u017eavljanstvo Republike Srbije. Projektni tim...\" \/>\n<meta property=\"og:url\" content=\"https:\/\/pravnapomoc.org\/lat\/povratnici-po-sporazumima-o-readmisiji\/\" \/>\n<meta property=\"og:site_name\" content=\"Free legal aid\" \/>\n<meta property=\"article:modified_time\" content=\"2024-04-24T08:00:25+00:00\" \/>\n<meta name=\"twitter:card\" content=\"summary_large_image\" \/>\n<meta name=\"twitter:label1\" content=\"Est. reading time\" \/>\n\t<meta name=\"twitter:data1\" content=\"1 minute\" \/>\n<script type=\"application\/ld+json\" class=\"yoast-schema-graph\">{\"@context\":\"https:\\\/\\\/schema.org\",\"@graph\":[{\"@type\":\"WebPage\",\"@id\":\"https:\\\/\\\/pravnapomoc.org\\\/lat\\\/povratnici-po-sporazumima-o-readmisiji\\\/\",\"url\":\"https:\\\/\\\/pravnapomoc.org\\\/lat\\\/povratnici-po-sporazumima-o-readmisiji\\\/\",\"name\":\"Povratnici po sporazumima o readmisiji - Free legal aid\",\"isPartOf\":{\"@id\":\"https:\\\/\\\/pravnapomoc.org\\\/#website\"},\"datePublished\":\"2019-12-16T10:37:19+00:00\",\"dateModified\":\"2024-04-24T08:00:25+00:00\",\"breadcrumb\":{\"@id\":\"https:\\\/\\\/pravnapomoc.org\\\/lat\\\/povratnici-po-sporazumima-o-readmisiji\\\/#breadcrumb\"},\"inLanguage\":\"sr-RS@latin\",\"potentialAction\":[{\"@type\":\"ReadAction\",\"target\":[\"https:\\\/\\\/pravnapomoc.org\\\/lat\\\/povratnici-po-sporazumima-o-readmisiji\\\/\"]}]},{\"@type\":\"BreadcrumbList\",\"@id\":\"https:\\\/\\\/pravnapomoc.org\\\/lat\\\/povratnici-po-sporazumima-o-readmisiji\\\/#breadcrumb\",\"itemListElement\":[{\"@type\":\"ListItem\",\"position\":1,\"name\":\"Home\",\"item\":\"https:\\\/\\\/pravnapomoc.org\\\/lat\\\/\"},{\"@type\":\"ListItem\",\"position\":2,\"name\":\"Povratnici po sporazumima o readmisiji\"}]},{\"@type\":\"WebSite\",\"@id\":\"https:\\\/\\\/pravnapomoc.org\\\/#website\",\"url\":\"https:\\\/\\\/pravnapomoc.org\\\/\",\"name\":\"Free legal aid\",\"description\":\"Promotion and the protection of property rights of internally displaced persons, refugees and returnees upon readmission agreements\",\"potentialAction\":[{\"@type\":\"SearchAction\",\"target\":{\"@type\":\"EntryPoint\",\"urlTemplate\":\"https:\\\/\\\/pravnapomoc.org\\\/?s={search_term_string}\"},\"query-input\":{\"@type\":\"PropertyValueSpecification\",\"valueRequired\":true,\"valueName\":\"search_term_string\"}}],\"inLanguage\":\"sr-RS@latin\"}]}<\/script>\n<!-- \/ Yoast SEO plugin. -->","yoast_head_json":{"title":"Povratnici po sporazumima o readmisiji - Free legal aid","robots":{"index":"index","follow":"follow","max-snippet":"max-snippet:-1","max-image-preview":"max-image-preview:large","max-video-preview":"max-video-preview:-1"},"canonical":"https:\/\/pravnapomoc.org\/lat\/povratnici-po-sporazumima-o-readmisiji\/","og_locale":"en_US","og_type":"article","og_title":"Povratnici po sporazumima o readmisiji - Free legal aid","og_description":"[vc_row css_animation=&#8221;&#8221; row_type=&#8221;row&#8221; use_row_as_full_screen_section=&#8221;no&#8221; type=&#8221;full_width&#8221; angled_section=&#8221;no&#8221; text_align=&#8221;left&#8221; background_image_as_pattern=&#8221;without_pattern&#8221;][vc_column][vc_column_text]Pravni problemi lica koja su u Republiku Srbiju vratili prema sporazumima o readmisiji potpisanim sa zemljama \u010dlanicama EU naj\u010de\u0161\u0107e su: Neposedovanje li\u010dnih dokumenata Republike Srbije; Nisu upisani u mati\u010dne knjige i nemaju regulisano dr\u017eavljanstvo Republike Srbije. Projektni tim...","og_url":"https:\/\/pravnapomoc.org\/lat\/povratnici-po-sporazumima-o-readmisiji\/","og_site_name":"Free legal aid","article_modified_time":"2024-04-24T08:00:25+00:00","twitter_card":"summary_large_image","twitter_misc":{"Est. reading time":"1 minute"},"schema":{"@context":"https:\/\/schema.org","@graph":[{"@type":"WebPage","@id":"https:\/\/pravnapomoc.org\/lat\/povratnici-po-sporazumima-o-readmisiji\/","url":"https:\/\/pravnapomoc.org\/lat\/povratnici-po-sporazumima-o-readmisiji\/","name":"Povratnici po sporazumima o readmisiji - Free legal aid","isPartOf":{"@id":"https:\/\/pravnapomoc.org\/#website"},"datePublished":"2019-12-16T10:37:19+00:00","dateModified":"2024-04-24T08:00:25+00:00","breadcrumb":{"@id":"https:\/\/pravnapomoc.org\/lat\/povratnici-po-sporazumima-o-readmisiji\/#breadcrumb"},"inLanguage":"sr-RS@latin","potentialAction":[{"@type":"ReadAction","target":["https:\/\/pravnapomoc.org\/lat\/povratnici-po-sporazumima-o-readmisiji\/"]}]},{"@type":"BreadcrumbList","@id":"https:\/\/pravnapomoc.org\/lat\/povratnici-po-sporazumima-o-readmisiji\/#breadcrumb","itemListElement":[{"@type":"ListItem","position":1,"name":"Home","item":"https:\/\/pravnapomoc.org\/lat\/"},{"@type":"ListItem","position":2,"name":"Povratnici po sporazumima o readmisiji"}]},{"@type":"WebSite","@id":"https:\/\/pravnapomoc.org\/#website","url":"https:\/\/pravnapomoc.org\/","name":"Free legal aid","description":"Promotion and the protection of property rights of internally displaced persons, refugees and returnees upon readmission agreements","potentialAction":[{"@type":"SearchAction","target":{"@type":"EntryPoint","urlTemplate":"https:\/\/pravnapomoc.org\/?s={search_term_string}"},"query-input":{"@type":"PropertyValueSpecification","valueRequired":true,"valueName":"search_term_string"}}],"inLanguage":"sr-RS@latin"}]}},"_links":{"self":[{"href":"https:\/\/pravnapomoc.org\/lat\/wp-json\/wp\/v2\/pages\/4310","targetHints":{"allow":["GET"]}}],"collection":[{"href":"https:\/\/pravnapomoc.org\/lat\/wp-json\/wp\/v2\/pages"}],"about":[{"href":"https:\/\/pravnapomoc.org\/lat\/wp-json\/wp\/v2\/types\/page"}],"author":[{"embeddable":true,"href":"https:\/\/pravnapomoc.org\/lat\/wp-json\/wp\/v2\/users\/2"}],"replies":[{"embeddable":true,"href":"https:\/\/pravnapomoc.org\/lat\/wp-json\/wp\/v2\/comments?post=4310"}],"version-history":[{"count":5,"href":"https:\/\/pravnapomoc.org\/lat\/wp-json\/wp\/v2\/pages\/4310\/revisions"}],"predecessor-version":[{"id":5330,"href":"https:\/\/pravnapomoc.org\/lat\/wp-json\/wp\/v2\/pages\/4310\/revisions\/5330"}],"wp:attachment":[{"href":"https:\/\/pravnapomoc.org\/lat\/wp-json\/wp\/v2\/media?parent=4310"}],"curies":[{"name":"wp","href":"https:\/\/api.w.org\/{rel}","templated":true}]}}