{"id":4308,"date":"2019-12-16T11:28:43","date_gmt":"2019-12-16T10:28:43","guid":{"rendered":"https:\/\/pravnapomoc.org\/?page_id=4308\/"},"modified":"2019-12-16T11:28:43","modified_gmt":"2019-12-16T10:28:43","slug":"izbeglice","status":"publish","type":"page","link":"https:\/\/pravnapomoc.org\/lat\/izbeglice\/","title":{"rendered":"Izbeglice"},"content":{"rendered":"<p>[vc_row css_animation=&#8221;&#8221; row_type=&#8221;row&#8221; use_row_as_full_screen_section=&#8221;no&#8221; type=&#8221;full_width&#8221; angled_section=&#8221;no&#8221; text_align=&#8221;left&#8221; background_image_as_pattern=&#8221;without_pattern&#8221;][vc_column][vc_column_text]Licima izbeglim iz Hrvatske i Bosne i Hercegovine obezbe\u0111ena je besplatna pravna pomo\u0107 u ostvarivanju prava u mestima iz kojih poti\u010du u prete\u017eno slede\u0107im slu\u010dajevima:<\/p>\n<ul>\n<li>Povra\u0107aj i obnova imovine;<\/li>\n<li>Stanarska prava;<\/li>\n<li>Ostvarivanje prava na penziju.<\/li>\n<\/ul>\n<p>Projektni tim za izbeglice koje se obrate projektu za pravnu pomo\u0107 besplatno obezbe\u0111uje:<\/p>\n<ul>\n<li>Pravne savete u pripremi pravne dokumentacije, tj. podnesaka (tu\u017ebe, \u017ealbe i sl.) koji su im neophodni;<\/li>\n<li>Pru\u017eanje pravnih saveta i relevantnih informacija;<\/li>\n<li>Pripremi ovih lica za samostalno zastupanje pred sudovima i drugim institucijama.<\/li>\n<\/ul>\n<p>[\/vc_column_text][\/vc_column][\/vc_row]<\/p>\n","protected":false},"excerpt":{"rendered":"<p>[vc_row css_animation=&#8221;&#8221; row_type=&#8221;row&#8221; use_row_as_full_screen_section=&#8221;no&#8221; type=&#8221;full_width&#8221; angled_section=&#8221;no&#8221; text_align=&#8221;left&#8221; background_image_as_pattern=&#8221;without_pattern&#8221;][vc_column][vc_column_text]Licima izbeglim iz Hrvatske i Bosne i Hercegovine obezbe\u0111ena je besplatna pravna pomo\u0107 u ostvarivanju prava u mestima iz kojih poti\u010du u prete\u017eno slede\u0107im slu\u010dajevima: Povra\u0107aj i obnova imovine; Stanarska prava; Ostvarivanje prava na penziju. Projektni tim za&#8230;<\/p>\n","protected":false},"author":2,"featured_media":0,"parent":0,"menu_order":0,"comment_status":"closed","ping_status":"closed","template":"","meta":{"_acf_changed":false,"inline_featured_image":false,"footnotes":""},"class_list":["post-4308","page","type-page","status-publish","hentry"],"acf":[],"yoast_head":"<!-- This site is optimized with the Yoast SEO plugin v27.4 - https:\/\/yoast.com\/product\/yoast-seo-wordpress\/ -->\n<title>Izbeglice - Free legal aid<\/title>\n<meta name=\"robots\" content=\"index, follow, max-snippet:-1, max-image-preview:large, max-video-preview:-1\" \/>\n<link rel=\"canonical\" href=\"https:\/\/pravnapomoc.org\/\u0438\u0437\u0431\u0435\u0433\u043b\u0438\u0446\u0435\/\" \/>\n<meta property=\"og:locale\" content=\"en_US\" \/>\n<meta property=\"og:type\" content=\"article\" \/>\n<meta property=\"og:title\" content=\"Izbeglice - Free legal aid\" \/>\n<meta property=\"og:description\" content=\"[vc_row css_animation=&#8221;&#8221; row_type=&#8221;row&#8221; use_row_as_full_screen_section=&#8221;no&#8221; type=&#8221;full_width&#8221; angled_section=&#8221;no&#8221; text_align=&#8221;left&#8221; background_image_as_pattern=&#8221;without_pattern&#8221;][vc_column][vc_column_text]Licima izbeglim iz Hrvatske i Bosne i Hercegovine obezbe\u0111ena je besplatna pravna pomo\u0107 u ostvarivanju prava u mestima iz kojih poti\u010du u prete\u017eno slede\u0107im slu\u010dajevima: Povra\u0107aj i obnova imovine; Stanarska prava; Ostvarivanje prava na penziju. Projektni tim za...\" \/>\n<meta property=\"og:url\" content=\"https:\/\/pravnapomoc.org\/\u0438\u0437\u0431\u0435\u0433\u043b\u0438\u0446\u0435\/\" \/>\n<meta property=\"og:site_name\" content=\"Free legal aid\" \/>\n<meta name=\"twitter:card\" content=\"summary_large_image\" \/>\n<meta name=\"twitter:label1\" content=\"Est. reading time\" \/>\n\t<meta name=\"twitter:data1\" content=\"1 minute\" \/>\n<script type=\"application\/ld+json\" class=\"yoast-schema-graph\">{\"@context\":\"https:\\\/\\\/schema.org\",\"@graph\":[{\"@type\":\"WebPage\",\"@id\":\"https:\\\/\\\/pravnapomoc.org\\\/%d0%b8%d0%b7%d0%b1%d0%b5%d0%b3%d0%bb%d0%b8%d1%86%d0%b5\\\/\",\"url\":\"https:\\\/\\\/pravnapomoc.org\\\/%d0%b8%d0%b7%d0%b1%d0%b5%d0%b3%d0%bb%d0%b8%d1%86%d0%b5\\\/\",\"name\":\"Izbeglice - Free legal aid\",\"isPartOf\":{\"@id\":\"https:\\\/\\\/pravnapomoc.org\\\/#website\"},\"datePublished\":\"2019-12-16T10:28:43+00:00\",\"breadcrumb\":{\"@id\":\"https:\\\/\\\/pravnapomoc.org\\\/%d0%b8%d0%b7%d0%b1%d0%b5%d0%b3%d0%bb%d0%b8%d1%86%d0%b5\\\/#breadcrumb\"},\"inLanguage\":\"sr-RS@latin\",\"potentialAction\":[{\"@type\":\"ReadAction\",\"target\":[\"https:\\\/\\\/pravnapomoc.org\\\/%d0%b8%d0%b7%d0%b1%d0%b5%d0%b3%d0%bb%d0%b8%d1%86%d0%b5\\\/\"]}]},{\"@type\":\"BreadcrumbList\",\"@id\":\"https:\\\/\\\/pravnapomoc.org\\\/%d0%b8%d0%b7%d0%b1%d0%b5%d0%b3%d0%bb%d0%b8%d1%86%d0%b5\\\/#breadcrumb\",\"itemListElement\":[{\"@type\":\"ListItem\",\"position\":1,\"name\":\"Home\",\"item\":\"https:\\\/\\\/pravnapomoc.org\\\/lat\\\/\"},{\"@type\":\"ListItem\",\"position\":2,\"name\":\"Izbeglice\"}]},{\"@type\":\"WebSite\",\"@id\":\"https:\\\/\\\/pravnapomoc.org\\\/#website\",\"url\":\"https:\\\/\\\/pravnapomoc.org\\\/\",\"name\":\"Free legal aid\",\"description\":\"Promotion and the protection of property rights of internally displaced persons, refugees and returnees upon readmission agreements\",\"potentialAction\":[{\"@type\":\"SearchAction\",\"target\":{\"@type\":\"EntryPoint\",\"urlTemplate\":\"https:\\\/\\\/pravnapomoc.org\\\/?s={search_term_string}\"},\"query-input\":{\"@type\":\"PropertyValueSpecification\",\"valueRequired\":true,\"valueName\":\"search_term_string\"}}],\"inLanguage\":\"sr-RS@latin\"}]}<\/script>\n<!-- \/ Yoast SEO plugin. -->","yoast_head_json":{"title":"Izbeglice - Free legal aid","robots":{"index":"index","follow":"follow","max-snippet":"max-snippet:-1","max-image-preview":"max-image-preview:large","max-video-preview":"max-video-preview:-1"},"canonical":"https:\/\/pravnapomoc.org\/\u0438\u0437\u0431\u0435\u0433\u043b\u0438\u0446\u0435\/","og_locale":"en_US","og_type":"article","og_title":"Izbeglice - Free legal aid","og_description":"[vc_row css_animation=&#8221;&#8221; row_type=&#8221;row&#8221; use_row_as_full_screen_section=&#8221;no&#8221; type=&#8221;full_width&#8221; angled_section=&#8221;no&#8221; text_align=&#8221;left&#8221; background_image_as_pattern=&#8221;without_pattern&#8221;][vc_column][vc_column_text]Licima izbeglim iz Hrvatske i Bosne i Hercegovine obezbe\u0111ena je besplatna pravna pomo\u0107 u ostvarivanju prava u mestima iz kojih poti\u010du u prete\u017eno slede\u0107im slu\u010dajevima: Povra\u0107aj i obnova imovine; Stanarska prava; Ostvarivanje prava na penziju. Projektni tim za...","og_url":"https:\/\/pravnapomoc.org\/\u0438\u0437\u0431\u0435\u0433\u043b\u0438\u0446\u0435\/","og_site_name":"Free legal aid","twitter_card":"summary_large_image","twitter_misc":{"Est. reading time":"1 minute"},"schema":{"@context":"https:\/\/schema.org","@graph":[{"@type":"WebPage","@id":"https:\/\/pravnapomoc.org\/%d0%b8%d0%b7%d0%b1%d0%b5%d0%b3%d0%bb%d0%b8%d1%86%d0%b5\/","url":"https:\/\/pravnapomoc.org\/%d0%b8%d0%b7%d0%b1%d0%b5%d0%b3%d0%bb%d0%b8%d1%86%d0%b5\/","name":"Izbeglice - Free legal aid","isPartOf":{"@id":"https:\/\/pravnapomoc.org\/#website"},"datePublished":"2019-12-16T10:28:43+00:00","breadcrumb":{"@id":"https:\/\/pravnapomoc.org\/%d0%b8%d0%b7%d0%b1%d0%b5%d0%b3%d0%bb%d0%b8%d1%86%d0%b5\/#breadcrumb"},"inLanguage":"sr-RS@latin","potentialAction":[{"@type":"ReadAction","target":["https:\/\/pravnapomoc.org\/%d0%b8%d0%b7%d0%b1%d0%b5%d0%b3%d0%bb%d0%b8%d1%86%d0%b5\/"]}]},{"@type":"BreadcrumbList","@id":"https:\/\/pravnapomoc.org\/%d0%b8%d0%b7%d0%b1%d0%b5%d0%b3%d0%bb%d0%b8%d1%86%d0%b5\/#breadcrumb","itemListElement":[{"@type":"ListItem","position":1,"name":"Home","item":"https:\/\/pravnapomoc.org\/lat\/"},{"@type":"ListItem","position":2,"name":"Izbeglice"}]},{"@type":"WebSite","@id":"https:\/\/pravnapomoc.org\/#website","url":"https:\/\/pravnapomoc.org\/","name":"Free legal aid","description":"Promotion and the protection of property rights of internally displaced persons, refugees and returnees upon readmission agreements","potentialAction":[{"@type":"SearchAction","target":{"@type":"EntryPoint","urlTemplate":"https:\/\/pravnapomoc.org\/?s={search_term_string}"},"query-input":{"@type":"PropertyValueSpecification","valueRequired":true,"valueName":"search_term_string"}}],"inLanguage":"sr-RS@latin"}]}},"_links":{"self":[{"href":"https:\/\/pravnapomoc.org\/lat\/wp-json\/wp\/v2\/pages\/4308","targetHints":{"allow":["GET"]}}],"collection":[{"href":"https:\/\/pravnapomoc.org\/lat\/wp-json\/wp\/v2\/pages"}],"about":[{"href":"https:\/\/pravnapomoc.org\/lat\/wp-json\/wp\/v2\/types\/page"}],"author":[{"embeddable":true,"href":"https:\/\/pravnapomoc.org\/lat\/wp-json\/wp\/v2\/users\/2"}],"replies":[{"embeddable":true,"href":"https:\/\/pravnapomoc.org\/lat\/wp-json\/wp\/v2\/comments?post=4308"}],"version-history":[{"count":1,"href":"https:\/\/pravnapomoc.org\/lat\/wp-json\/wp\/v2\/pages\/4308\/revisions"}],"predecessor-version":[{"id":4309,"href":"https:\/\/pravnapomoc.org\/lat\/wp-json\/wp\/v2\/pages\/4308\/revisions\/4309"}],"wp:attachment":[{"href":"https:\/\/pravnapomoc.org\/lat\/wp-json\/wp\/v2\/media?parent=4308"}],"curies":[{"name":"wp","href":"https:\/\/api.w.org\/{rel}","templated":true}]}}