{"id":4304,"date":"2019-12-16T11:25:01","date_gmt":"2019-12-16T10:25:01","guid":{"rendered":"https:\/\/pravnapomoc.org\/?page_id=4304\/"},"modified":"2024-04-18T09:37:15","modified_gmt":"2024-04-18T08:37:15","slug":"irl","status":"publish","type":"page","link":"https:\/\/pravnapomoc.org\/lat\/irl\/","title":{"rendered":"Interno Raseljena Lica (IRL)"},"content":{"rendered":"<p>[vc_row css_animation=&#8221;&#8221; row_type=&#8221;row&#8221; use_row_as_full_screen_section=&#8221;no&#8221; type=&#8221;full_width&#8221; angled_section=&#8221;no&#8221; text_align=&#8221;left&#8221; background_image_as_pattern=&#8221;without_pattern&#8221;][vc_column][vc_column_text]Projektni tim radi na obezbe\u0111ivanju za\u0161tite imovinskih i ljudskih prava interno raseljenih lica sa Kosova* u mestima boravka pre konflikta, koja su im zagarantovana doma\u0107im i stranim propisima.<\/p>\n<p>Stru\u010dna pravna pomo\u0107 za\u00a0 IRL je naj\u010de\u0161\u0107e potrebna pri re\u0161avanju slede\u0107ih slu\u010dajeva:<\/p>\n<ul>\n<li>Nelegalno zaposednuta imovina;<\/li>\n<li>Prodaja imovine na osnovu falsifikovanih dokumenata;<\/li>\n<li>Povra\u0107aj imovine i nadoknada materijalne i nematerijalne \u0161tete;<\/li>\n<li>Pitanja privatizacije i likvidacije dru\u0161tvenih preduze\u0107a.<\/li>\n<\/ul>\n<p>Projektni tim za IRL koja se obrate projektu za pravnu pomo\u0107 besplatno obezbe\u0111uje:<\/p>\n<ul>\n<li>Priprema i dostavljanje pravne dokumentacije, t.j. podnesaka i obave\u0161tenja;<\/li>\n<li>Zastupanja pred sudovima i drugim relevantnim institucijama na Kosovu i Metohiji;<\/li>\n<li>Pru\u017eanje pravnih saveta i relevantnih informacija;<\/li>\n<li>Pribavljanje dokumentacije od institucija u mestima porekla;<\/li>\n<li>Terenske posete kada su IRL spre\u010dena da do\u0111u do projektnih kancelarija.<\/li>\n<\/ul>\n<p>*<em>Ovaj naziv je bez prejudiciranja statusa i u skladu je sa Rezolucijom Saveta bezbednosti Ujedinjenih nacija 1244 i mi\u0161ljenjem Me\u0111unarodnog suda pravde o deklaraciji o nezavisnosti Kosova<\/em>.[\/vc_column_text][\/vc_column][\/vc_row]<\/p>\n","protected":false},"excerpt":{"rendered":"<p>[vc_row css_animation=&#8221;&#8221; row_type=&#8221;row&#8221; use_row_as_full_screen_section=&#8221;no&#8221; type=&#8221;full_width&#8221; angled_section=&#8221;no&#8221; text_align=&#8221;left&#8221; background_image_as_pattern=&#8221;without_pattern&#8221;][vc_column][vc_column_text]Projektni tim radi na obezbe\u0111ivanju za\u0161tite imovinskih i ljudskih prava interno raseljenih lica sa Kosova* u mestima boravka pre konflikta, koja su im zagarantovana doma\u0107im i stranim propisima. Stru\u010dna pravna pomo\u0107 za\u00a0 IRL je naj\u010de\u0161\u0107e potrebna pri re\u0161avanju&#8230;<\/p>\n","protected":false},"author":2,"featured_media":0,"parent":0,"menu_order":0,"comment_status":"closed","ping_status":"closed","template":"","meta":{"_acf_changed":false,"inline_featured_image":false,"footnotes":""},"class_list":["post-4304","page","type-page","status-publish","hentry"],"acf":[],"yoast_head":"<!-- This site is optimized with the Yoast SEO plugin v27.3 - https:\/\/yoast.com\/product\/yoast-seo-wordpress\/ -->\n<title>Interno Raseljena Lica (IRL) - Free legal aid<\/title>\n<meta name=\"robots\" content=\"index, follow, max-snippet:-1, max-image-preview:large, max-video-preview:-1\" \/>\n<link rel=\"canonical\" href=\"https:\/\/pravnapomoc.org\/lat\/irl\/\" \/>\n<meta property=\"og:locale\" content=\"en_US\" \/>\n<meta property=\"og:type\" content=\"article\" \/>\n<meta property=\"og:title\" content=\"Interno Raseljena Lica (IRL) - Free legal aid\" \/>\n<meta property=\"og:description\" content=\"[vc_row css_animation=&#8221;&#8221; row_type=&#8221;row&#8221; use_row_as_full_screen_section=&#8221;no&#8221; type=&#8221;full_width&#8221; angled_section=&#8221;no&#8221; text_align=&#8221;left&#8221; background_image_as_pattern=&#8221;without_pattern&#8221;][vc_column][vc_column_text]Projektni tim radi na obezbe\u0111ivanju za\u0161tite imovinskih i ljudskih prava interno raseljenih lica sa Kosova* u mestima boravka pre konflikta, koja su im zagarantovana doma\u0107im i stranim propisima. Stru\u010dna pravna pomo\u0107 za\u00a0 IRL je naj\u010de\u0161\u0107e potrebna pri re\u0161avanju...\" \/>\n<meta property=\"og:url\" content=\"https:\/\/pravnapomoc.org\/lat\/irl\/\" \/>\n<meta property=\"og:site_name\" content=\"Free legal aid\" \/>\n<meta property=\"article:modified_time\" content=\"2024-04-18T08:37:15+00:00\" \/>\n<meta name=\"twitter:card\" content=\"summary_large_image\" \/>\n<meta name=\"twitter:label1\" content=\"Est. reading time\" \/>\n\t<meta name=\"twitter:data1\" content=\"1 minute\" \/>\n<script type=\"application\/ld+json\" class=\"yoast-schema-graph\">{\"@context\":\"https:\\\/\\\/schema.org\",\"@graph\":[{\"@type\":\"WebPage\",\"@id\":\"https:\\\/\\\/pravnapomoc.org\\\/lat\\\/irl\\\/\",\"url\":\"https:\\\/\\\/pravnapomoc.org\\\/lat\\\/irl\\\/\",\"name\":\"Interno Raseljena Lica (IRL) - Free legal aid\",\"isPartOf\":{\"@id\":\"https:\\\/\\\/pravnapomoc.org\\\/#website\"},\"datePublished\":\"2019-12-16T10:25:01+00:00\",\"dateModified\":\"2024-04-18T08:37:15+00:00\",\"breadcrumb\":{\"@id\":\"https:\\\/\\\/pravnapomoc.org\\\/lat\\\/irl\\\/#breadcrumb\"},\"inLanguage\":\"sr-RS@latin\",\"potentialAction\":[{\"@type\":\"ReadAction\",\"target\":[\"https:\\\/\\\/pravnapomoc.org\\\/lat\\\/irl\\\/\"]}]},{\"@type\":\"BreadcrumbList\",\"@id\":\"https:\\\/\\\/pravnapomoc.org\\\/lat\\\/irl\\\/#breadcrumb\",\"itemListElement\":[{\"@type\":\"ListItem\",\"position\":1,\"name\":\"Home\",\"item\":\"https:\\\/\\\/pravnapomoc.org\\\/lat\\\/\"},{\"@type\":\"ListItem\",\"position\":2,\"name\":\"Interno Raseljena Lica (IRL)\"}]},{\"@type\":\"WebSite\",\"@id\":\"https:\\\/\\\/pravnapomoc.org\\\/#website\",\"url\":\"https:\\\/\\\/pravnapomoc.org\\\/\",\"name\":\"Free legal aid\",\"description\":\"Promotion and the protection of property rights of internally displaced persons, refugees and returnees upon readmission agreements\",\"potentialAction\":[{\"@type\":\"SearchAction\",\"target\":{\"@type\":\"EntryPoint\",\"urlTemplate\":\"https:\\\/\\\/pravnapomoc.org\\\/?s={search_term_string}\"},\"query-input\":{\"@type\":\"PropertyValueSpecification\",\"valueRequired\":true,\"valueName\":\"search_term_string\"}}],\"inLanguage\":\"sr-RS@latin\"}]}<\/script>\n<!-- \/ Yoast SEO plugin. -->","yoast_head_json":{"title":"Interno Raseljena Lica (IRL) - Free legal aid","robots":{"index":"index","follow":"follow","max-snippet":"max-snippet:-1","max-image-preview":"max-image-preview:large","max-video-preview":"max-video-preview:-1"},"canonical":"https:\/\/pravnapomoc.org\/lat\/irl\/","og_locale":"en_US","og_type":"article","og_title":"Interno Raseljena Lica (IRL) - Free legal aid","og_description":"[vc_row css_animation=&#8221;&#8221; row_type=&#8221;row&#8221; use_row_as_full_screen_section=&#8221;no&#8221; type=&#8221;full_width&#8221; angled_section=&#8221;no&#8221; text_align=&#8221;left&#8221; background_image_as_pattern=&#8221;without_pattern&#8221;][vc_column][vc_column_text]Projektni tim radi na obezbe\u0111ivanju za\u0161tite imovinskih i ljudskih prava interno raseljenih lica sa Kosova* u mestima boravka pre konflikta, koja su im zagarantovana doma\u0107im i stranim propisima. Stru\u010dna pravna pomo\u0107 za\u00a0 IRL je naj\u010de\u0161\u0107e potrebna pri re\u0161avanju...","og_url":"https:\/\/pravnapomoc.org\/lat\/irl\/","og_site_name":"Free legal aid","article_modified_time":"2024-04-18T08:37:15+00:00","twitter_card":"summary_large_image","twitter_misc":{"Est. reading time":"1 minute"},"schema":{"@context":"https:\/\/schema.org","@graph":[{"@type":"WebPage","@id":"https:\/\/pravnapomoc.org\/lat\/irl\/","url":"https:\/\/pravnapomoc.org\/lat\/irl\/","name":"Interno Raseljena Lica (IRL) - Free legal aid","isPartOf":{"@id":"https:\/\/pravnapomoc.org\/#website"},"datePublished":"2019-12-16T10:25:01+00:00","dateModified":"2024-04-18T08:37:15+00:00","breadcrumb":{"@id":"https:\/\/pravnapomoc.org\/lat\/irl\/#breadcrumb"},"inLanguage":"sr-RS@latin","potentialAction":[{"@type":"ReadAction","target":["https:\/\/pravnapomoc.org\/lat\/irl\/"]}]},{"@type":"BreadcrumbList","@id":"https:\/\/pravnapomoc.org\/lat\/irl\/#breadcrumb","itemListElement":[{"@type":"ListItem","position":1,"name":"Home","item":"https:\/\/pravnapomoc.org\/lat\/"},{"@type":"ListItem","position":2,"name":"Interno Raseljena Lica (IRL)"}]},{"@type":"WebSite","@id":"https:\/\/pravnapomoc.org\/#website","url":"https:\/\/pravnapomoc.org\/","name":"Free legal aid","description":"Promotion and the protection of property rights of internally displaced persons, refugees and returnees upon readmission agreements","potentialAction":[{"@type":"SearchAction","target":{"@type":"EntryPoint","urlTemplate":"https:\/\/pravnapomoc.org\/?s={search_term_string}"},"query-input":{"@type":"PropertyValueSpecification","valueRequired":true,"valueName":"search_term_string"}}],"inLanguage":"sr-RS@latin"}]}},"_links":{"self":[{"href":"https:\/\/pravnapomoc.org\/lat\/wp-json\/wp\/v2\/pages\/4304","targetHints":{"allow":["GET"]}}],"collection":[{"href":"https:\/\/pravnapomoc.org\/lat\/wp-json\/wp\/v2\/pages"}],"about":[{"href":"https:\/\/pravnapomoc.org\/lat\/wp-json\/wp\/v2\/types\/page"}],"author":[{"embeddable":true,"href":"https:\/\/pravnapomoc.org\/lat\/wp-json\/wp\/v2\/users\/2"}],"replies":[{"embeddable":true,"href":"https:\/\/pravnapomoc.org\/lat\/wp-json\/wp\/v2\/comments?post=4304"}],"version-history":[{"count":4,"href":"https:\/\/pravnapomoc.org\/lat\/wp-json\/wp\/v2\/pages\/4304\/revisions"}],"predecessor-version":[{"id":5097,"href":"https:\/\/pravnapomoc.org\/lat\/wp-json\/wp\/v2\/pages\/4304\/revisions\/5097"}],"wp:attachment":[{"href":"https:\/\/pravnapomoc.org\/lat\/wp-json\/wp\/v2\/media?parent=4304"}],"curies":[{"name":"wp","href":"https:\/\/api.w.org\/{rel}","templated":true}]}}