{"id":2719,"date":"2017-08-09T12:26:57","date_gmt":"2017-08-09T11:26:57","guid":{"rendered":"http:\/\/pravnapomoc.org\/?page_id=2719\/"},"modified":"2017-08-10T12:51:01","modified_gmt":"2017-08-10T11:51:01","slug":"nvo-aktiv","status":"publish","type":"page","link":"https:\/\/pravnapomoc.org\/lat\/kancelarije\/nvo-aktiv\/","title":{"rendered":"NVO Aktiv"},"content":{"rendered":"<p>[vc_row css_animation=&#8221;&#8221; row_type=&#8221;row&#8221; use_row_as_full_screen_section=&#8221;no&#8221; type=&#8221;full_width&#8221; angled_section=&#8221;no&#8221; text_align=&#8221;left&#8221; background_image_as_pattern=&#8221;without_pattern&#8221;][vc_column css=&#8221;.vc_custom_1502271325232{margin-bottom: 40px !important;}&#8221;][vc_column_text el_class=&#8221;office-title&#8221;]<strong>Prijem stranaka<\/strong><\/p>\n<p><span lang=\"sr-Latn-RS\"><b>NVO AKTIV<\/b><\/span><\/p>\n<p>Filipa Vi\u0161nji\u0107a 4 (zgrada Trep\u010de, kancelarija 4), Kosovska Mitrovica[\/vc_column_text][\/vc_column][\/vc_row][vc_row css_animation=&#8221;&#8221; row_type=&#8221;row&#8221; use_row_as_full_screen_section=&#8221;no&#8221; type=&#8221;full_width&#8221; angled_section=&#8221;no&#8221; text_align=&#8221;left&#8221; background_image_as_pattern=&#8221;without_pattern&#8221; el_class=&#8221;office-line&#8221; css=&#8221;.vc_custom_1502272070354{margin-bottom: 40px !important;}&#8221;][vc_column width=&#8221;1\/6&#8243;][vc_single_image image=&#8221;2726&#8243; img_size=&#8221;150&#215;250&#8243; qode_css_animation=&#8221;&#8221;][\/vc_column][vc_column width=&#8221;5\/6&#8243; css=&#8221;.vc_custom_1502271835968{padding-top: 30px !important;}&#8221;][vc_column_text el_class=&#8221;office-info-text-title&#8221;]<span lang=\"sr-RS\"><b>Dejan Vasi\u0107<\/b><\/span><\/p>\n<p><span lang=\"sr-RS\"><i>Stariji pravni savetnik<\/i><\/span>[\/vc_column_text][vc_column_text el_class=&#8221;office-info-text&#8221;]Advokaturom se bavi od 2007. godine. Tokom desetogodi\u0161njeg rada zastupao je veliki broj klijenata u pogledu ostvarenja imovinskih prava pred svim sudovima na Kosovu i Metohiji, u\u010destvovao kao branilac u nekim od najte\u017eih krivi\u010dnih predmeta su\u0111enih nakon rata pred ve\u0107ima sastavljenih od sudija Euleksa.[\/vc_column_text][\/vc_column][\/vc_row][vc_row css_animation=&#8221;&#8221; row_type=&#8221;row&#8221; use_row_as_full_screen_section=&#8221;no&#8221; type=&#8221;full_width&#8221; angled_section=&#8221;no&#8221; text_align=&#8221;left&#8221; background_image_as_pattern=&#8221;without_pattern&#8221; el_class=&#8221;office-line&#8221; css=&#8221;.vc_custom_1502272079370{margin-bottom: 40px !important;}&#8221;][vc_column width=&#8221;1\/6&#8243;][vc_single_image image=&#8221;2723&#8243; img_size=&#8221;150&#215;250&#8243; qode_css_animation=&#8221;&#8221;][\/vc_column][vc_column width=&#8221;5\/6&#8243; css=&#8221;.vc_custom_1502271835968{padding-top: 30px !important;}&#8221;][vc_column_text el_class=&#8221;office-info-text-title&#8221;]<span lang=\"sr-RS\"><b>Sini\u0161a Borisavljevi\u0107<\/b><\/span><\/p>\n<p><span lang=\"sr-RS\"><i>Mla\u0111i pravni savetnik<\/i><\/span>[\/vc_column_text][vc_column_text el_class=&#8221;office-info-text&#8221;]<\/p>\n<p align=\"justify\">Ro\u0111en je u Pri\u0161tini gde je zavr\u0161io srednju \u0161kolu, Pravni fakultet i polo\u017eio pravosudni ispit. Radio je u dr\u017eavnoj slu\u017ebi od 1993. godine do izbijanja sukoba na Kosovu i Metohiji, a nakon toga bio je administrator Osnovnog suda u Gra\u010danici do 2013. godine. Godinu dana je radio u Danskom Savetu za Izbeglice (DRC) kao pravni savetnik.<\/p>\n<p>[\/vc_column_text][\/vc_column][\/vc_row][vc_row css_animation=&#8221;&#8221; row_type=&#8221;row&#8221; use_row_as_full_screen_section=&#8221;no&#8221; type=&#8221;full_width&#8221; angled_section=&#8221;no&#8221; text_align=&#8221;left&#8221; background_image_as_pattern=&#8221;without_pattern&#8221; el_class=&#8221;office-line&#8221; css=&#8221;.vc_custom_1502272079370{margin-bottom: 40px !important;}&#8221;][vc_column width=&#8221;1\/6&#8243;][vc_single_image image=&#8221;2720&#8243; img_size=&#8221;150&#215;250&#8243; qode_css_animation=&#8221;&#8221;][\/vc_column][vc_column width=&#8221;5\/6&#8243; css=&#8221;.vc_custom_1502271835968{padding-top: 30px !important;}&#8221;][vc_column_text el_class=&#8221;office-info-text-title&#8221;]<span lang=\"sr-RS\"><b>Uro\u0161 \u017divkovi\u0107<\/b><\/span><\/p>\n<p><span lang=\"sr-RS\"><i>Pripravnik<\/i><\/span>[\/vc_column_text][vc_column_text el_class=&#8221;office-info-text&#8221;]Ro\u0111en 1992. godine. Zavr\u0161io XIII Beogradsku gimnaziju. Upisao Pravni fakultet Univerziteta u Pri\u0161tini sa privremenim sedi\u0161tem u Kosovskoj Mitrovici 2011. godine i diplomirao 2016. godine. Obavio je stru\u010dnu praksu u advokatskoj kancelariji Pantovi\u0107-Vlaji\u0107. Od 2016. godine radi na projektu besplatne pravne pomo\u0107i na poziciji advokatskog pripravnika.[\/vc_column_text][\/vc_column][\/vc_row]<\/p>\n","protected":false},"excerpt":{"rendered":"<p>[vc_row css_animation=&#8221;&#8221; row_type=&#8221;row&#8221; use_row_as_full_screen_section=&#8221;no&#8221; type=&#8221;full_width&#8221; angled_section=&#8221;no&#8221; text_align=&#8221;left&#8221; background_image_as_pattern=&#8221;without_pattern&#8221;][vc_column css=&#8221;.vc_custom_1502271325232{margin-bottom: 40px !important;}&#8221;][vc_column_text el_class=&#8221;office-title&#8221;]Prijem stranaka NVO AKTIV Filipa Vi\u0161nji\u0107a 4 (zgrada Trep\u010de, kancelarija 4), Kosovska Mitrovica[\/vc_column_text][\/vc_column][\/vc_row][vc_row css_animation=&#8221;&#8221; row_type=&#8221;row&#8221; use_row_as_full_screen_section=&#8221;no&#8221; type=&#8221;full_width&#8221; angled_section=&#8221;no&#8221; text_align=&#8221;left&#8221; background_image_as_pattern=&#8221;without_pattern&#8221; el_class=&#8221;office-line&#8221; css=&#8221;.vc_custom_1502272070354{margin-bottom: 40px !important;}&#8221;][vc_column width=&#8221;1\/6&#8243;][vc_single_image image=&#8221;2726&#8243; img_size=&#8221;150&#215;250&#8243; qode_css_animation=&#8221;&#8221;][\/vc_column][vc_column width=&#8221;5\/6&#8243; css=&#8221;.vc_custom_1502271835968{padding-top: 30px !important;}&#8221;][vc_column_text el_class=&#8221;office-info-text-title&#8221;]Dejan Vasi\u0107&#8230;<\/p>\n","protected":false},"author":2,"featured_media":0,"parent":2549,"menu_order":0,"comment_status":"closed","ping_status":"closed","template":"","meta":{"_acf_changed":false,"inline_featured_image":false,"footnotes":""},"class_list":["post-2719","page","type-page","status-publish","hentry"],"acf":[],"yoast_head":"<!-- This site is optimized with the Yoast SEO plugin v27.3 - https:\/\/yoast.com\/product\/yoast-seo-wordpress\/ -->\n<title>NVO Aktiv - Free legal aid<\/title>\n<meta name=\"robots\" content=\"index, follow, max-snippet:-1, max-image-preview:large, max-video-preview:-1\" \/>\n<link rel=\"canonical\" href=\"https:\/\/pravnapomoc.org\/\u043a\u0430\u043d\u0446\u0435\u043b\u0430\u0440\u0438\u0458\u0435\/\u043d\u0432\u043e-\u0430\u043a\u0442\u0438\u0432\/\" \/>\n<meta property=\"og:locale\" content=\"en_US\" \/>\n<meta property=\"og:type\" content=\"article\" \/>\n<meta property=\"og:title\" content=\"NVO Aktiv - Free legal aid\" \/>\n<meta property=\"og:description\" content=\"[vc_row css_animation=&#8221;&#8221; row_type=&#8221;row&#8221; use_row_as_full_screen_section=&#8221;no&#8221; type=&#8221;full_width&#8221; angled_section=&#8221;no&#8221; text_align=&#8221;left&#8221; background_image_as_pattern=&#8221;without_pattern&#8221;][vc_column css=&#8221;.vc_custom_1502271325232{margin-bottom: 40px !important;}&#8221;][vc_column_text el_class=&#8221;office-title&#8221;]Prijem stranaka NVO AKTIV Filipa Vi\u0161nji\u0107a 4 (zgrada Trep\u010de, kancelarija 4), Kosovska Mitrovica[\/vc_column_text][\/vc_column][\/vc_row][vc_row css_animation=&#8221;&#8221; row_type=&#8221;row&#8221; use_row_as_full_screen_section=&#8221;no&#8221; type=&#8221;full_width&#8221; angled_section=&#8221;no&#8221; text_align=&#8221;left&#8221; background_image_as_pattern=&#8221;without_pattern&#8221; el_class=&#8221;office-line&#8221; css=&#8221;.vc_custom_1502272070354{margin-bottom: 40px !important;}&#8221;][vc_column width=&#8221;1\/6&#8243;][vc_single_image image=&#8221;2726&#8243; img_size=&#8221;150&#215;250&#8243; qode_css_animation=&#8221;&#8221;][\/vc_column][vc_column width=&#8221;5\/6&#8243; css=&#8221;.vc_custom_1502271835968{padding-top: 30px !important;}&#8221;][vc_column_text el_class=&#8221;office-info-text-title&#8221;]Dejan Vasi\u0107...\" \/>\n<meta property=\"og:url\" content=\"https:\/\/pravnapomoc.org\/\u043a\u0430\u043d\u0446\u0435\u043b\u0430\u0440\u0438\u0458\u0435\/\u043d\u0432\u043e-\u0430\u043a\u0442\u0438\u0432\/\" \/>\n<meta property=\"og:site_name\" content=\"Free legal aid\" \/>\n<meta property=\"article:modified_time\" content=\"2017-08-10T11:51:01+00:00\" \/>\n<meta name=\"twitter:card\" content=\"summary_large_image\" \/>\n<meta name=\"twitter:label1\" content=\"Est. reading time\" \/>\n\t<meta name=\"twitter:data1\" content=\"2 minutes\" \/>\n<script type=\"application\/ld+json\" class=\"yoast-schema-graph\">{\"@context\":\"https:\\\/\\\/schema.org\",\"@graph\":[{\"@type\":\"WebPage\",\"@id\":\"https:\\\/\\\/pravnapomoc.org\\\/%d0%ba%d0%b0%d0%bd%d1%86%d0%b5%d0%bb%d0%b0%d1%80%d0%b8%d1%98%d0%b5\\\/%d0%bd%d0%b2%d0%be-%d0%b0%d0%ba%d1%82%d0%b8%d0%b2\\\/\",\"url\":\"https:\\\/\\\/pravnapomoc.org\\\/%d0%ba%d0%b0%d0%bd%d1%86%d0%b5%d0%bb%d0%b0%d1%80%d0%b8%d1%98%d0%b5\\\/%d0%bd%d0%b2%d0%be-%d0%b0%d0%ba%d1%82%d0%b8%d0%b2\\\/\",\"name\":\"NVO Aktiv - Free legal aid\",\"isPartOf\":{\"@id\":\"https:\\\/\\\/pravnapomoc.org\\\/#website\"},\"datePublished\":\"2017-08-09T11:26:57+00:00\",\"dateModified\":\"2017-08-10T11:51:01+00:00\",\"breadcrumb\":{\"@id\":\"https:\\\/\\\/pravnapomoc.org\\\/%d0%ba%d0%b0%d0%bd%d1%86%d0%b5%d0%bb%d0%b0%d1%80%d0%b8%d1%98%d0%b5\\\/%d0%bd%d0%b2%d0%be-%d0%b0%d0%ba%d1%82%d0%b8%d0%b2\\\/#breadcrumb\"},\"inLanguage\":\"sr-RS@latin\",\"potentialAction\":[{\"@type\":\"ReadAction\",\"target\":[\"https:\\\/\\\/pravnapomoc.org\\\/%d0%ba%d0%b0%d0%bd%d1%86%d0%b5%d0%bb%d0%b0%d1%80%d0%b8%d1%98%d0%b5\\\/%d0%bd%d0%b2%d0%be-%d0%b0%d0%ba%d1%82%d0%b8%d0%b2\\\/\"]}]},{\"@type\":\"BreadcrumbList\",\"@id\":\"https:\\\/\\\/pravnapomoc.org\\\/%d0%ba%d0%b0%d0%bd%d1%86%d0%b5%d0%bb%d0%b0%d1%80%d0%b8%d1%98%d0%b5\\\/%d0%bd%d0%b2%d0%be-%d0%b0%d0%ba%d1%82%d0%b8%d0%b2\\\/#breadcrumb\",\"itemListElement\":[{\"@type\":\"ListItem\",\"position\":1,\"name\":\"Home\",\"item\":\"https:\\\/\\\/pravnapomoc.org\\\/lat\\\/\"},{\"@type\":\"ListItem\",\"position\":2,\"name\":\"Kancelarije\",\"item\":\"https:\\\/\\\/pravnapomoc.org\\\/%d0%ba%d0%b0%d0%bd%d1%86%d0%b5%d0%bb%d0%b0%d1%80%d0%b8%d1%98%d0%b5\\\/\"},{\"@type\":\"ListItem\",\"position\":3,\"name\":\"NVO Aktiv\"}]},{\"@type\":\"WebSite\",\"@id\":\"https:\\\/\\\/pravnapomoc.org\\\/#website\",\"url\":\"https:\\\/\\\/pravnapomoc.org\\\/\",\"name\":\"Free legal aid\",\"description\":\"Promotion and the protection of property rights of internally displaced persons, refugees and returnees upon readmission agreements\",\"potentialAction\":[{\"@type\":\"SearchAction\",\"target\":{\"@type\":\"EntryPoint\",\"urlTemplate\":\"https:\\\/\\\/pravnapomoc.org\\\/?s={search_term_string}\"},\"query-input\":{\"@type\":\"PropertyValueSpecification\",\"valueRequired\":true,\"valueName\":\"search_term_string\"}}],\"inLanguage\":\"sr-RS@latin\"}]}<\/script>\n<!-- \/ Yoast SEO plugin. -->","yoast_head_json":{"title":"NVO Aktiv - Free legal aid","robots":{"index":"index","follow":"follow","max-snippet":"max-snippet:-1","max-image-preview":"max-image-preview:large","max-video-preview":"max-video-preview:-1"},"canonical":"https:\/\/pravnapomoc.org\/\u043a\u0430\u043d\u0446\u0435\u043b\u0430\u0440\u0438\u0458\u0435\/\u043d\u0432\u043e-\u0430\u043a\u0442\u0438\u0432\/","og_locale":"en_US","og_type":"article","og_title":"NVO Aktiv - Free legal aid","og_description":"[vc_row css_animation=&#8221;&#8221; row_type=&#8221;row&#8221; use_row_as_full_screen_section=&#8221;no&#8221; type=&#8221;full_width&#8221; angled_section=&#8221;no&#8221; text_align=&#8221;left&#8221; background_image_as_pattern=&#8221;without_pattern&#8221;][vc_column css=&#8221;.vc_custom_1502271325232{margin-bottom: 40px !important;}&#8221;][vc_column_text el_class=&#8221;office-title&#8221;]Prijem stranaka NVO AKTIV Filipa Vi\u0161nji\u0107a 4 (zgrada Trep\u010de, kancelarija 4), Kosovska Mitrovica[\/vc_column_text][\/vc_column][\/vc_row][vc_row css_animation=&#8221;&#8221; row_type=&#8221;row&#8221; use_row_as_full_screen_section=&#8221;no&#8221; type=&#8221;full_width&#8221; angled_section=&#8221;no&#8221; text_align=&#8221;left&#8221; background_image_as_pattern=&#8221;without_pattern&#8221; el_class=&#8221;office-line&#8221; css=&#8221;.vc_custom_1502272070354{margin-bottom: 40px !important;}&#8221;][vc_column width=&#8221;1\/6&#8243;][vc_single_image image=&#8221;2726&#8243; img_size=&#8221;150&#215;250&#8243; qode_css_animation=&#8221;&#8221;][\/vc_column][vc_column width=&#8221;5\/6&#8243; css=&#8221;.vc_custom_1502271835968{padding-top: 30px !important;}&#8221;][vc_column_text el_class=&#8221;office-info-text-title&#8221;]Dejan Vasi\u0107...","og_url":"https:\/\/pravnapomoc.org\/\u043a\u0430\u043d\u0446\u0435\u043b\u0430\u0440\u0438\u0458\u0435\/\u043d\u0432\u043e-\u0430\u043a\u0442\u0438\u0432\/","og_site_name":"Free legal aid","article_modified_time":"2017-08-10T11:51:01+00:00","twitter_card":"summary_large_image","twitter_misc":{"Est. reading time":"2 minutes"},"schema":{"@context":"https:\/\/schema.org","@graph":[{"@type":"WebPage","@id":"https:\/\/pravnapomoc.org\/%d0%ba%d0%b0%d0%bd%d1%86%d0%b5%d0%bb%d0%b0%d1%80%d0%b8%d1%98%d0%b5\/%d0%bd%d0%b2%d0%be-%d0%b0%d0%ba%d1%82%d0%b8%d0%b2\/","url":"https:\/\/pravnapomoc.org\/%d0%ba%d0%b0%d0%bd%d1%86%d0%b5%d0%bb%d0%b0%d1%80%d0%b8%d1%98%d0%b5\/%d0%bd%d0%b2%d0%be-%d0%b0%d0%ba%d1%82%d0%b8%d0%b2\/","name":"NVO Aktiv - Free legal aid","isPartOf":{"@id":"https:\/\/pravnapomoc.org\/#website"},"datePublished":"2017-08-09T11:26:57+00:00","dateModified":"2017-08-10T11:51:01+00:00","breadcrumb":{"@id":"https:\/\/pravnapomoc.org\/%d0%ba%d0%b0%d0%bd%d1%86%d0%b5%d0%bb%d0%b0%d1%80%d0%b8%d1%98%d0%b5\/%d0%bd%d0%b2%d0%be-%d0%b0%d0%ba%d1%82%d0%b8%d0%b2\/#breadcrumb"},"inLanguage":"sr-RS@latin","potentialAction":[{"@type":"ReadAction","target":["https:\/\/pravnapomoc.org\/%d0%ba%d0%b0%d0%bd%d1%86%d0%b5%d0%bb%d0%b0%d1%80%d0%b8%d1%98%d0%b5\/%d0%bd%d0%b2%d0%be-%d0%b0%d0%ba%d1%82%d0%b8%d0%b2\/"]}]},{"@type":"BreadcrumbList","@id":"https:\/\/pravnapomoc.org\/%d0%ba%d0%b0%d0%bd%d1%86%d0%b5%d0%bb%d0%b0%d1%80%d0%b8%d1%98%d0%b5\/%d0%bd%d0%b2%d0%be-%d0%b0%d0%ba%d1%82%d0%b8%d0%b2\/#breadcrumb","itemListElement":[{"@type":"ListItem","position":1,"name":"Home","item":"https:\/\/pravnapomoc.org\/lat\/"},{"@type":"ListItem","position":2,"name":"Kancelarije","item":"https:\/\/pravnapomoc.org\/%d0%ba%d0%b0%d0%bd%d1%86%d0%b5%d0%bb%d0%b0%d1%80%d0%b8%d1%98%d0%b5\/"},{"@type":"ListItem","position":3,"name":"NVO Aktiv"}]},{"@type":"WebSite","@id":"https:\/\/pravnapomoc.org\/#website","url":"https:\/\/pravnapomoc.org\/","name":"Free legal aid","description":"Promotion and the protection of property rights of internally displaced persons, refugees and returnees upon readmission agreements","potentialAction":[{"@type":"SearchAction","target":{"@type":"EntryPoint","urlTemplate":"https:\/\/pravnapomoc.org\/?s={search_term_string}"},"query-input":{"@type":"PropertyValueSpecification","valueRequired":true,"valueName":"search_term_string"}}],"inLanguage":"sr-RS@latin"}]}},"_links":{"self":[{"href":"https:\/\/pravnapomoc.org\/lat\/wp-json\/wp\/v2\/pages\/2719","targetHints":{"allow":["GET"]}}],"collection":[{"href":"https:\/\/pravnapomoc.org\/lat\/wp-json\/wp\/v2\/pages"}],"about":[{"href":"https:\/\/pravnapomoc.org\/lat\/wp-json\/wp\/v2\/types\/page"}],"author":[{"embeddable":true,"href":"https:\/\/pravnapomoc.org\/lat\/wp-json\/wp\/v2\/users\/2"}],"replies":[{"embeddable":true,"href":"https:\/\/pravnapomoc.org\/lat\/wp-json\/wp\/v2\/comments?post=2719"}],"version-history":[{"count":5,"href":"https:\/\/pravnapomoc.org\/lat\/wp-json\/wp\/v2\/pages\/2719\/revisions"}],"predecessor-version":[{"id":2748,"href":"https:\/\/pravnapomoc.org\/lat\/wp-json\/wp\/v2\/pages\/2719\/revisions\/2748"}],"up":[{"embeddable":true,"href":"https:\/\/pravnapomoc.org\/lat\/wp-json\/wp\/v2\/pages\/2549"}],"wp:attachment":[{"href":"https:\/\/pravnapomoc.org\/lat\/wp-json\/wp\/v2\/media?parent=2719"}],"curies":[{"name":"wp","href":"https:\/\/api.w.org\/{rel}","templated":true}]}}