{"id":2906,"date":"2017-09-04T15:29:11","date_gmt":"2017-09-04T14:29:11","guid":{"rendered":"http:\/\/pravnapomoc.org\/?page_id=2906\/"},"modified":"2024-04-16T10:52:46","modified_gmt":"2024-04-16T09:52:46","slug":"office-map","status":"publish","type":"page","link":"https:\/\/pravnapomoc.org\/en\/office-map\/","title":{"rendered":"Office map"},"content":{"rendered":"<p>[vc_row css_animation=&#8221;&#8221; row_type=&#8221;row&#8221; use_row_as_full_screen_section=&#8221;no&#8221; type=&#8221;full_width&#8221; angled_section=&#8221;no&#8221; text_align=&#8221;left&#8221; background_image_as_pattern=&#8221;without_pattern&#8221;][vc_column width=&#8221;1\/2&#8243;][vc_raw_html]JTNDaW1nJTIwc3JjJTNEJTIyaHR0cHMlM0ElMkYlMkZwcmF2bmFwb21vYy5vcmclMkZ3cC1jb250ZW50JTJGdXBsb2FkcyUyRjIwMjQlMkYwNCUyRm1hcGEtU3JiaWplLWVuZy0yMDI0LnN2ZyUyMiUyMGFsdCUzRCUyMiUyMiUyMGNsYXNzJTNEJTIyYWxpZ25ub25lJTIwc2l6ZS1mdWxsJTIwd3AtaW1hZ2UtMjg2OCUyMHN0eWxlLXN2ZyUyMiUyMCUyRiUzRQ==[\/vc_raw_html][\/vc_column][vc_column width=&#8221;1\/2&#8243;][vc_empty_space height=&#8221;80px&#8221;][vc_column_text el_class=&#8221;blue office-list&#8221; css=&#8221;.vc_custom_1504535324158{margin-bottom: 20px !important;}&#8221;]<\/p>\n<p><a href=\"http:\/\/pravnapomoc.org\/lat\/kancelarije\/beograd\/\"><strong>Belgrade<\/strong><\/a><\/p>\n<p>Francuska 5\/5<\/p>\n<p>Telefoni: (011) 655-77-63, 655-77-64. 655-77-65<\/p>\n<p>[\/vc_column_text][vc_column_text el_class=&#8221;blue office-list&#8221; css=&#8221;.vc_custom_1616144499115{margin-bottom: 20px !important;}&#8221;]<a href=\"http:\/\/pravnapomoc.org\/lat\/kancelarije\/kraljevo\/\"><strong>Kraljevo<\/strong><\/a><\/p>\n<p>Tomislava Andri\u0107a D\u017eigija 39N, lokal 3<\/p>\n<p>Telefon: (036) 515-00-34[\/vc_column_text][vc_column_text el_class=&#8221;blue office-list&#8221; css=&#8221;.vc_custom_1502364681282{margin-bottom: 20px !important;}&#8221;]<a href=\"http:\/\/pravnapomoc.org\/lat\/kancelarije\/nis\/\"><strong>Ni\u0161<\/strong><\/a><\/p>\n<p>Strahinji\u0107a Bana 8<\/p>\n<p>Telefon: (018) 243-272[\/vc_column_text][vc_column_text el_class=&#8221;blue office-list&#8221; css=&#8221;.vc_custom_1504535338424{margin-bottom: 20px !important;}&#8221;]<a href=\"http:\/\/pravnapomoc.org\/lat\/kancelarije\/nvo-aktiv\/\"><b>NGO Aktiv<\/b><\/a><\/p>\n<p>Filipa Vi\u0161nji\u0107a 4 (zgrada Trep\u010de, kancelarija 4), Kosovska Mitrovica<\/p>\n<p>Telefon: (028) 422-175[\/vc_column_text][vc_column_text el_class=&#8221;blue office-list&#8221; css=&#8221;.vc_custom_1504535347893{margin-bottom: 20px !important;}&#8221;]<a href=\"http:\/\/pravnapomoc.org\/lat\/kancelarije\/nvo-raskrsce\/\"><b>NGO Raskr\u0161\u0107e<\/b><\/a><\/p>\n<p>Kneza Lazara 66 (Tr\u017eni centar, II sprat), Gra\u010danica<\/p>\n<p>Telefon: (038) 64-981, 65-982[\/vc_column_text][\/vc_column][\/vc_row]<\/p>\n","protected":false},"excerpt":{"rendered":"<p>[vc_row css_animation=&#8221;&#8221; row_type=&#8221;row&#8221; use_row_as_full_screen_section=&#8221;no&#8221; type=&#8221;full_width&#8221; angled_section=&#8221;no&#8221; text_align=&#8221;left&#8221; background_image_as_pattern=&#8221;without_pattern&#8221;][vc_column width=&#8221;1\/2&#8243;][vc_raw_html]JTNDaW1nJTIwc3JjJTNEJTIyaHR0cHMlM0ElMkYlMkZwcmF2bmFwb21vYy5vcmclMkZ3cC1jb250ZW50JTJGdXBsb2FkcyUyRjIwMjQlMkYwNCUyRm1hcGEtU3JiaWplLWVuZy0yMDI0LnN2ZyUyMiUyMGFsdCUzRCUyMiUyMiUyMGNsYXNzJTNEJTIyYWxpZ25ub25lJTIwc2l6ZS1mdWxsJTIwd3AtaW1hZ2UtMjg2OCUyMHN0eWxlLXN2ZyUyMiUyMCUyRiUzRQ==[\/vc_raw_html][\/vc_column][vc_column width=&#8221;1\/2&#8243;][vc_empty_space height=&#8221;80px&#8221;][vc_column_text el_class=&#8221;blue office-list&#8221; css=&#8221;.vc_custom_1504535324158{margin-bottom: 20px !important;}&#8221;] Belgrade Francuska 5\/5 Telefoni: (011) 655-77-63, 655-77-64. 655-77-65 [\/vc_column_text][vc_column_text el_class=&#8221;blue office-list&#8221; css=&#8221;.vc_custom_1616144499115{margin-bottom: 20px !important;}&#8221;]Kraljevo Tomislava Andri\u0107a D\u017eigija 39N, lokal 3 Telefon: (036) 515-00-34[\/vc_column_text][vc_column_text el_class=&#8221;blue office-list&#8221; css=&#8221;.vc_custom_1502364681282{margin-bottom: 20px !important;}&#8221;]Ni\u0161 Strahinji\u0107a&#8230;<\/p>\n","protected":false},"author":2,"featured_media":0,"parent":0,"menu_order":0,"comment_status":"closed","ping_status":"closed","template":"","meta":{"_acf_changed":false,"inline_featured_image":false,"footnotes":""},"class_list":["post-2906","page","type-page","status-publish","hentry"],"acf":[],"yoast_head":"<!-- This site is optimized with the Yoast SEO plugin v27.3 - https:\/\/yoast.com\/product\/yoast-seo-wordpress\/ -->\n<title>Office map - Free legal aid<\/title>\n<meta name=\"robots\" content=\"index, follow, max-snippet:-1, max-image-preview:large, max-video-preview:-1\" \/>\n<link rel=\"canonical\" href=\"https:\/\/pravnapomoc.org\/en\/office-map\/\" \/>\n<meta property=\"og:locale\" content=\"en_US\" \/>\n<meta property=\"og:type\" content=\"article\" \/>\n<meta property=\"og:title\" content=\"Office map - Free legal aid\" \/>\n<meta property=\"og:description\" content=\"[vc_row css_animation=&#8221;&#8221; row_type=&#8221;row&#8221; use_row_as_full_screen_section=&#8221;no&#8221; type=&#8221;full_width&#8221; angled_section=&#8221;no&#8221; text_align=&#8221;left&#8221; background_image_as_pattern=&#8221;without_pattern&#8221;][vc_column width=&#8221;1\/2&#8243;][vc_raw_html]JTNDaW1nJTIwc3JjJTNEJTIyaHR0cHMlM0ElMkYlMkZwcmF2bmFwb21vYy5vcmclMkZ3cC1jb250ZW50JTJGdXBsb2FkcyUyRjIwMjQlMkYwNCUyRm1hcGEtU3JiaWplLWVuZy0yMDI0LnN2ZyUyMiUyMGFsdCUzRCUyMiUyMiUyMGNsYXNzJTNEJTIyYWxpZ25ub25lJTIwc2l6ZS1mdWxsJTIwd3AtaW1hZ2UtMjg2OCUyMHN0eWxlLXN2ZyUyMiUyMCUyRiUzRQ==[\/vc_raw_html][\/vc_column][vc_column width=&#8221;1\/2&#8243;][vc_empty_space height=&#8221;80px&#8221;][vc_column_text el_class=&#8221;blue office-list&#8221; css=&#8221;.vc_custom_1504535324158{margin-bottom: 20px !important;}&#8221;] Belgrade Francuska 5\/5 Telefoni: (011) 655-77-63, 655-77-64. 655-77-65 [\/vc_column_text][vc_column_text el_class=&#8221;blue office-list&#8221; css=&#8221;.vc_custom_1616144499115{margin-bottom: 20px !important;}&#8221;]Kraljevo Tomislava Andri\u0107a D\u017eigija 39N, lokal 3 Telefon: (036) 515-00-34[\/vc_column_text][vc_column_text el_class=&#8221;blue office-list&#8221; css=&#8221;.vc_custom_1502364681282{margin-bottom: 20px !important;}&#8221;]Ni\u0161 Strahinji\u0107a...\" \/>\n<meta property=\"og:url\" content=\"https:\/\/pravnapomoc.org\/en\/office-map\/\" \/>\n<meta property=\"og:site_name\" content=\"Free legal aid\" \/>\n<meta property=\"article:modified_time\" content=\"2024-04-16T09:52:46+00:00\" \/>\n<meta name=\"twitter:card\" content=\"summary_large_image\" \/>\n<meta name=\"twitter:label1\" content=\"Est. reading time\" \/>\n\t<meta name=\"twitter:data1\" content=\"1 minute\" \/>\n<script type=\"application\/ld+json\" class=\"yoast-schema-graph\">{\"@context\":\"https:\\\/\\\/schema.org\",\"@graph\":[{\"@type\":\"WebPage\",\"@id\":\"https:\\\/\\\/pravnapomoc.org\\\/en\\\/office-map\\\/\",\"url\":\"https:\\\/\\\/pravnapomoc.org\\\/en\\\/office-map\\\/\",\"name\":\"Office map - Free legal aid\",\"isPartOf\":{\"@id\":\"https:\\\/\\\/pravnapomoc.org\\\/#website\"},\"datePublished\":\"2017-09-04T14:29:11+00:00\",\"dateModified\":\"2024-04-16T09:52:46+00:00\",\"breadcrumb\":{\"@id\":\"https:\\\/\\\/pravnapomoc.org\\\/en\\\/office-map\\\/#breadcrumb\"},\"inLanguage\":\"en-US\",\"potentialAction\":[{\"@type\":\"ReadAction\",\"target\":[\"https:\\\/\\\/pravnapomoc.org\\\/en\\\/office-map\\\/\"]}]},{\"@type\":\"BreadcrumbList\",\"@id\":\"https:\\\/\\\/pravnapomoc.org\\\/en\\\/office-map\\\/#breadcrumb\",\"itemListElement\":[{\"@type\":\"ListItem\",\"position\":1,\"name\":\"Home\",\"item\":\"https:\\\/\\\/pravnapomoc.org\\\/en\\\/\"},{\"@type\":\"ListItem\",\"position\":2,\"name\":\"Office map\"}]},{\"@type\":\"WebSite\",\"@id\":\"https:\\\/\\\/pravnapomoc.org\\\/#website\",\"url\":\"https:\\\/\\\/pravnapomoc.org\\\/\",\"name\":\"Free legal aid\",\"description\":\"Promotion and the protection of property rights of internally displaced persons, refugees and returnees upon readmission agreements\",\"potentialAction\":[{\"@type\":\"SearchAction\",\"target\":{\"@type\":\"EntryPoint\",\"urlTemplate\":\"https:\\\/\\\/pravnapomoc.org\\\/?s={search_term_string}\"},\"query-input\":{\"@type\":\"PropertyValueSpecification\",\"valueRequired\":true,\"valueName\":\"search_term_string\"}}],\"inLanguage\":\"en-US\"}]}<\/script>\n<!-- \/ Yoast SEO plugin. -->","yoast_head_json":{"title":"Office map - Free legal aid","robots":{"index":"index","follow":"follow","max-snippet":"max-snippet:-1","max-image-preview":"max-image-preview:large","max-video-preview":"max-video-preview:-1"},"canonical":"https:\/\/pravnapomoc.org\/en\/office-map\/","og_locale":"en_US","og_type":"article","og_title":"Office map - Free legal aid","og_description":"[vc_row css_animation=&#8221;&#8221; row_type=&#8221;row&#8221; use_row_as_full_screen_section=&#8221;no&#8221; type=&#8221;full_width&#8221; angled_section=&#8221;no&#8221; text_align=&#8221;left&#8221; background_image_as_pattern=&#8221;without_pattern&#8221;][vc_column width=&#8221;1\/2&#8243;][vc_raw_html]JTNDaW1nJTIwc3JjJTNEJTIyaHR0cHMlM0ElMkYlMkZwcmF2bmFwb21vYy5vcmclMkZ3cC1jb250ZW50JTJGdXBsb2FkcyUyRjIwMjQlMkYwNCUyRm1hcGEtU3JiaWplLWVuZy0yMDI0LnN2ZyUyMiUyMGFsdCUzRCUyMiUyMiUyMGNsYXNzJTNEJTIyYWxpZ25ub25lJTIwc2l6ZS1mdWxsJTIwd3AtaW1hZ2UtMjg2OCUyMHN0eWxlLXN2ZyUyMiUyMCUyRiUzRQ==[\/vc_raw_html][\/vc_column][vc_column width=&#8221;1\/2&#8243;][vc_empty_space height=&#8221;80px&#8221;][vc_column_text el_class=&#8221;blue office-list&#8221; css=&#8221;.vc_custom_1504535324158{margin-bottom: 20px !important;}&#8221;] Belgrade Francuska 5\/5 Telefoni: (011) 655-77-63, 655-77-64. 655-77-65 [\/vc_column_text][vc_column_text el_class=&#8221;blue office-list&#8221; css=&#8221;.vc_custom_1616144499115{margin-bottom: 20px !important;}&#8221;]Kraljevo Tomislava Andri\u0107a D\u017eigija 39N, lokal 3 Telefon: (036) 515-00-34[\/vc_column_text][vc_column_text el_class=&#8221;blue office-list&#8221; css=&#8221;.vc_custom_1502364681282{margin-bottom: 20px !important;}&#8221;]Ni\u0161 Strahinji\u0107a...","og_url":"https:\/\/pravnapomoc.org\/en\/office-map\/","og_site_name":"Free legal aid","article_modified_time":"2024-04-16T09:52:46+00:00","twitter_card":"summary_large_image","twitter_misc":{"Est. reading time":"1 minute"},"schema":{"@context":"https:\/\/schema.org","@graph":[{"@type":"WebPage","@id":"https:\/\/pravnapomoc.org\/en\/office-map\/","url":"https:\/\/pravnapomoc.org\/en\/office-map\/","name":"Office map - Free legal aid","isPartOf":{"@id":"https:\/\/pravnapomoc.org\/#website"},"datePublished":"2017-09-04T14:29:11+00:00","dateModified":"2024-04-16T09:52:46+00:00","breadcrumb":{"@id":"https:\/\/pravnapomoc.org\/en\/office-map\/#breadcrumb"},"inLanguage":"en-US","potentialAction":[{"@type":"ReadAction","target":["https:\/\/pravnapomoc.org\/en\/office-map\/"]}]},{"@type":"BreadcrumbList","@id":"https:\/\/pravnapomoc.org\/en\/office-map\/#breadcrumb","itemListElement":[{"@type":"ListItem","position":1,"name":"Home","item":"https:\/\/pravnapomoc.org\/en\/"},{"@type":"ListItem","position":2,"name":"Office map"}]},{"@type":"WebSite","@id":"https:\/\/pravnapomoc.org\/#website","url":"https:\/\/pravnapomoc.org\/","name":"Free legal aid","description":"Promotion and the protection of property rights of internally displaced persons, refugees and returnees upon readmission agreements","potentialAction":[{"@type":"SearchAction","target":{"@type":"EntryPoint","urlTemplate":"https:\/\/pravnapomoc.org\/?s={search_term_string}"},"query-input":{"@type":"PropertyValueSpecification","valueRequired":true,"valueName":"search_term_string"}}],"inLanguage":"en-US"}]}},"_links":{"self":[{"href":"https:\/\/pravnapomoc.org\/en\/wp-json\/wp\/v2\/pages\/2906","targetHints":{"allow":["GET"]}}],"collection":[{"href":"https:\/\/pravnapomoc.org\/en\/wp-json\/wp\/v2\/pages"}],"about":[{"href":"https:\/\/pravnapomoc.org\/en\/wp-json\/wp\/v2\/types\/page"}],"author":[{"embeddable":true,"href":"https:\/\/pravnapomoc.org\/en\/wp-json\/wp\/v2\/users\/2"}],"replies":[{"embeddable":true,"href":"https:\/\/pravnapomoc.org\/en\/wp-json\/wp\/v2\/comments?post=2906"}],"version-history":[{"count":5,"href":"https:\/\/pravnapomoc.org\/en\/wp-json\/wp\/v2\/pages\/2906\/revisions"}],"predecessor-version":[{"id":5057,"href":"https:\/\/pravnapomoc.org\/en\/wp-json\/wp\/v2\/pages\/2906\/revisions\/5057"}],"wp:attachment":[{"href":"https:\/\/pravnapomoc.org\/en\/wp-json\/wp\/v2\/media?parent=2906"}],"curies":[{"name":"wp","href":"https:\/\/api.w.org\/{rel}","templated":true}]}}