{"id":2896,"date":"2017-09-04T13:25:27","date_gmt":"2017-09-04T12:25:27","guid":{"rendered":"http:\/\/pravnapomoc.org\/?page_id=2896\/"},"modified":"2019-02-06T16:28:25","modified_gmt":"2019-02-06T15:28:25","slug":"ngo-raskrsce","status":"publish","type":"page","link":"https:\/\/pravnapomoc.org\/en\/ngo-raskrsce\/","title":{"rendered":"NGO Raskr\u0161\u0107e"},"content":{"rendered":"<p>[vc_row css_animation=&#8221;&#8221; row_type=&#8221;row&#8221; use_row_as_full_screen_section=&#8221;no&#8221; type=&#8221;full_width&#8221; angled_section=&#8221;no&#8221; text_align=&#8221;left&#8221; background_image_as_pattern=&#8221;without_pattern&#8221;][vc_column css=&#8221;.vc_custom_1502271325232{margin-bottom: 40px !important;}&#8221;][vc_column_text el_class=&#8221;office-title&#8221;]<strong>Office<\/strong><\/p>\n<p><b>NGO AZOD<\/b><\/p>\n<p>Kneza Lazara 66 ( II. floor), Gra\u010danica[\/vc_column_text][\/vc_column][\/vc_row][vc_row css_animation=&#8221;&#8221; row_type=&#8221;row&#8221; use_row_as_full_screen_section=&#8221;no&#8221; type=&#8221;full_width&#8221; angled_section=&#8221;no&#8221; text_align=&#8221;left&#8221; background_image_as_pattern=&#8221;without_pattern&#8221; el_class=&#8221;office-line&#8221; css=&#8221;.vc_custom_1502272070354{margin-bottom: 40px !important;}&#8221;][vc_column width=&#8221;1\/6&#8243;][vc_single_image image=&#8221;2695&#8243; img_size=&#8221;150&#215;250&#8243; qode_css_animation=&#8221;&#8221;][\/vc_column][vc_column width=&#8221;5\/6&#8243; css=&#8221;.vc_custom_1502271835968{padding-top: 30px !important;}&#8221;][vc_column_text el_class=&#8221;office-info-text-title&#8221;]<span lang=\"sr-RS\"><b>Vlastimir Petrovi\u0107<\/b><\/span><\/p>\n<p><em>Senior Legal Expert<\/em>[\/vc_column_text][vc_column_text el_class=&#8221;office-info-text&#8221;]Born in 1963 in Gnjilane, graduated from the Faculty of Law in Pri\u0161tina in 1988. He began his career working as a school secretary, after which he assumed the position of Director of the Legal Department of a Tabaco Factory in Gnjilane. He had also worked in the UNMIK administration and NGOs \u201cAmerican refugee committee\u201d and \u201cNorwegian Refugee Council\u201d. She has been working as a lawyer since 2005.[\/vc_column_text][\/vc_column][\/vc_row][vc_row css_animation=&#8221;&#8221; row_type=&#8221;row&#8221; use_row_as_full_screen_section=&#8221;no&#8221; type=&#8221;full_width&#8221; angled_section=&#8221;no&#8221; text_align=&#8221;left&#8221; background_image_as_pattern=&#8221;without_pattern&#8221; el_class=&#8221;office-line&#8221; css=&#8221;.vc_custom_1502272079370{margin-bottom: 40px !important;}&#8221;][vc_column width=&#8221;1\/6&#8243;][vc_single_image image=&#8221;2698&#8243; img_size=&#8221;150&#215;250&#8243; qode_css_animation=&#8221;&#8221;][\/vc_column][vc_column width=&#8221;5\/6&#8243; css=&#8221;.vc_custom_1502271835968{padding-top: 30px !important;}&#8221;][vc_column_text el_class=&#8221;office-info-text-title&#8221;]<span lang=\"sr-RS\"><b>Nenad Trajkovi\u0107<\/b><\/span><\/p>\n<p><em>Junior Legal Expert<\/em>[\/vc_column_text][vc_column_text el_class=&#8221;office-info-text&#8221;]Born in 1978 in Kosovo Polje, a finished the Faculty of Law in 2004 in Pri\u0161tina,. Since 2005 he has been working for various NGOs, and is involved with the legal aid projects since 2011. He volunteered for the Office for Kosovo and Metohija in 2015 and 2016. He passed the training for providing the legal aid, organized by the OSCE and ATRC training for strategic litigation.[\/vc_column_text][\/vc_column][\/vc_row][vc_row css_animation=&#8221;&#8221; row_type=&#8221;row&#8221; use_row_as_full_screen_section=&#8221;no&#8221; type=&#8221;full_width&#8221; angled_section=&#8221;no&#8221; text_align=&#8221;left&#8221; background_image_as_pattern=&#8221;without_pattern&#8221; el_class=&#8221;office-line&#8221; css=&#8221;.vc_custom_1502272079370{margin-bottom: 40px !important;}&#8221;][vc_column width=&#8221;1\/6&#8243;][vc_single_image image=&#8221;2707&#8243; img_size=&#8221;150&#215;250&#8243; qode_css_animation=&#8221;&#8221;][\/vc_column][vc_column width=&#8221;5\/6&#8243; css=&#8221;.vc_custom_1502271835968{padding-top: 30px !important;}&#8221;][vc_column_text el_class=&#8221;office-info-text-title&#8221;]<span lang=\"sr-RS\"><b>\u0110or\u0111e \u0110or\u0111evi\u0107<\/b><\/span><\/p>\n<p><em>Junior Legal Expert <\/em>[\/vc_column_text][vc_column_text el_class=&#8221;office-info-text&#8221;]Born in 1985 in Pri\u0161tina. \u0110or\u0111e graduated from the Faculty of Law of the University in Pristina. He finished his master studies in 2011. A year later, he became a specialist for terrorism, organized crime and corruption, as well as the Military of Serbia officer in reserve. Upon graduation, Djordje worked in temporary justice and administrative institutions in Kosovo and Metohija. Prior to his engagement with the free legal aid project, Djordje was a Secretary of the Municipality of Lipljan.[\/vc_column_text][\/vc_column][\/vc_row][vc_row css_animation=&#8221;&#8221; row_type=&#8221;row&#8221; use_row_as_full_screen_section=&#8221;no&#8221; type=&#8221;full_width&#8221; angled_section=&#8221;no&#8221; text_align=&#8221;left&#8221; background_image_as_pattern=&#8221;without_pattern&#8221; el_class=&#8221;office-line&#8221; css=&#8221;.vc_custom_1502272079370{margin-bottom: 40px !important;}&#8221;][vc_column width=&#8221;1\/6&#8243;][vc_single_image image=&#8221;2701&#8243; img_size=&#8221;150&#215;250&#8243; qode_css_animation=&#8221;&#8221;][\/vc_column][vc_column width=&#8221;5\/6&#8243; css=&#8221;.vc_custom_1502271835968{padding-top: 30px !important;}&#8221;][vc_column_text el_class=&#8221;office-info-text-title&#8221;]<span lang=\"sr-RS\"><b>Jovana Filipovi\u0107<\/b><\/span><\/p>\n<p><em>Trainee<\/em>[\/vc_column_text][vc_column_text el_class=&#8221;office-info-text&#8221;]Graduated from the Univeristy of Pri\u0161tina Faculty of Law, with teporary headquarters in Kosovska Mitrovica in 2015. After gratuation, Jovana enrolled in master studies. She did her residency at the Basic Court in Kosovska Mitrovica, department in Gra\u010danica. She started working in a law office right after her gratuation and passed the Bar Exam in 2017 in Pri\u0161tina.[\/vc_column_text][\/vc_column][\/vc_row][vc_row css_animation=&#8221;&#8221; row_type=&#8221;row&#8221; use_row_as_full_screen_section=&#8221;no&#8221; type=&#8221;full_width&#8221; angled_section=&#8221;no&#8221; text_align=&#8221;left&#8221; background_image_as_pattern=&#8221;without_pattern&#8221; el_class=&#8221;office-line&#8221; css=&#8221;.vc_custom_1502272079370{margin-bottom: 40px !important;}&#8221;][vc_column width=&#8221;1\/6&#8243;][vc_single_image image=&#8221;2704&#8243; img_size=&#8221;150&#215;250&#8243; qode_css_animation=&#8221;&#8221;][\/vc_column][vc_column width=&#8221;5\/6&#8243; css=&#8221;.vc_custom_1502271835968{padding-top: 30px !important;}&#8221;][vc_column_text el_class=&#8221;office-info-text-title&#8221;]<\/p>\n<p align=\"justify\"><span lang=\"sr-RS\"><b>Ivan Jankovi\u0107<\/b><\/span><\/p>\n<p><em>Trainee<\/em>[\/vc_column_text][vc_column_text el_class=&#8221;office-info-text&#8221;]Born in 1990 in Tuzla. Ivan did his internship in the Municipality of Kosovo Polje after high school. He graduated from the Faculty of Law in Pri\u0161tina and volunteered with NGOs \u201cRuka- ruci\u201d and \u201cIMSK\u201d, where was in charge of managing projects, giving lectures in law with emphasis on the minority\u2019s rights and drafting contracting and other legal documents.[\/vc_column_text][\/vc_column][\/vc_row]<\/p>\n","protected":false},"excerpt":{"rendered":"<p>[vc_row css_animation=&#8221;&#8221; row_type=&#8221;row&#8221; use_row_as_full_screen_section=&#8221;no&#8221; type=&#8221;full_width&#8221; angled_section=&#8221;no&#8221; text_align=&#8221;left&#8221; background_image_as_pattern=&#8221;without_pattern&#8221;][vc_column css=&#8221;.vc_custom_1502271325232{margin-bottom: 40px !important;}&#8221;][vc_column_text el_class=&#8221;office-title&#8221;]Office NGO AZOD Kneza Lazara 66 ( II. floor), Gra\u010danica[\/vc_column_text][\/vc_column][\/vc_row][vc_row css_animation=&#8221;&#8221; row_type=&#8221;row&#8221; use_row_as_full_screen_section=&#8221;no&#8221; type=&#8221;full_width&#8221; angled_section=&#8221;no&#8221; text_align=&#8221;left&#8221; background_image_as_pattern=&#8221;without_pattern&#8221; el_class=&#8221;office-line&#8221; css=&#8221;.vc_custom_1502272070354{margin-bottom: 40px !important;}&#8221;][vc_column width=&#8221;1\/6&#8243;][vc_single_image image=&#8221;2695&#8243; img_size=&#8221;150&#215;250&#8243; qode_css_animation=&#8221;&#8221;][\/vc_column][vc_column width=&#8221;5\/6&#8243; css=&#8221;.vc_custom_1502271835968{padding-top: 30px !important;}&#8221;][vc_column_text el_class=&#8221;office-info-text-title&#8221;]Vlastimir Petrovi\u0107 Senior Legal Expert[\/vc_column_text][vc_column_text&#8230;<\/p>\n","protected":false},"author":2,"featured_media":0,"parent":0,"menu_order":0,"comment_status":"closed","ping_status":"closed","template":"","meta":{"_acf_changed":false,"inline_featured_image":false,"footnotes":""},"class_list":["post-2896","page","type-page","status-publish","hentry"],"acf":[],"yoast_head":"<!-- This site is optimized with the Yoast SEO plugin v27.4 - https:\/\/yoast.com\/product\/yoast-seo-wordpress\/ -->\n<title>NGO Raskr\u0161\u0107e - Free legal aid<\/title>\n<meta name=\"robots\" content=\"index, follow, max-snippet:-1, max-image-preview:large, max-video-preview:-1\" \/>\n<link rel=\"canonical\" href=\"https:\/\/pravnapomoc.org\/\u043a\u0430\u043d\u0446\u0435\u043b\u0430\u0440\u0438\u0458\u0435\/\u043d\u0432\u043e-\u0440\u0430\u0441\u043a\u0440\u0448\u045b\u0435\/\" \/>\n<meta property=\"og:locale\" content=\"en_US\" \/>\n<meta property=\"og:type\" content=\"article\" \/>\n<meta property=\"og:title\" content=\"NGO Raskr\u0161\u0107e - Free legal aid\" \/>\n<meta property=\"og:description\" content=\"[vc_row css_animation=&#8221;&#8221; row_type=&#8221;row&#8221; use_row_as_full_screen_section=&#8221;no&#8221; type=&#8221;full_width&#8221; angled_section=&#8221;no&#8221; text_align=&#8221;left&#8221; background_image_as_pattern=&#8221;without_pattern&#8221;][vc_column css=&#8221;.vc_custom_1502271325232{margin-bottom: 40px !important;}&#8221;][vc_column_text el_class=&#8221;office-title&#8221;]Office NGO AZOD Kneza Lazara 66 ( II. floor), Gra\u010danica[\/vc_column_text][\/vc_column][\/vc_row][vc_row css_animation=&#8221;&#8221; row_type=&#8221;row&#8221; use_row_as_full_screen_section=&#8221;no&#8221; type=&#8221;full_width&#8221; angled_section=&#8221;no&#8221; text_align=&#8221;left&#8221; background_image_as_pattern=&#8221;without_pattern&#8221; el_class=&#8221;office-line&#8221; css=&#8221;.vc_custom_1502272070354{margin-bottom: 40px !important;}&#8221;][vc_column width=&#8221;1\/6&#8243;][vc_single_image image=&#8221;2695&#8243; img_size=&#8221;150&#215;250&#8243; qode_css_animation=&#8221;&#8221;][\/vc_column][vc_column width=&#8221;5\/6&#8243; css=&#8221;.vc_custom_1502271835968{padding-top: 30px !important;}&#8221;][vc_column_text el_class=&#8221;office-info-text-title&#8221;]Vlastimir Petrovi\u0107 Senior Legal Expert[\/vc_column_text][vc_column_text...\" \/>\n<meta property=\"og:url\" content=\"https:\/\/pravnapomoc.org\/\u043a\u0430\u043d\u0446\u0435\u043b\u0430\u0440\u0438\u0458\u0435\/\u043d\u0432\u043e-\u0440\u0430\u0441\u043a\u0440\u0448\u045b\u0435\/\" \/>\n<meta property=\"og:site_name\" content=\"Free legal aid\" \/>\n<meta property=\"article:modified_time\" content=\"2019-02-06T15:28:25+00:00\" \/>\n<meta name=\"twitter:card\" content=\"summary_large_image\" \/>\n<meta name=\"twitter:label1\" content=\"Est. reading time\" \/>\n\t<meta name=\"twitter:data1\" content=\"4 minutes\" \/>\n<script type=\"application\/ld+json\" class=\"yoast-schema-graph\">{\"@context\":\"https:\\\/\\\/schema.org\",\"@graph\":[{\"@type\":\"WebPage\",\"@id\":\"https:\\\/\\\/pravnapomoc.org\\\/%d0%ba%d0%b0%d0%bd%d1%86%d0%b5%d0%bb%d0%b0%d1%80%d0%b8%d1%98%d0%b5\\\/%d0%bd%d0%b2%d0%be-%d1%80%d0%b0%d1%81%d0%ba%d1%80%d1%88%d1%9b%d0%b5\\\/\",\"url\":\"https:\\\/\\\/pravnapomoc.org\\\/%d0%ba%d0%b0%d0%bd%d1%86%d0%b5%d0%bb%d0%b0%d1%80%d0%b8%d1%98%d0%b5\\\/%d0%bd%d0%b2%d0%be-%d1%80%d0%b0%d1%81%d0%ba%d1%80%d1%88%d1%9b%d0%b5\\\/\",\"name\":\"NGO Raskr\u0161\u0107e - Free legal aid\",\"isPartOf\":{\"@id\":\"https:\\\/\\\/pravnapomoc.org\\\/#website\"},\"datePublished\":\"2017-09-04T12:25:27+00:00\",\"dateModified\":\"2019-02-06T15:28:25+00:00\",\"breadcrumb\":{\"@id\":\"https:\\\/\\\/pravnapomoc.org\\\/%d0%ba%d0%b0%d0%bd%d1%86%d0%b5%d0%bb%d0%b0%d1%80%d0%b8%d1%98%d0%b5\\\/%d0%bd%d0%b2%d0%be-%d1%80%d0%b0%d1%81%d0%ba%d1%80%d1%88%d1%9b%d0%b5\\\/#breadcrumb\"},\"inLanguage\":\"en-US\",\"potentialAction\":[{\"@type\":\"ReadAction\",\"target\":[\"https:\\\/\\\/pravnapomoc.org\\\/%d0%ba%d0%b0%d0%bd%d1%86%d0%b5%d0%bb%d0%b0%d1%80%d0%b8%d1%98%d0%b5\\\/%d0%bd%d0%b2%d0%be-%d1%80%d0%b0%d1%81%d0%ba%d1%80%d1%88%d1%9b%d0%b5\\\/\"]}]},{\"@type\":\"BreadcrumbList\",\"@id\":\"https:\\\/\\\/pravnapomoc.org\\\/%d0%ba%d0%b0%d0%bd%d1%86%d0%b5%d0%bb%d0%b0%d1%80%d0%b8%d1%98%d0%b5\\\/%d0%bd%d0%b2%d0%be-%d1%80%d0%b0%d1%81%d0%ba%d1%80%d1%88%d1%9b%d0%b5\\\/#breadcrumb\",\"itemListElement\":[{\"@type\":\"ListItem\",\"position\":1,\"name\":\"Home\",\"item\":\"https:\\\/\\\/pravnapomoc.org\\\/en\\\/\"},{\"@type\":\"ListItem\",\"position\":2,\"name\":\"NGO Raskr\u0161\u0107e\"}]},{\"@type\":\"WebSite\",\"@id\":\"https:\\\/\\\/pravnapomoc.org\\\/#website\",\"url\":\"https:\\\/\\\/pravnapomoc.org\\\/\",\"name\":\"Free legal aid\",\"description\":\"Promotion and the protection of property rights of internally displaced persons, refugees and returnees upon readmission agreements\",\"potentialAction\":[{\"@type\":\"SearchAction\",\"target\":{\"@type\":\"EntryPoint\",\"urlTemplate\":\"https:\\\/\\\/pravnapomoc.org\\\/?s={search_term_string}\"},\"query-input\":{\"@type\":\"PropertyValueSpecification\",\"valueRequired\":true,\"valueName\":\"search_term_string\"}}],\"inLanguage\":\"en-US\"}]}<\/script>\n<!-- \/ Yoast SEO plugin. -->","yoast_head_json":{"title":"NGO Raskr\u0161\u0107e - Free legal aid","robots":{"index":"index","follow":"follow","max-snippet":"max-snippet:-1","max-image-preview":"max-image-preview:large","max-video-preview":"max-video-preview:-1"},"canonical":"https:\/\/pravnapomoc.org\/\u043a\u0430\u043d\u0446\u0435\u043b\u0430\u0440\u0438\u0458\u0435\/\u043d\u0432\u043e-\u0440\u0430\u0441\u043a\u0440\u0448\u045b\u0435\/","og_locale":"en_US","og_type":"article","og_title":"NGO Raskr\u0161\u0107e - Free legal aid","og_description":"[vc_row css_animation=&#8221;&#8221; row_type=&#8221;row&#8221; use_row_as_full_screen_section=&#8221;no&#8221; type=&#8221;full_width&#8221; angled_section=&#8221;no&#8221; text_align=&#8221;left&#8221; background_image_as_pattern=&#8221;without_pattern&#8221;][vc_column css=&#8221;.vc_custom_1502271325232{margin-bottom: 40px !important;}&#8221;][vc_column_text el_class=&#8221;office-title&#8221;]Office NGO AZOD Kneza Lazara 66 ( II. floor), Gra\u010danica[\/vc_column_text][\/vc_column][\/vc_row][vc_row css_animation=&#8221;&#8221; row_type=&#8221;row&#8221; use_row_as_full_screen_section=&#8221;no&#8221; type=&#8221;full_width&#8221; angled_section=&#8221;no&#8221; text_align=&#8221;left&#8221; background_image_as_pattern=&#8221;without_pattern&#8221; el_class=&#8221;office-line&#8221; css=&#8221;.vc_custom_1502272070354{margin-bottom: 40px !important;}&#8221;][vc_column width=&#8221;1\/6&#8243;][vc_single_image image=&#8221;2695&#8243; img_size=&#8221;150&#215;250&#8243; qode_css_animation=&#8221;&#8221;][\/vc_column][vc_column width=&#8221;5\/6&#8243; css=&#8221;.vc_custom_1502271835968{padding-top: 30px !important;}&#8221;][vc_column_text el_class=&#8221;office-info-text-title&#8221;]Vlastimir Petrovi\u0107 Senior Legal Expert[\/vc_column_text][vc_column_text...","og_url":"https:\/\/pravnapomoc.org\/\u043a\u0430\u043d\u0446\u0435\u043b\u0430\u0440\u0438\u0458\u0435\/\u043d\u0432\u043e-\u0440\u0430\u0441\u043a\u0440\u0448\u045b\u0435\/","og_site_name":"Free legal aid","article_modified_time":"2019-02-06T15:28:25+00:00","twitter_card":"summary_large_image","twitter_misc":{"Est. reading time":"4 minutes"},"schema":{"@context":"https:\/\/schema.org","@graph":[{"@type":"WebPage","@id":"https:\/\/pravnapomoc.org\/%d0%ba%d0%b0%d0%bd%d1%86%d0%b5%d0%bb%d0%b0%d1%80%d0%b8%d1%98%d0%b5\/%d0%bd%d0%b2%d0%be-%d1%80%d0%b0%d1%81%d0%ba%d1%80%d1%88%d1%9b%d0%b5\/","url":"https:\/\/pravnapomoc.org\/%d0%ba%d0%b0%d0%bd%d1%86%d0%b5%d0%bb%d0%b0%d1%80%d0%b8%d1%98%d0%b5\/%d0%bd%d0%b2%d0%be-%d1%80%d0%b0%d1%81%d0%ba%d1%80%d1%88%d1%9b%d0%b5\/","name":"NGO Raskr\u0161\u0107e - Free legal aid","isPartOf":{"@id":"https:\/\/pravnapomoc.org\/#website"},"datePublished":"2017-09-04T12:25:27+00:00","dateModified":"2019-02-06T15:28:25+00:00","breadcrumb":{"@id":"https:\/\/pravnapomoc.org\/%d0%ba%d0%b0%d0%bd%d1%86%d0%b5%d0%bb%d0%b0%d1%80%d0%b8%d1%98%d0%b5\/%d0%bd%d0%b2%d0%be-%d1%80%d0%b0%d1%81%d0%ba%d1%80%d1%88%d1%9b%d0%b5\/#breadcrumb"},"inLanguage":"en-US","potentialAction":[{"@type":"ReadAction","target":["https:\/\/pravnapomoc.org\/%d0%ba%d0%b0%d0%bd%d1%86%d0%b5%d0%bb%d0%b0%d1%80%d0%b8%d1%98%d0%b5\/%d0%bd%d0%b2%d0%be-%d1%80%d0%b0%d1%81%d0%ba%d1%80%d1%88%d1%9b%d0%b5\/"]}]},{"@type":"BreadcrumbList","@id":"https:\/\/pravnapomoc.org\/%d0%ba%d0%b0%d0%bd%d1%86%d0%b5%d0%bb%d0%b0%d1%80%d0%b8%d1%98%d0%b5\/%d0%bd%d0%b2%d0%be-%d1%80%d0%b0%d1%81%d0%ba%d1%80%d1%88%d1%9b%d0%b5\/#breadcrumb","itemListElement":[{"@type":"ListItem","position":1,"name":"Home","item":"https:\/\/pravnapomoc.org\/en\/"},{"@type":"ListItem","position":2,"name":"NGO Raskr\u0161\u0107e"}]},{"@type":"WebSite","@id":"https:\/\/pravnapomoc.org\/#website","url":"https:\/\/pravnapomoc.org\/","name":"Free legal aid","description":"Promotion and the protection of property rights of internally displaced persons, refugees and returnees upon readmission agreements","potentialAction":[{"@type":"SearchAction","target":{"@type":"EntryPoint","urlTemplate":"https:\/\/pravnapomoc.org\/?s={search_term_string}"},"query-input":{"@type":"PropertyValueSpecification","valueRequired":true,"valueName":"search_term_string"}}],"inLanguage":"en-US"}]}},"_links":{"self":[{"href":"https:\/\/pravnapomoc.org\/en\/wp-json\/wp\/v2\/pages\/2896","targetHints":{"allow":["GET"]}}],"collection":[{"href":"https:\/\/pravnapomoc.org\/en\/wp-json\/wp\/v2\/pages"}],"about":[{"href":"https:\/\/pravnapomoc.org\/en\/wp-json\/wp\/v2\/types\/page"}],"author":[{"embeddable":true,"href":"https:\/\/pravnapomoc.org\/en\/wp-json\/wp\/v2\/users\/2"}],"replies":[{"embeddable":true,"href":"https:\/\/pravnapomoc.org\/en\/wp-json\/wp\/v2\/comments?post=2896"}],"version-history":[{"count":2,"href":"https:\/\/pravnapomoc.org\/en\/wp-json\/wp\/v2\/pages\/2896\/revisions"}],"predecessor-version":[{"id":4020,"href":"https:\/\/pravnapomoc.org\/en\/wp-json\/wp\/v2\/pages\/2896\/revisions\/4020"}],"wp:attachment":[{"href":"https:\/\/pravnapomoc.org\/en\/wp-json\/wp\/v2\/media?parent=2896"}],"curies":[{"name":"wp","href":"https:\/\/api.w.org\/{rel}","templated":true}]}}