{"id":2884,"date":"2017-09-04T11:21:34","date_gmt":"2017-09-04T10:21:34","guid":{"rendered":"http:\/\/pravnapomoc.org\/?page_id=2884\/"},"modified":"2017-09-04T11:21:34","modified_gmt":"2017-09-04T10:21:34","slug":"nis","status":"publish","type":"page","link":"https:\/\/pravnapomoc.org\/en\/nis\/","title":{"rendered":"Ni\u0161"},"content":{"rendered":"<p>[vc_row css_animation=&#8221;&#8221; row_type=&#8221;row&#8221; use_row_as_full_screen_section=&#8221;no&#8221; type=&#8221;full_width&#8221; angled_section=&#8221;no&#8221; text_align=&#8221;left&#8221; background_image_as_pattern=&#8221;without_pattern&#8221;][vc_column css=&#8221;.vc_custom_1502271325232{margin-bottom: 40px !important;}&#8221;][vc_column_text el_class=&#8221;office-title&#8221;]<\/p>\n<p><strong>Office<\/strong><\/p>\n<p><strong>NI\u0160<\/strong><\/p>\n<p>Strahinji\u0107a Bana 8<\/p>\n<p>[\/vc_column_text][\/vc_column][\/vc_row][vc_row css_animation=&#8221;&#8221; row_type=&#8221;row&#8221; use_row_as_full_screen_section=&#8221;no&#8221; type=&#8221;full_width&#8221; angled_section=&#8221;no&#8221; text_align=&#8221;left&#8221; background_image_as_pattern=&#8221;without_pattern&#8221; el_class=&#8221;office-line&#8221; css=&#8221;.vc_custom_1502272070354{margin-bottom: 40px !important;}&#8221;][vc_column width=&#8221;1\/6&#8243;][vc_single_image image=&#8221;2636&#8243; img_size=&#8221;150&#215;250&#8243; qode_css_animation=&#8221;&#8221;][\/vc_column][vc_column width=&#8221;5\/6&#8243; css=&#8221;.vc_custom_1502271835968{padding-top: 30px !important;}&#8221;][vc_column_text el_class=&#8221;office-info-text-title&#8221;]<span lang=\"sr-RS\"><b>\u017darko Gaji\u0107<\/b><\/span><\/p>\n<p><em>Senior Legal Expert<\/em>[\/vc_column_text][vc_column_text el_class=&#8221;office-info-text&#8221;]Born in Pri\u0161tina, where he finished high school and the Faculty of Law. In 1983 \u017darko started working in the District Prosecutor\u2019s Office. He was appointed judge of the Municipal Court in Pri\u0161tina from 1985 until 1994, when he began the career of lawyer. He was a Director of the Criminal Correction Institution in Ni\u0161 from 2003 until 2005. Currently, he is a lawyer registered with the Bas Association in Kosovo and Metohija.[\/vc_column_text][\/vc_column][\/vc_row][vc_row css_animation=&#8221;&#8221; row_type=&#8221;row&#8221; use_row_as_full_screen_section=&#8221;no&#8221; type=&#8221;full_width&#8221; angled_section=&#8221;no&#8221; text_align=&#8221;left&#8221; background_image_as_pattern=&#8221;without_pattern&#8221; el_class=&#8221;office-line&#8221; css=&#8221;.vc_custom_1502272079370{margin-bottom: 40px !important;}&#8221;][vc_column width=&#8221;1\/6&#8243;][vc_single_image image=&#8221;2639&#8243; img_size=&#8221;150&#215;250&#8243; qode_css_animation=&#8221;&#8221;][\/vc_column][vc_column width=&#8221;5\/6&#8243; css=&#8221;.vc_custom_1502271835968{padding-top: 30px !important;}&#8221;][vc_column_text el_class=&#8221;office-info-text-title&#8221;]<span lang=\"sr-RS\"><b>Vladana Savi\u0107<\/b><\/span><\/p>\n<p><em>Junior Legal Expert<\/em>[\/vc_column_text][vc_column_text el_class=&#8221;office-info-text&#8221;]Born in Prizren, graduated from the Faculty of Law in Pri\u0161tina. Vladana began her career in the company \u201cBeer Commerce\u201d on the position of legal officer. She finished her residency at the law office of Ivona Anti\u0107 in Ni\u0161.[\/vc_column_text][\/vc_column][\/vc_row][vc_row css_animation=&#8221;&#8221; row_type=&#8221;row&#8221; use_row_as_full_screen_section=&#8221;no&#8221; type=&#8221;full_width&#8221; angled_section=&#8221;no&#8221; text_align=&#8221;left&#8221; background_image_as_pattern=&#8221;without_pattern&#8221; el_class=&#8221;office-line&#8221; css=&#8221;.vc_custom_1502272079370{margin-bottom: 40px !important;}&#8221;][vc_column width=&#8221;1\/6&#8243;][vc_single_image image=&#8221;2642&#8243; img_size=&#8221;150&#215;250&#8243; qode_css_animation=&#8221;&#8221;][\/vc_column][vc_column width=&#8221;5\/6&#8243; css=&#8221;.vc_custom_1502271835968{padding-top: 30px !important;}&#8221;][vc_column_text el_class=&#8221;office-info-text-title&#8221;]<span lang=\"sr-RS\"><b>Dragan Gavrilovi\u0107<\/b><\/span><\/p>\n<p><em>Trainee<\/em>[\/vc_column_text][vc_column_text el_class=&#8221;office-info-text&#8221;]Born in Ni\u0161, where he finished the Faculty of Law. He worked for a few years as the Manager of legal affairs and has more than 500 representations in courts and over 600 proceedings in the inspection authorities. He is currently doing his mater studies at the Faculty of Economics in Ni\u0161.[\/vc_column_text][\/vc_column][\/vc_row][vc_row css_animation=&#8221;&#8221; row_type=&#8221;row&#8221; use_row_as_full_screen_section=&#8221;no&#8221; type=&#8221;full_width&#8221; angled_section=&#8221;no&#8221; text_align=&#8221;left&#8221; background_image_as_pattern=&#8221;without_pattern&#8221; el_class=&#8221;office-line&#8221; css=&#8221;.vc_custom_1502272079370{margin-bottom: 40px !important;}&#8221;][vc_column width=&#8221;1\/6&#8243;][vc_single_image image=&#8221;2645&#8243; img_size=&#8221;150&#215;250&#8243; qode_css_animation=&#8221;&#8221;][\/vc_column][vc_column width=&#8221;5\/6&#8243; css=&#8221;.vc_custom_1502271835968{padding-top: 30px !important;}&#8221;][vc_column_text el_class=&#8221;office-info-text-title&#8221;]<span lang=\"sr-RS\"><b>Miljana \u0110or\u0111evi\u0107<\/b><\/span><\/p>\n<p><em>Trainee<\/em>[\/vc_column_text][vc_column_text el_class=&#8221;office-info-text&#8221;]Born in Prizren, graduated from the Faculty of Law in Economics and Justice in Novi Sad. Hired as a trainee for the Nis office at the free legal aid project.[\/vc_column_text][\/vc_column][\/vc_row]<\/p>\n","protected":false},"excerpt":{"rendered":"<p>[vc_row css_animation=&#8221;&#8221; row_type=&#8221;row&#8221; use_row_as_full_screen_section=&#8221;no&#8221; type=&#8221;full_width&#8221; angled_section=&#8221;no&#8221; text_align=&#8221;left&#8221; background_image_as_pattern=&#8221;without_pattern&#8221;][vc_column css=&#8221;.vc_custom_1502271325232{margin-bottom: 40px !important;}&#8221;][vc_column_text el_class=&#8221;office-title&#8221;] Office NI\u0160 Strahinji\u0107a Bana 8 [\/vc_column_text][\/vc_column][\/vc_row][vc_row css_animation=&#8221;&#8221; row_type=&#8221;row&#8221; use_row_as_full_screen_section=&#8221;no&#8221; type=&#8221;full_width&#8221; angled_section=&#8221;no&#8221; text_align=&#8221;left&#8221; background_image_as_pattern=&#8221;without_pattern&#8221; el_class=&#8221;office-line&#8221; css=&#8221;.vc_custom_1502272070354{margin-bottom: 40px !important;}&#8221;][vc_column width=&#8221;1\/6&#8243;][vc_single_image image=&#8221;2636&#8243; img_size=&#8221;150&#215;250&#8243; qode_css_animation=&#8221;&#8221;][\/vc_column][vc_column width=&#8221;5\/6&#8243; css=&#8221;.vc_custom_1502271835968{padding-top: 30px !important;}&#8221;][vc_column_text el_class=&#8221;office-info-text-title&#8221;]\u017darko Gaji\u0107 Senior Legal Expert[\/vc_column_text][vc_column_text el_class=&#8221;office-info-text&#8221;]Born in Pri\u0161tina,&#8230;<\/p>\n","protected":false},"author":2,"featured_media":0,"parent":0,"menu_order":0,"comment_status":"closed","ping_status":"closed","template":"","meta":{"_acf_changed":false,"inline_featured_image":false,"footnotes":""},"class_list":["post-2884","page","type-page","status-publish","hentry"],"acf":[],"yoast_head":"<!-- This site is optimized with the Yoast SEO plugin v27.5 - https:\/\/yoast.com\/product\/yoast-seo-wordpress\/ -->\n<title>Ni\u0161 - Free legal aid<\/title>\n<meta name=\"robots\" content=\"index, follow, max-snippet:-1, max-image-preview:large, max-video-preview:-1\" \/>\n<link rel=\"canonical\" href=\"https:\/\/pravnapomoc.org\/\u043a\u0430\u043d\u0446\u0435\u043b\u0430\u0440\u0438\u0458\u0435\/\u043d\u0438\u0448\/\" \/>\n<meta property=\"og:locale\" content=\"en_US\" \/>\n<meta property=\"og:type\" content=\"article\" \/>\n<meta property=\"og:title\" content=\"Ni\u0161 - Free legal aid\" \/>\n<meta property=\"og:description\" content=\"[vc_row css_animation=&#8221;&#8221; row_type=&#8221;row&#8221; use_row_as_full_screen_section=&#8221;no&#8221; type=&#8221;full_width&#8221; angled_section=&#8221;no&#8221; text_align=&#8221;left&#8221; background_image_as_pattern=&#8221;without_pattern&#8221;][vc_column css=&#8221;.vc_custom_1502271325232{margin-bottom: 40px !important;}&#8221;][vc_column_text el_class=&#8221;office-title&#8221;] Office NI\u0160 Strahinji\u0107a Bana 8 [\/vc_column_text][\/vc_column][\/vc_row][vc_row css_animation=&#8221;&#8221; row_type=&#8221;row&#8221; use_row_as_full_screen_section=&#8221;no&#8221; type=&#8221;full_width&#8221; angled_section=&#8221;no&#8221; text_align=&#8221;left&#8221; background_image_as_pattern=&#8221;without_pattern&#8221; el_class=&#8221;office-line&#8221; css=&#8221;.vc_custom_1502272070354{margin-bottom: 40px !important;}&#8221;][vc_column width=&#8221;1\/6&#8243;][vc_single_image image=&#8221;2636&#8243; img_size=&#8221;150&#215;250&#8243; qode_css_animation=&#8221;&#8221;][\/vc_column][vc_column width=&#8221;5\/6&#8243; css=&#8221;.vc_custom_1502271835968{padding-top: 30px !important;}&#8221;][vc_column_text el_class=&#8221;office-info-text-title&#8221;]\u017darko Gaji\u0107 Senior Legal Expert[\/vc_column_text][vc_column_text el_class=&#8221;office-info-text&#8221;]Born in Pri\u0161tina,...\" \/>\n<meta property=\"og:url\" content=\"https:\/\/pravnapomoc.org\/\u043a\u0430\u043d\u0446\u0435\u043b\u0430\u0440\u0438\u0458\u0435\/\u043d\u0438\u0448\/\" \/>\n<meta property=\"og:site_name\" content=\"Free legal aid\" \/>\n<meta name=\"twitter:card\" content=\"summary_large_image\" \/>\n<meta name=\"twitter:label1\" content=\"Est. reading time\" \/>\n\t<meta name=\"twitter:data1\" content=\"3 minutes\" \/>\n<script type=\"application\/ld+json\" class=\"yoast-schema-graph\">{\"@context\":\"https:\\\/\\\/schema.org\",\"@graph\":[{\"@type\":\"WebPage\",\"@id\":\"https:\\\/\\\/pravnapomoc.org\\\/%d0%ba%d0%b0%d0%bd%d1%86%d0%b5%d0%bb%d0%b0%d1%80%d0%b8%d1%98%d0%b5\\\/%d0%bd%d0%b8%d1%88\\\/\",\"url\":\"https:\\\/\\\/pravnapomoc.org\\\/%d0%ba%d0%b0%d0%bd%d1%86%d0%b5%d0%bb%d0%b0%d1%80%d0%b8%d1%98%d0%b5\\\/%d0%bd%d0%b8%d1%88\\\/\",\"name\":\"Ni\u0161 - Free legal aid\",\"isPartOf\":{\"@id\":\"https:\\\/\\\/pravnapomoc.org\\\/#website\"},\"datePublished\":\"2017-09-04T10:21:34+00:00\",\"breadcrumb\":{\"@id\":\"https:\\\/\\\/pravnapomoc.org\\\/%d0%ba%d0%b0%d0%bd%d1%86%d0%b5%d0%bb%d0%b0%d1%80%d0%b8%d1%98%d0%b5\\\/%d0%bd%d0%b8%d1%88\\\/#breadcrumb\"},\"inLanguage\":\"en-US\",\"potentialAction\":[{\"@type\":\"ReadAction\",\"target\":[\"https:\\\/\\\/pravnapomoc.org\\\/%d0%ba%d0%b0%d0%bd%d1%86%d0%b5%d0%bb%d0%b0%d1%80%d0%b8%d1%98%d0%b5\\\/%d0%bd%d0%b8%d1%88\\\/\"]}]},{\"@type\":\"BreadcrumbList\",\"@id\":\"https:\\\/\\\/pravnapomoc.org\\\/%d0%ba%d0%b0%d0%bd%d1%86%d0%b5%d0%bb%d0%b0%d1%80%d0%b8%d1%98%d0%b5\\\/%d0%bd%d0%b8%d1%88\\\/#breadcrumb\",\"itemListElement\":[{\"@type\":\"ListItem\",\"position\":1,\"name\":\"Home\",\"item\":\"https:\\\/\\\/pravnapomoc.org\\\/en\\\/\"},{\"@type\":\"ListItem\",\"position\":2,\"name\":\"Ni\u0161\"}]},{\"@type\":\"WebSite\",\"@id\":\"https:\\\/\\\/pravnapomoc.org\\\/#website\",\"url\":\"https:\\\/\\\/pravnapomoc.org\\\/\",\"name\":\"Free legal aid\",\"description\":\"Promotion and the protection of property rights of internally displaced persons, refugees and returnees upon readmission agreements\",\"potentialAction\":[{\"@type\":\"SearchAction\",\"target\":{\"@type\":\"EntryPoint\",\"urlTemplate\":\"https:\\\/\\\/pravnapomoc.org\\\/?s={search_term_string}\"},\"query-input\":{\"@type\":\"PropertyValueSpecification\",\"valueRequired\":true,\"valueName\":\"search_term_string\"}}],\"inLanguage\":\"en-US\"}]}<\/script>\n<!-- \/ Yoast SEO plugin. -->","yoast_head_json":{"title":"Ni\u0161 - Free legal aid","robots":{"index":"index","follow":"follow","max-snippet":"max-snippet:-1","max-image-preview":"max-image-preview:large","max-video-preview":"max-video-preview:-1"},"canonical":"https:\/\/pravnapomoc.org\/\u043a\u0430\u043d\u0446\u0435\u043b\u0430\u0440\u0438\u0458\u0435\/\u043d\u0438\u0448\/","og_locale":"en_US","og_type":"article","og_title":"Ni\u0161 - Free legal aid","og_description":"[vc_row css_animation=&#8221;&#8221; row_type=&#8221;row&#8221; use_row_as_full_screen_section=&#8221;no&#8221; type=&#8221;full_width&#8221; angled_section=&#8221;no&#8221; text_align=&#8221;left&#8221; background_image_as_pattern=&#8221;without_pattern&#8221;][vc_column css=&#8221;.vc_custom_1502271325232{margin-bottom: 40px !important;}&#8221;][vc_column_text el_class=&#8221;office-title&#8221;] Office NI\u0160 Strahinji\u0107a Bana 8 [\/vc_column_text][\/vc_column][\/vc_row][vc_row css_animation=&#8221;&#8221; row_type=&#8221;row&#8221; use_row_as_full_screen_section=&#8221;no&#8221; type=&#8221;full_width&#8221; angled_section=&#8221;no&#8221; text_align=&#8221;left&#8221; background_image_as_pattern=&#8221;without_pattern&#8221; el_class=&#8221;office-line&#8221; css=&#8221;.vc_custom_1502272070354{margin-bottom: 40px !important;}&#8221;][vc_column width=&#8221;1\/6&#8243;][vc_single_image image=&#8221;2636&#8243; img_size=&#8221;150&#215;250&#8243; qode_css_animation=&#8221;&#8221;][\/vc_column][vc_column width=&#8221;5\/6&#8243; css=&#8221;.vc_custom_1502271835968{padding-top: 30px !important;}&#8221;][vc_column_text el_class=&#8221;office-info-text-title&#8221;]\u017darko Gaji\u0107 Senior Legal Expert[\/vc_column_text][vc_column_text el_class=&#8221;office-info-text&#8221;]Born in Pri\u0161tina,...","og_url":"https:\/\/pravnapomoc.org\/\u043a\u0430\u043d\u0446\u0435\u043b\u0430\u0440\u0438\u0458\u0435\/\u043d\u0438\u0448\/","og_site_name":"Free legal aid","twitter_card":"summary_large_image","twitter_misc":{"Est. reading time":"3 minutes"},"schema":{"@context":"https:\/\/schema.org","@graph":[{"@type":"WebPage","@id":"https:\/\/pravnapomoc.org\/%d0%ba%d0%b0%d0%bd%d1%86%d0%b5%d0%bb%d0%b0%d1%80%d0%b8%d1%98%d0%b5\/%d0%bd%d0%b8%d1%88\/","url":"https:\/\/pravnapomoc.org\/%d0%ba%d0%b0%d0%bd%d1%86%d0%b5%d0%bb%d0%b0%d1%80%d0%b8%d1%98%d0%b5\/%d0%bd%d0%b8%d1%88\/","name":"Ni\u0161 - Free legal aid","isPartOf":{"@id":"https:\/\/pravnapomoc.org\/#website"},"datePublished":"2017-09-04T10:21:34+00:00","breadcrumb":{"@id":"https:\/\/pravnapomoc.org\/%d0%ba%d0%b0%d0%bd%d1%86%d0%b5%d0%bb%d0%b0%d1%80%d0%b8%d1%98%d0%b5\/%d0%bd%d0%b8%d1%88\/#breadcrumb"},"inLanguage":"en-US","potentialAction":[{"@type":"ReadAction","target":["https:\/\/pravnapomoc.org\/%d0%ba%d0%b0%d0%bd%d1%86%d0%b5%d0%bb%d0%b0%d1%80%d0%b8%d1%98%d0%b5\/%d0%bd%d0%b8%d1%88\/"]}]},{"@type":"BreadcrumbList","@id":"https:\/\/pravnapomoc.org\/%d0%ba%d0%b0%d0%bd%d1%86%d0%b5%d0%bb%d0%b0%d1%80%d0%b8%d1%98%d0%b5\/%d0%bd%d0%b8%d1%88\/#breadcrumb","itemListElement":[{"@type":"ListItem","position":1,"name":"Home","item":"https:\/\/pravnapomoc.org\/en\/"},{"@type":"ListItem","position":2,"name":"Ni\u0161"}]},{"@type":"WebSite","@id":"https:\/\/pravnapomoc.org\/#website","url":"https:\/\/pravnapomoc.org\/","name":"Free legal aid","description":"Promotion and the protection of property rights of internally displaced persons, refugees and returnees upon readmission agreements","potentialAction":[{"@type":"SearchAction","target":{"@type":"EntryPoint","urlTemplate":"https:\/\/pravnapomoc.org\/?s={search_term_string}"},"query-input":{"@type":"PropertyValueSpecification","valueRequired":true,"valueName":"search_term_string"}}],"inLanguage":"en-US"}]}},"_links":{"self":[{"href":"https:\/\/pravnapomoc.org\/en\/wp-json\/wp\/v2\/pages\/2884","targetHints":{"allow":["GET"]}}],"collection":[{"href":"https:\/\/pravnapomoc.org\/en\/wp-json\/wp\/v2\/pages"}],"about":[{"href":"https:\/\/pravnapomoc.org\/en\/wp-json\/wp\/v2\/types\/page"}],"author":[{"embeddable":true,"href":"https:\/\/pravnapomoc.org\/en\/wp-json\/wp\/v2\/users\/2"}],"replies":[{"embeddable":true,"href":"https:\/\/pravnapomoc.org\/en\/wp-json\/wp\/v2\/comments?post=2884"}],"version-history":[{"count":1,"href":"https:\/\/pravnapomoc.org\/en\/wp-json\/wp\/v2\/pages\/2884\/revisions"}],"predecessor-version":[{"id":2885,"href":"https:\/\/pravnapomoc.org\/en\/wp-json\/wp\/v2\/pages\/2884\/revisions\/2885"}],"wp:attachment":[{"href":"https:\/\/pravnapomoc.org\/en\/wp-json\/wp\/v2\/media?parent=2884"}],"curies":[{"name":"wp","href":"https:\/\/api.w.org\/{rel}","templated":true}]}}